{"id":12792,"date":"2026-01-24T12:31:25","date_gmt":"2026-01-24T12:31:25","guid":{"rendered":"https:\/\/bikefirst.nl\/rex-cycling-products\/"},"modified":"2026-04-02T07:26:19","modified_gmt":"2026-04-02T07:26:19","slug":"rex-cycling-products","status":"publish","type":"page","link":"https:\/\/bikefirst.nl\/it\/rex-cycling-products\/","title":{"rendered":"REX Cycling Products"},"content":{"rendered":"\t\t<div data-elementor-type=\"wp-page\" data-elementor-id=\"12792\" class=\"elementor elementor-12792 elementor-12200\" data-elementor-post-type=\"page\">\n\t\t\t\t\t\t<section class=\"elementor-section elementor-top-section elementor-element elementor-element-0f8f333 elementor-section-boxed elementor-section-height-default elementor-section-height-default\" data-id=\"0f8f333\" data-element_type=\"section\" data-e-type=\"section\">\n\t\t\t\t\t\t<div class=\"elementor-container elementor-column-gap-default\">\n\t\t\t\t\t<div class=\"elementor-column elementor-col-100 elementor-top-column elementor-element elementor-element-ee9ddc2\" data-id=\"ee9ddc2\" data-element_type=\"column\" data-e-type=\"column\">\n\t\t\t<div class=\"elementor-widget-wrap elementor-element-populated\">\n\t\t\t\t\t\t<div class=\"elementor-element elementor-element-d4dcbab elementor-widget elementor-widget-text-editor\" data-id=\"d4dcbab\" data-element_type=\"widget\" data-e-type=\"widget\" data-widget_type=\"text-editor.default\">\n\t\t\t\t<div class=\"elementor-widget-container\">\n\t\t\t\t\t\t\t\t\t<h3 data-start=\"983\" data-end=\"1053\">Prodotti per la manutenzione funzionali e di alta qualit\u00e0 sviluppati in Finlandia<\/h3><p data-start=\"1055\" data-end=\"1304\">REX Cycling Products rappresenta una gamma accuratamente selezionata di soluzioni per la cura e la lubrificazione delle biciclette sviluppate da Rex, un produttore finlandese con una lunga storia di competenza nella scienza dei materiali e nella tecnologia delle cere.<\/p><p data-start=\"1306\" data-end=\"1683\">Originariamente conosciuta per le cere da sci e le tecnologie di scorrimento ad alte prestazioni, Rex ha applicato la sua avanzata esperienza in paraffine e lubrificanti ai prodotti per il ciclismo con risultati eccezionali. La gamma ciclistica include lubrificanti per catene, cere a caldo, detergenti e grassi per assemblaggio, tutti progettati per basso attrito, pulizia e prestazioni durature. <\/p><hr data-start=\"1685\" data-end=\"1688\"><h3 data-start=\"1690\" data-end=\"1711\">Posizionamento del marchio<\/h3><p data-start=\"1713\" data-end=\"1932\">I prodotti ciclismo REX sono posizionati nel <strong data-start=\"1756\" data-end=\"1803\">segmento premium di manutenzione e lubrificazione<\/strong>, rivolti a ciclisti, officine e rivenditori che apprezzano soluzioni affidabili e tecnicamente efficaci rispetto a oli e grassi generici.<\/p><p data-start=\"1934\" data-end=\"1966\">La gamma di prodotti beneficia di:<\/p><ul><li data-start=\"1969\" data-end=\"2015\">Competenza nella chimica a base di paraffina e cera<\/li><li data-start=\"1969\" data-end=\"2015\">Ingegneria finlandese e produzione di qualit\u00e0<\/li><li data-start=\"1969\" data-end=\"2015\">Prodotti sviluppati per funzionare in condizioni impegnative<\/li><\/ul><p data-start=\"2126\" data-end=\"2174\">Questo rende la gamma particolarmente interessante per:<\/p><ul><li data-start=\"2177\" data-end=\"2197\">Negozi di biciclette premium<\/li><li data-start=\"2177\" data-end=\"2197\">Centri di assistenza<\/li><li data-start=\"2177\" data-end=\"2197\">Ciclisti appassionati<\/li><li data-start=\"2177\" data-end=\"2197\">Officine alla ricerca di prodotti per la manutenzione differenziati<\/li><\/ul><hr data-start=\"2301\" data-end=\"2304\"><h3 data-start=\"2306\" data-end=\"2334\">A chi sono destinati i prodotti REX<\/h3><p data-start=\"2336\" data-end=\"2378\">I prodotti ciclismo REX sono particolarmente adatti per:<\/p><ul><li data-start=\"2381\" data-end=\"2458\">Rivenditori che vogliono offrire prodotti di finitura e manutenzione di alta qualit\u00e0<\/li><li data-start=\"2381\" data-end=\"2458\">Officine che necessitano di lubrificanti e detergenti affidabili<\/li><li data-start=\"2381\" data-end=\"2458\">Appassionati e clienti che apprezzano soluzioni di cura tecnicamente sofisticate<\/li><\/ul><p data-start=\"2603\" data-end=\"2753\">Invece di spray e oli generici, i prodotti REX offrono alternative orientate alle prestazioni che mantengono le trasmissioni pi\u00f9 fluide, pulite e meglio protette.<\/p><hr data-start=\"2755\" data-end=\"2758\"><h3 data-start=\"2760\" data-end=\"2779\">BikeFirst &amp; REX<\/h3><p data-start=\"2781\" data-end=\"2923\">BikeFirst rappresenta i prodotti ciclismo REX con enfasi sull&#8217;integrit\u00e0 del prodotto, la comunicazione tecnica e il posizionamento strategico nel mercato aftermarket.<\/p><p data-start=\"2925\" data-end=\"2942\">Il mio ruolo include:<\/p><ul><li data-start=\"2945\" data-end=\"2996\">Sviluppo di mercato e territorio per i prodotti REX<\/li><li data-start=\"2945\" data-end=\"2996\">Supporto ai rivenditori<\/li><li data-start=\"2945\" data-end=\"2996\">Formazione di categoria e guida tecnica<\/li><li data-start=\"2945\" data-end=\"2996\">Posizionamento strategico nel segmento premium della manutenzione<\/li><\/ul><p data-start=\"3144\" data-end=\"3276\">Supporto i partner nel portare le soluzioni di ingegneria finlandese di REX nei mercati dove qualit\u00e0, prestazioni e differenziazione contano.<\/p><hr data-start=\"3278\" data-end=\"3281\"><h3 data-start=\"3283\" data-end=\"3312\">Lavorare con i prodotti REX<\/h3><p data-start=\"3314\" data-end=\"3431\">Le partnership con REX Cycling Products si basano su un impegno condiviso per la qualit\u00e0 del prodotto e la collaborazione a lungo termine.<\/p><p data-start=\"3433\" data-end=\"3588\">Se sei un distributore o rivenditore interessato a offrire le soluzioni di cura e lubrificazione ciclismo REX, sar\u00f2 lieto di esplorare se c&#8217;\u00e8 una buona compatibilit\u00e0.<\/p><p data-start=\"3590\" data-end=\"3621\"><a href=\"https:\/\/bikefirst.nl\/it\/contatti\/\"><strong data-start=\"3590\" data-end=\"3621\">[Discuti una partnership REX]<\/strong><\/a><\/p><p data-start=\"3590\" data-end=\"3621\"> <\/p>\t\t\t\t\t\t\t\t<\/div>\n\t\t\t\t<\/div>\n\t\t\t\t\t<\/div>\n\t\t<\/div>\n\t\t\t\t\t<\/div>\n\t\t<\/section>\n\t\t\t\t<\/div>\n\t\t","protected":false},"excerpt":{"rendered":"<p>Prodotti per la manutenzione funzionali e di alta qualit\u00e0 sviluppati in Finlandia REX Cycling Products rappresenta una gamma accuratamente selezionata di soluzioni per la cura e la lubrificazione delle biciclette sviluppate da Rex, un produttore finlandese con una lunga storia di competenza nella scienza dei materiali e nella tecnologia delle cere. Originariamente conosciuta per le cere da sci e le tecnologie di scorrimento ad alte prestazioni, Rex ha applicato la sua avanzata esperienza in paraffine [&hellip;]<\/p>\n","protected":false},"author":1,"featured_media":12794,"parent":0,"menu_order":0,"comment_status":"closed","ping_status":"closed","template":"","meta":{"inspiro_page_layout":"narrow","inspiro_hide_title":false,"footnotes":"","_links_to":"","_links_to_target":""},"class_list":["post-12792","page","type-page","status-publish","has-post-thumbnail","hentry"],"featured_media_urls":{"thumbnail":["https:\/\/bikefirst.nl\/wp-content\/uploads\/2026\/02\/REX-Bike-Care-150x150.jpg",150,150,true],"medium":["https:\/\/bikefirst.nl\/wp-content\/uploads\/2026\/02\/REX-Bike-Care-300x114.jpg",300,114,true],"medium_large":["https:\/\/bikefirst.nl\/wp-content\/uploads\/2026\/02\/REX-Bike-Care-768x291.jpg",768,291,true],"large":["https:\/\/bikefirst.nl\/wp-content\/uploads\/2026\/02\/REX-Bike-Care-1024x389.jpg",930,353,true],"1536x1536":["https:\/\/bikefirst.nl\/wp-content\/uploads\/2026\/02\/REX-Bike-Care.jpg",1162,441,false],"2048x2048":["https:\/\/bikefirst.nl\/wp-content\/uploads\/2026\/02\/REX-Bike-Care.jpg",1162,441,false],"featured":["https:\/\/bikefirst.nl\/wp-content\/uploads\/2026\/02\/REX-Bike-Care.jpg",1162,441,false],"featured@2x":["https:\/\/bikefirst.nl\/wp-content\/uploads\/2026\/02\/REX-Bike-Care.jpg",1162,441,false],"featured-small":["https:\/\/bikefirst.nl\/wp-content\/uploads\/2026\/02\/REX-Bike-Care-1000x380.jpg",1000,380,true],"recent-thumbnail":["https:\/\/bikefirst.nl\/wp-content\/uploads\/2026\/02\/REX-Bike-Care-345x192.jpg",345,192,true],"recent-thumbnail-retina":["https:\/\/bikefirst.nl\/wp-content\/uploads\/2026\/02\/REX-Bike-Care-690x384.jpg",690,384,true],"woo-featured":["https:\/\/bikefirst.nl\/wp-content\/uploads\/2026\/02\/REX-Bike-Care-280x280.jpg",280,280,true],"entry-cover":["https:\/\/bikefirst.nl\/wp-content\/uploads\/2026\/02\/REX-Bike-Care.jpg",1162,441,false],"entry-cover@2x":["https:\/\/bikefirst.nl\/wp-content\/uploads\/2026\/02\/REX-Bike-Care.jpg",1162,441,false],"loop":["https:\/\/bikefirst.nl\/wp-content\/uploads\/2026\/02\/REX-Bike-Care-950x320.jpg",950,320,true],"loop@2x":["https:\/\/bikefirst.nl\/wp-content\/uploads\/2026\/02\/REX-Bike-Care.jpg",1162,441,false],"portfolio-scroller-widget":["https:\/\/bikefirst.nl\/wp-content\/uploads\/2026\/02\/REX-Bike-Care.jpg",1162,441,false],"portfolio_item-thumbnail":["https:\/\/bikefirst.nl\/wp-content\/uploads\/2026\/02\/REX-Bike-Care.jpg",600,228,false],"portfolio_item-thumbnail@2x":["https:\/\/bikefirst.nl\/wp-content\/uploads\/2026\/02\/REX-Bike-Care.jpg",1162,441,false],"portfolio_item-masonry":["https:\/\/bikefirst.nl\/wp-content\/uploads\/2026\/02\/REX-Bike-Care.jpg",600,228,false],"portfolio_item-thumbnail_wide":["https:\/\/bikefirst.nl\/wp-content\/uploads\/2026\/02\/REX-Bike-Care.jpg",1162,441,false],"portfolio_item-thumbnail_wide_cinema":["https:\/\/bikefirst.nl\/wp-content\/uploads\/2026\/02\/REX-Bike-Care.jpg",1162,441,false],"portfolio_item-thumbnail_cinema":["https:\/\/bikefirst.nl\/wp-content\/uploads\/2026\/02\/REX-Bike-Care.jpg",800,304,false],"portfolio_item-thumbnail_portrait":["https:\/\/bikefirst.nl\/wp-content\/uploads\/2026\/02\/REX-Bike-Care.jpg",600,228,false],"portfolio_item-thumbnail_square":["https:\/\/bikefirst.nl\/wp-content\/uploads\/2026\/02\/REX-Bike-Care.jpg",800,304,false],"portfolio_item-masonry@2x":["https:\/\/bikefirst.nl\/wp-content\/uploads\/2026\/02\/REX-Bike-Care.jpg",1162,441,false],"portfolio_item-thumbnail_portrait@2x":["https:\/\/bikefirst.nl\/wp-content\/uploads\/2026\/02\/REX-Bike-Care.jpg",1162,441,false]},"_links":{"self":[{"href":"https:\/\/bikefirst.nl\/it\/wp-json\/wp\/v2\/pages\/12792","targetHints":{"allow":["GET"]}}],"collection":[{"href":"https:\/\/bikefirst.nl\/it\/wp-json\/wp\/v2\/pages"}],"about":[{"href":"https:\/\/bikefirst.nl\/it\/wp-json\/wp\/v2\/types\/page"}],"author":[{"embeddable":true,"href":"https:\/\/bikefirst.nl\/it\/wp-json\/wp\/v2\/users\/1"}],"replies":[{"embeddable":true,"href":"https:\/\/bikefirst.nl\/it\/wp-json\/wp\/v2\/comments?post=12792"}],"version-history":[{"count":1,"href":"https:\/\/bikefirst.nl\/it\/wp-json\/wp\/v2\/pages\/12792\/revisions"}],"predecessor-version":[{"id":12795,"href":"https:\/\/bikefirst.nl\/it\/wp-json\/wp\/v2\/pages\/12792\/revisions\/12795"}],"wp:featuredmedia":[{"embeddable":true,"href":"https:\/\/bikefirst.nl\/it\/wp-json\/wp\/v2\/media\/12794"}],"wp:attachment":[{"href":"https:\/\/bikefirst.nl\/it\/wp-json\/wp\/v2\/media?parent=12792"}],"curies":[{"name":"wp","href":"https:\/\/api.w.org\/{rel}","templated":true}]}}