{"id":12779,"date":"2026-01-24T12:19:55","date_gmt":"2026-01-24T12:19:55","guid":{"rendered":"https:\/\/bikefirst.nl\/abbigliamento-ciclismo-santini\/"},"modified":"2026-04-02T07:25:47","modified_gmt":"2026-04-02T07:25:47","slug":"abbigliamento-ciclismo-santini","status":"publish","type":"page","link":"https:\/\/bikefirst.nl\/it\/abbigliamento-ciclismo-santini\/","title":{"rendered":"Abbigliamento ciclismo Santini"},"content":{"rendered":"\t\t<div data-elementor-type=\"wp-page\" data-elementor-id=\"12779\" class=\"elementor elementor-12779 elementor-12186\" data-elementor-post-type=\"page\">\n\t\t\t\t\t\t<section class=\"elementor-section elementor-top-section elementor-element elementor-element-5be20c3 elementor-section-boxed elementor-section-height-default elementor-section-height-default\" data-id=\"5be20c3\" data-element_type=\"section\" data-e-type=\"section\">\n\t\t\t\t\t\t<div class=\"elementor-container elementor-column-gap-default\">\n\t\t\t\t\t<div class=\"elementor-column elementor-col-100 elementor-top-column elementor-element elementor-element-43b047c\" data-id=\"43b047c\" data-element_type=\"column\" data-e-type=\"column\">\n\t\t\t<div class=\"elementor-widget-wrap elementor-element-populated\">\n\t\t\t\t\t\t<div class=\"elementor-element elementor-element-2aa82d0 elementor-widget elementor-widget-text-editor\" data-id=\"2aa82d0\" data-element_type=\"widget\" data-e-type=\"widget\" data-widget_type=\"text-editor.default\">\n\t\t\t\t<div class=\"elementor-widget-container\">\n\t\t\t\t\t\t\t\t\t<hr data-start=\"465\" data-end=\"468\">\n<h3 data-start=\"527\" data-end=\"584\">Abbigliamento performante dal cuore del ciclismo italiano<\/h3>\n<p data-start=\"586\" data-end=\"883\">Santini \u00e8 un marchio premium italiano di abbigliamento ciclismo con radici profonde nel ciclismo professionistico e nello sviluppo di prodotti orientati alla performance. Fondata a Bergamo, Santini produce abbigliamento tecnico da ciclismo da decenni, combinando materiali avanzati, vestibilit\u00e0 raffinata ed esperienza produttiva interna. <\/p>\n<p data-start=\"885\" data-end=\"1040\">Con una forte presenza nel ciclismo professionistico e un&#8217;attenzione costante all&#8217;innovazione, Santini rappresenta un punto di riferimento nell&#8217;abbigliamento ciclismo ad alte prestazioni.<\/p>\n<p data-start=\"885\" data-end=\"1040\">Come fornitore ufficiale delle maglie leader per le gare UCI WorldTour come il Tour de France e il Giro d&#8217;Italia, Santini opera ai massimi livelli del ciclismo professionistico.<\/p>\n<hr data-start=\"1042\" data-end=\"1045\">\n<h3 data-start=\"1047\" data-end=\"1068\">Posizionamento del marchio<\/h3>\n<p data-start=\"1070\" data-end=\"1205\">Santini si posiziona nel <strong data-start=\"1099\" data-end=\"1138\">segmento premium dell&#8217;abbigliamento performante<\/strong>, con un chiaro focus su funzionalit\u00e0, durata ed esperienza del ciclista.<\/p>\n<p data-start=\"1207\" data-end=\"1241\">Gli elementi chiave del marchio includono:<\/p>\n<ul>\n<li data-start=\"1244\" data-end=\"1284\">Design italiano e produzione interna<\/li>\n<li data-start=\"1244\" data-end=\"1284\">Profonda competenza in tessuti tecnici e costruzione dei capi<\/li>\n<li data-start=\"1244\" data-end=\"1284\">Performance comprovate nel ciclismo professionistico e competitivo<\/li>\n<li data-start=\"1244\" data-end=\"1284\">Una gamma ampia ma coerente che copre strada, gravel e ciclismo di resistenza<\/li>\n<\/ul>\n<p data-start=\"1489\" data-end=\"1583\">I prodotti Santini sono sviluppati per ciclisti che richiedono performance e affidabilit\u00e0, non tendenze.<\/p>\n<hr data-start=\"1585\" data-end=\"1588\">\n<h3 data-start=\"1590\" data-end=\"1612\">Per chi \u00e8 Santini<\/h3>\n<p data-start=\"1614\" data-end=\"1642\">Santini \u00e8 ideale per:<\/p>\n<ul>\n<li data-start=\"1645\" data-end=\"1700\">Negozi di biciclette orientati alla performance e rivenditori premium<\/li>\n<li data-start=\"1645\" data-end=\"1700\">Rivenditori che servono ciclisti seri ed appassionati<\/li>\n<li data-start=\"1645\" data-end=\"1700\">Rivenditori che desiderano completare marchi di biciclette di fascia alta con abbigliamento tecnico<\/li>\n<li data-start=\"1645\" data-end=\"1700\">Negozi che valorizzano la conoscenza del prodotto, l&#8217;esperienza nella vestibilit\u00e0 e le relazioni a lungo termine con i clienti<\/li>\n<\/ul>\n<p data-start=\"1930\" data-end=\"2023\">Santini performa al meglio in ambienti dove l&#8217;abbigliamento \u00e8 trattato come <strong data-start=\"1996\" data-end=\"2009\">equipaggiamento<\/strong>, non moda.<\/p>\n<hr data-start=\"2025\" data-end=\"2028\">\n<h3 data-start=\"2030\" data-end=\"2053\">BikeFirst e Santini<\/h3>\n<p data-start=\"2055\" data-end=\"2176\">BikeFirst rappresenta Santini nell&#8217;aftermarket con un focus sulla costruzione del marchio a lungo termine e sulla presenza sostenibile sul mercato.<\/p>\n<p data-start=\"2178\" data-end=\"2195\">Il mio ruolo include:<\/p>\n<ul>\n<li data-start=\"2198\" data-end=\"2232\">Sviluppo del mercato e del territorio<\/li>\n<li data-start=\"2198\" data-end=\"2232\">Supporto ai rivenditori<\/li>\n<li data-start=\"2198\" data-end=\"2232\">Coordinamento delle vendite e gestione degli account<\/li>\n<li data-start=\"2198\" data-end=\"2232\">Posizionamento strategico nel segmento dell&#8217;abbigliamento premium<\/li>\n<li data-start=\"2198\" data-end=\"2232\">Allineamento tra marchio, rivenditori e feedback del mercato<\/li>\n<\/ul>\n<p data-start=\"2438\" data-end=\"2628\">La stretta connessione geografica e culturale tra Santini e 3T nel portfolio BikeFirst consente un approccio coerente e orientato alla performance verso il mercato.<\/p>\n<hr data-start=\"2630\" data-end=\"2633\">\n<h3 data-start=\"2635\" data-end=\"2659\">Lavorare con Santini<\/h3>\n<p data-start=\"2661\" data-end=\"2782\">Le partnership con Santini sono costruite in modo selettivo, con un forte focus su qualit\u00e0, impegno e collaborazione a lungo termine.<\/p>\n<p data-start=\"2784\" data-end=\"2922\">Se sei un rivenditore interessato a lavorare con Santini Cycling Wear, sar\u00f2 felice di esplorare se c&#8217;\u00e8 una buona compatibilit\u00e0.<\/p>\n<p data-start=\"2924\" data-end=\"2959\"><a href=\"https:\/\/bikefirst.nl\/it\/contatti\/\"><strong data-start=\"2924\" data-end=\"2959\">[Discuti una partnership Santini]<\/strong><\/a><\/p>\n<p data-start=\"2924\" data-end=\"2959\"> <\/p>\t\t\t\t\t\t\t\t<\/div>\n\t\t\t\t<\/div>\n\t\t\t\t\t<\/div>\n\t\t<\/div>\n\t\t\t\t\t<\/div>\n\t\t<\/section>\n\t\t\t\t<\/div>\n\t\t","protected":false},"excerpt":{"rendered":"<p>Abbigliamento performante dal cuore del ciclismo italiano Santini \u00e8 un marchio premium italiano di abbigliamento ciclismo con radici profonde nel ciclismo professionistico e nello sviluppo di prodotti orientati alla performance. Fondata a Bergamo, Santini produce abbigliamento tecnico da ciclismo da decenni, combinando materiali avanzati, vestibilit\u00e0 raffinata ed esperienza produttiva interna. Con una forte presenza nel ciclismo professionistico e un&#8217;attenzione costante all&#8217;innovazione, Santini rappresenta un punto di riferimento nell&#8217;abbigliamento ciclismo ad alte prestazioni. Come fornitore ufficiale [&hellip;]<\/p>\n","protected":false},"author":1,"featured_media":12780,"parent":0,"menu_order":0,"comment_status":"closed","ping_status":"closed","template":"","meta":{"inspiro_page_layout":"narrow","inspiro_hide_title":false,"footnotes":"","_links_to":"","_links_to_target":""},"class_list":["post-12779","page","type-page","status-publish","has-post-thumbnail","hentry"],"featured_media_urls":{"thumbnail":["https:\/\/bikefirst.nl\/wp-content\/uploads\/2026\/03\/27362293b5a64bf7b088d757e7903e835cfffd6c-150x150.jpg",150,150,true],"medium":["https:\/\/bikefirst.nl\/wp-content\/uploads\/2026\/03\/27362293b5a64bf7b088d757e7903e835cfffd6c-300x152.jpg",300,152,true],"medium_large":["https:\/\/bikefirst.nl\/wp-content\/uploads\/2026\/03\/27362293b5a64bf7b088d757e7903e835cfffd6c-768x390.jpg",768,390,true],"large":["https:\/\/bikefirst.nl\/wp-content\/uploads\/2026\/03\/27362293b5a64bf7b088d757e7903e835cfffd6c-1024x520.jpg",930,472,true],"1536x1536":["https:\/\/bikefirst.nl\/wp-content\/uploads\/2026\/03\/27362293b5a64bf7b088d757e7903e835cfffd6c-1536x780.jpg",1536,780,true],"2048x2048":["https:\/\/bikefirst.nl\/wp-content\/uploads\/2026\/03\/27362293b5a64bf7b088d757e7903e835cfffd6c.jpg",1960,995,false],"featured":["https:\/\/bikefirst.nl\/wp-content\/uploads\/2026\/03\/27362293b5a64bf7b088d757e7903e835cfffd6c.jpg",1960,995,false],"featured@2x":["https:\/\/bikefirst.nl\/wp-content\/uploads\/2026\/03\/27362293b5a64bf7b088d757e7903e835cfffd6c.jpg",1960,995,false],"featured-small":["https:\/\/bikefirst.nl\/wp-content\/uploads\/2026\/03\/27362293b5a64bf7b088d757e7903e835cfffd6c-1000x508.jpg",1000,508,true],"recent-thumbnail":["https:\/\/bikefirst.nl\/wp-content\/uploads\/2026\/03\/27362293b5a64bf7b088d757e7903e835cfffd6c-345x192.jpg",345,192,true],"recent-thumbnail-retina":["https:\/\/bikefirst.nl\/wp-content\/uploads\/2026\/03\/27362293b5a64bf7b088d757e7903e835cfffd6c-690x384.jpg",690,384,true],"woo-featured":["https:\/\/bikefirst.nl\/wp-content\/uploads\/2026\/03\/27362293b5a64bf7b088d757e7903e835cfffd6c-280x280.jpg",280,280,true],"entry-cover":["https:\/\/bikefirst.nl\/wp-content\/uploads\/2026\/03\/27362293b5a64bf7b088d757e7903e835cfffd6c-1800x914.jpg",1800,914,true],"entry-cover@2x":["https:\/\/bikefirst.nl\/wp-content\/uploads\/2026\/03\/27362293b5a64bf7b088d757e7903e835cfffd6c.jpg",1960,995,false],"loop":["https:\/\/bikefirst.nl\/wp-content\/uploads\/2026\/03\/27362293b5a64bf7b088d757e7903e835cfffd6c-950x320.jpg",950,320,true],"loop@2x":["https:\/\/bikefirst.nl\/wp-content\/uploads\/2026\/03\/27362293b5a64bf7b088d757e7903e835cfffd6c-1900x640.jpg",1900,640,true],"portfolio-scroller-widget":["https:\/\/bikefirst.nl\/wp-content\/uploads\/2026\/03\/27362293b5a64bf7b088d757e7903e835cfffd6c-1103x560.jpg",1103,560,true],"portfolio_item-thumbnail":["https:\/\/bikefirst.nl\/wp-content\/uploads\/2026\/03\/27362293b5a64bf7b088d757e7903e835cfffd6c.jpg",600,305,false],"portfolio_item-thumbnail@2x":["https:\/\/bikefirst.nl\/wp-content\/uploads\/2026\/03\/27362293b5a64bf7b088d757e7903e835cfffd6c.jpg",1200,609,false],"portfolio_item-masonry":["https:\/\/bikefirst.nl\/wp-content\/uploads\/2026\/03\/27362293b5a64bf7b088d757e7903e835cfffd6c.jpg",600,305,false],"portfolio_item-thumbnail_wide":["https:\/\/bikefirst.nl\/wp-content\/uploads\/2026\/03\/27362293b5a64bf7b088d757e7903e835cfffd6c-1800x600.jpg",1800,600,true],"portfolio_item-thumbnail_wide_cinema":["https:\/\/bikefirst.nl\/wp-content\/uploads\/2026\/03\/27362293b5a64bf7b088d757e7903e835cfffd6c-1800x750.jpg",1800,750,true],"portfolio_item-thumbnail_cinema":["https:\/\/bikefirst.nl\/wp-content\/uploads\/2026\/03\/27362293b5a64bf7b088d757e7903e835cfffd6c.jpg",660,335,false],"portfolio_item-thumbnail_portrait":["https:\/\/bikefirst.nl\/wp-content\/uploads\/2026\/03\/27362293b5a64bf7b088d757e7903e835cfffd6c.jpg",600,305,false],"portfolio_item-thumbnail_square":["https:\/\/bikefirst.nl\/wp-content\/uploads\/2026\/03\/27362293b5a64bf7b088d757e7903e835cfffd6c.jpg",800,406,false],"portfolio_item-masonry@2x":["https:\/\/bikefirst.nl\/wp-content\/uploads\/2026\/03\/27362293b5a64bf7b088d757e7903e835cfffd6c.jpg",1200,609,false],"portfolio_item-thumbnail_portrait@2x":["https:\/\/bikefirst.nl\/wp-content\/uploads\/2026\/03\/27362293b5a64bf7b088d757e7903e835cfffd6c.jpg",1200,609,false]},"_links":{"self":[{"href":"https:\/\/bikefirst.nl\/it\/wp-json\/wp\/v2\/pages\/12779","targetHints":{"allow":["GET"]}}],"collection":[{"href":"https:\/\/bikefirst.nl\/it\/wp-json\/wp\/v2\/pages"}],"about":[{"href":"https:\/\/bikefirst.nl\/it\/wp-json\/wp\/v2\/types\/page"}],"author":[{"embeddable":true,"href":"https:\/\/bikefirst.nl\/it\/wp-json\/wp\/v2\/users\/1"}],"replies":[{"embeddable":true,"href":"https:\/\/bikefirst.nl\/it\/wp-json\/wp\/v2\/comments?post=12779"}],"version-history":[{"count":1,"href":"https:\/\/bikefirst.nl\/it\/wp-json\/wp\/v2\/pages\/12779\/revisions"}],"predecessor-version":[{"id":12781,"href":"https:\/\/bikefirst.nl\/it\/wp-json\/wp\/v2\/pages\/12779\/revisions\/12781"}],"wp:featuredmedia":[{"embeddable":true,"href":"https:\/\/bikefirst.nl\/it\/wp-json\/wp\/v2\/media\/12780"}],"wp:attachment":[{"href":"https:\/\/bikefirst.nl\/it\/wp-json\/wp\/v2\/media?parent=12779"}],"curies":[{"name":"wp","href":"https:\/\/api.w.org\/{rel}","templated":true}]}}