{"id":12966,"date":"2026-03-27T07:03:34","date_gmt":"2026-03-27T07:03:34","guid":{"rendered":"https:\/\/bikefirst.nl\/zuatu-cycling-shoes\/"},"modified":"2026-04-02T07:31:45","modified_gmt":"2026-04-02T07:31:45","slug":"zuatu-cycling-shoes","status":"publish","type":"page","link":"https:\/\/bikefirst.nl\/fr\/zuatu-cycling-shoes\/","title":{"rendered":"ZUATU Cycling Shoes"},"content":{"rendered":"\t\t<div data-elementor-type=\"wp-page\" data-elementor-id=\"12966\" class=\"elementor elementor-12966 elementor-12579\" data-elementor-post-type=\"page\">\n\t\t\t\t\t\t<section class=\"elementor-section elementor-top-section elementor-element elementor-element-8f5e8b1 elementor-section-boxed elementor-section-height-default elementor-section-height-default\" data-id=\"8f5e8b1\" data-element_type=\"section\" data-e-type=\"section\">\n\t\t\t\t\t\t<div class=\"elementor-container elementor-column-gap-default\">\n\t\t\t\t\t<div class=\"elementor-column elementor-col-100 elementor-top-column elementor-element elementor-element-78bb6e5\" data-id=\"78bb6e5\" data-element_type=\"column\" data-e-type=\"column\">\n\t\t\t<div class=\"elementor-widget-wrap elementor-element-populated\">\n\t\t\t\t\t\t<div class=\"elementor-element elementor-element-311ab76 elementor-widget elementor-widget-text-editor\" data-id=\"311ab76\" data-element_type=\"widget\" data-e-type=\"widget\" data-widget_type=\"text-editor.default\">\n\t\t\t\t<div class=\"elementor-widget-container\">\n\t\t\t\t\t\t\t\t\t<p data-start=\"149\" data-end=\"210\"><strong data-start=\"149\" data-end=\"210\">Ax\u00e9 sur la performance. Ajustement de pr\u00e9cision. Con\u00e7u pour aller plus loin.  <\/strong><\/p><p data-start=\"212\" data-end=\"483\">ZUATU Cycling Shoes est une marque de performance moderne sp\u00e9cialis\u00e9e dans les chaussures de cyclisme haut de gamme pour les cyclistes qui refusent de faire des compromis sur le confort, l&rsquo;efficacit\u00e9 et le design. Avec un accent marqu\u00e9 sur l&rsquo;ajustement et le transfert de puissance, ZUATU offre une alternative distinctive dans le segment premium. <\/p><hr data-start=\"485\" data-end=\"488\"><h2 data-section-id=\"12x1rnw\" data-start=\"490\" data-end=\"508\"><span role=\"text\"><strong data-start=\"493\" data-end=\"506\">Pourquoi ZUATU<\/strong><\/span><\/h2><p data-start=\"509\" data-end=\"692\">ZUATU combine l&rsquo;innovation technique avec une esth\u00e9tique \u00e9pur\u00e9e et moderne. Chaque mod\u00e8le est d\u00e9velopp\u00e9 avec une attention particuli\u00e8re aux d\u00e9tails et con\u00e7u pour une performance maximale \u2014 sur route comme sur gravel. <\/p><ul data-start=\"694\" data-end=\"974\"><li data-section-id=\"xk55do\" data-start=\"694\" data-end=\"762\"><strong data-start=\"696\" data-end=\"715\">Ajustement performant<\/strong> \u2013 con\u00e7u ergonomiquement pour un soutien optimal<\/li><li data-section-id=\"1olsigx\" data-start=\"763\" data-end=\"835\"><strong data-start=\"765\" data-end=\"793\">Transfert de puissance efficace<\/strong> \u2013 semelles carbone rigides pour un rendement maximal<\/li><li data-section-id=\"dd89ty\" data-start=\"836\" data-end=\"900\"><strong data-start=\"838\" data-end=\"859\">Mat\u00e9riaux premium<\/strong> \u2013 l\u00e9gers, durables et respirants<\/li><li data-section-id=\"10ek8qz\" data-start=\"901\" data-end=\"974\"><strong data-start=\"903\" data-end=\"920\">Design moderne<\/strong> \u2013 \u00e9pur\u00e9 et distinctif dans le segment haut de gamme<\/li><\/ul><hr data-start=\"976\" data-end=\"979\"><h2 data-section-id=\"1a6fibg\" data-start=\"981\" data-end=\"1001\"><span role=\"text\"><strong data-start=\"984\" data-end=\"999\">Positionnement<\/strong><\/span><\/h2><p data-start=\"1002\" data-end=\"1237\">ZUATU se positionne fermement dans le segment premium, ciblant les cyclistes exigeants qui valorisent \u00e0 la fois la performance et l&rsquo;esth\u00e9tique. La marque offre une alternative rafra\u00eechissante aux noms \u00e9tablis, avec un accent clair sur l&rsquo;innovation et l&rsquo;exp\u00e9rience de conduite. <\/p><p data-start=\"1239\" data-end=\"1267\">Pour les d\u00e9taillants, cela signifie :<\/p><ul data-start=\"1268\" data-end=\"1390\"><li data-section-id=\"1ax3edo\" data-start=\"1268\" data-end=\"1316\">Un produit distinctif dans votre assortiment<\/li><li data-section-id=\"rqdr4q\" data-start=\"1317\" data-end=\"1339\">Des marges attractives<\/li><li data-section-id=\"195aqce\" data-start=\"1340\" data-end=\"1390\">Un accompagnement de BikeFirst en vente et activation<\/li><\/ul><hr data-start=\"1392\" data-end=\"1395\"><h2 data-section-id=\"7nq3dl\" data-start=\"1397\" data-end=\"1418\"><span role=\"text\"><strong data-start=\"1400\" data-end=\"1416\">\u00c0 qui s&rsquo;adresse-t-il<\/strong><\/span><\/h2><p data-start=\"1419\" data-end=\"1443\">ZUATU est con\u00e7u pour :<\/p><ul data-start=\"1444\" data-end=\"1595\"><li data-section-id=\"1jnxkhs\" data-start=\"1444\" data-end=\"1473\">Les cyclistes sur route orient\u00e9s performance<\/li><li data-section-id=\"5jihq0\" data-start=\"1474\" data-end=\"1491\">Les cyclistes gravel<\/li><li data-section-id=\"niyllw\" data-start=\"1492\" data-end=\"1537\">Les amateurs ambitieux et les cyclistes comp\u00e9titifs<\/li><li data-section-id=\"cgq1s3\" data-start=\"1538\" data-end=\"1595\">Les d\u00e9taillants souhaitant se d\u00e9marquer avec des produits haut de gamme<\/li><\/ul><hr data-start=\"1597\" data-end=\"1600\"><h2 data-section-id=\"15s4eah\" data-start=\"1602\" data-end=\"1633\"><span role=\"text\"><strong data-start=\"1605\" data-end=\"1631\">Travailler avec BikeFirst<\/strong><\/span><\/h2><p data-start=\"1634\" data-end=\"1749\">En tant que partenaire BikeFirst, vous b\u00e9n\u00e9ficiez d&rsquo;un acc\u00e8s \u00e0 un portefeuille de marques soigneusement s\u00e9lectionn\u00e9es et d&rsquo;un accompagnement personnalis\u00e9 dans le Benelux.<\/p><ul data-start=\"1751\" data-end=\"1877\"><li data-section-id=\"1l7o9ep\" data-start=\"1751\" data-end=\"1799\">Contact direct et lignes de communication courtes<\/li><li data-section-id=\"2h5fft\" data-start=\"1800\" data-end=\"1841\">Accompagnement dans l&rsquo;int\u00e9gration et le positionnement<\/li><li data-section-id=\"1w8sytv\" data-start=\"1842\" data-end=\"1877\">Accent sur les partenariats \u00e0 long terme<\/li><\/ul><hr data-start=\"1879\" data-end=\"1882\"><h2 data-section-id=\"sgffdh\" data-start=\"1884\" data-end=\"1913\"><span role=\"text\"><strong data-start=\"1887\" data-end=\"1911\">Int\u00e9ress\u00e9 par ZUATU ?<\/strong><\/span><\/h2><p data-start=\"1914\" data-end=\"1976\">Vous souhaitez ajouter ZUATU \u00e0 votre assortiment ou en savoir plus ?<\/p><p data-start=\"1978\" data-end=\"2026\"><strong data-start=\"1978\" data-end=\"2026\"><a href=\"mailto:dennis@bikefirst.nl\">Contactez-nous<\/a> et d\u00e9couvrez les opportunit\u00e9s.<\/strong><\/p><h2 data-section-id=\"1wma3mu\" data-start=\"262\" data-end=\"287\"><span role=\"text\"><strong data-start=\"265\" data-end=\"285\">Inscription B2B<\/strong><\/span><\/h2><p data-start=\"288\" data-end=\"316\"><strong data-start=\"288\" data-end=\"316\">Commencez \u00e0 travailler avec ZUATU<\/strong><\/p><p data-start=\"318\" data-end=\"476\">Int\u00e9ress\u00e9 par la distribution de ZUATU Cycling Shoes dans votre magasin ?<br data-start=\"375\" data-end=\"378\">Vous pouvez directement cr\u00e9er un compte B2B et acc\u00e9der aux tarifs, \u00e0 la disponibilit\u00e9 et aux commandes.<\/p><ul data-start=\"478\" data-end=\"614\"><li data-section-id=\"8n7tps\" data-start=\"478\" data-end=\"510\">Acc\u00e8s \u00e0 la gamme compl\u00e8te de produits<\/li><li data-section-id=\"1yphwmo\" data-start=\"511\" data-end=\"544\">Tarifs et conditions revendeurs<\/li><li data-section-id=\"1prgj97\" data-start=\"545\" data-end=\"572\">Options de commande directe<\/li><li data-section-id=\"68zj5p\" data-start=\"573\" data-end=\"614\">Accompagnement de BikeFirst dans le Benelux<\/li><\/ul><p data-start=\"616\" data-end=\"690\">\ud83d\udc49 <strong data-start=\"619\" data-end=\"690\"><a href=\"https:\/\/zuatu.com\/pages\/become-retailer\">Cr\u00e9ez<\/a> votre compte B2B via <span class=\"hover:entity-accent entity-underline inline cursor-pointer align-baseline\"><span class=\"whitespace-normal\">ZUATU Cycling Shoes<\/span><\/span><\/strong><\/p><p data-start=\"1978\" data-end=\"2026\"> <\/p>\t\t\t\t\t\t\t\t<\/div>\n\t\t\t\t<\/div>\n\t\t\t\t\t<\/div>\n\t\t<\/div>\n\t\t\t\t\t<\/div>\n\t\t<\/section>\n\t\t\t\t<\/div>\n\t\t","protected":false},"excerpt":{"rendered":"<p>Ax\u00e9 sur la performance. Ajustement de pr\u00e9cision. Con\u00e7u pour aller plus loin. ZUATU Cycling Shoes est une marque de performance moderne sp\u00e9cialis\u00e9e dans les chaussures de cyclisme haut de gamme pour les cyclistes qui refusent de faire des compromis sur le confort, l&rsquo;efficacit\u00e9 et le design. Avec un accent marqu\u00e9 sur l&rsquo;ajustement et le transfert de puissance, ZUATU offre une alternative distinctive dans le segment premium. Pourquoi ZUATU ZUATU combine l&rsquo;innovation technique avec une esth\u00e9tique [&hellip;]<\/p>\n","protected":false},"author":1,"featured_media":12967,"parent":0,"menu_order":0,"comment_status":"closed","ping_status":"closed","template":"","meta":{"inspiro_page_layout":"narrow","inspiro_hide_title":false,"footnotes":"","_links_to":"","_links_to_target":""},"class_list":["post-12966","page","type-page","status-publish","has-post-thumbnail","hentry"],"featured_media_urls":{"thumbnail":["https:\/\/bikefirst.nl\/wp-content\/uploads\/2026\/03\/Domen-14.5.2025-16-scaled-e1774595732236-150x150.jpg",150,150,true],"medium":["https:\/\/bikefirst.nl\/wp-content\/uploads\/2026\/03\/Domen-14.5.2025-16-scaled-e1774595732236-300x234.jpg",300,234,true],"medium_large":["https:\/\/bikefirst.nl\/wp-content\/uploads\/2026\/03\/Domen-14.5.2025-16-scaled-e1774595732236-768x599.jpg",768,599,true],"large":["https:\/\/bikefirst.nl\/wp-content\/uploads\/2026\/03\/Domen-14.5.2025-16-scaled-e1774595732236-1024x798.jpg",930,725,true],"1536x1536":["https:\/\/bikefirst.nl\/wp-content\/uploads\/2026\/03\/Domen-14.5.2025-16-scaled-e1774595732236-1536x1197.jpg",1536,1197,true],"2048x2048":["https:\/\/bikefirst.nl\/wp-content\/uploads\/2026\/03\/Domen-14.5.2025-16-1638x2048.jpg",1638,2048,true],"featured":["https:\/\/bikefirst.nl\/wp-content\/uploads\/2026\/03\/Domen-14.5.2025-16-scaled-e1774595732236-2000x1559.jpg",2000,1559,true],"featured@2x":["https:\/\/bikefirst.nl\/wp-content\/uploads\/2026\/03\/Domen-14.5.2025-16-3000x3750.jpg",3000,3750,true],"featured-small":["https:\/\/bikefirst.nl\/wp-content\/uploads\/2026\/03\/Domen-14.5.2025-16-scaled-e1774595732236-1000x779.jpg",1000,779,true],"recent-thumbnail":["https:\/\/bikefirst.nl\/wp-content\/uploads\/2026\/03\/Domen-14.5.2025-16-scaled-e1774595732236-345x192.jpg",345,192,true],"recent-thumbnail-retina":["https:\/\/bikefirst.nl\/wp-content\/uploads\/2026\/03\/Domen-14.5.2025-16-scaled-e1774595732236-690x384.jpg",690,384,true],"woo-featured":["https:\/\/bikefirst.nl\/wp-content\/uploads\/2026\/03\/Domen-14.5.2025-16-scaled-e1774595732236-280x280.jpg",280,280,true],"entry-cover":["https:\/\/bikefirst.nl\/wp-content\/uploads\/2026\/03\/Domen-14.5.2025-16-scaled-e1774595732236-1800x1403.jpg",1800,1403,true],"entry-cover@2x":["https:\/\/bikefirst.nl\/wp-content\/uploads\/2026\/03\/Domen-14.5.2025-16-3600x4500.jpg",3600,4500,true],"loop":["https:\/\/bikefirst.nl\/wp-content\/uploads\/2026\/03\/Domen-14.5.2025-16-scaled-e1774595732236-950x320.jpg",950,320,true],"loop@2x":["https:\/\/bikefirst.nl\/wp-content\/uploads\/2026\/03\/Domen-14.5.2025-16-scaled-e1774595732236-1900x640.jpg",1900,640,true],"portfolio-scroller-widget":["https:\/\/bikefirst.nl\/wp-content\/uploads\/2026\/03\/Domen-14.5.2025-16-scaled-e1774595732236-719x560.jpg",719,560,true],"portfolio_item-thumbnail":["https:\/\/bikefirst.nl\/wp-content\/uploads\/2026\/03\/Domen-14.5.2025-16-scaled-e1774595732236-600x400.jpg",600,400,true],"portfolio_item-thumbnail@2x":["https:\/\/bikefirst.nl\/wp-content\/uploads\/2026\/03\/Domen-14.5.2025-16-scaled-e1774595732236-1200x800.jpg",1200,800,true],"portfolio_item-masonry":["https:\/\/bikefirst.nl\/wp-content\/uploads\/2026\/03\/Domen-14.5.2025-16-scaled-e1774595732236-600x468.jpg",600,468,true],"portfolio_item-thumbnail_wide":["https:\/\/bikefirst.nl\/wp-content\/uploads\/2026\/03\/Domen-14.5.2025-16-scaled-e1774595732236-1800x600.jpg",1800,600,true],"portfolio_item-thumbnail_wide_cinema":["https:\/\/bikefirst.nl\/wp-content\/uploads\/2026\/03\/Domen-14.5.2025-16-scaled-e1774595732236-1800x750.jpg",1800,750,true],"portfolio_item-thumbnail_cinema":["https:\/\/bikefirst.nl\/wp-content\/uploads\/2026\/03\/Domen-14.5.2025-16-scaled-e1774595732236-800x335.jpg",800,335,true],"portfolio_item-thumbnail_portrait":["https:\/\/bikefirst.nl\/wp-content\/uploads\/2026\/03\/Domen-14.5.2025-16-scaled-e1774595732236-600x900.jpg",600,900,true],"portfolio_item-thumbnail_square":["https:\/\/bikefirst.nl\/wp-content\/uploads\/2026\/03\/Domen-14.5.2025-16-scaled-e1774595732236-800x800.jpg",800,800,true],"portfolio_item-masonry@2x":["https:\/\/bikefirst.nl\/wp-content\/uploads\/2026\/03\/Domen-14.5.2025-16-scaled-e1774595732236-1200x935.jpg",1200,935,true],"portfolio_item-thumbnail_portrait@2x":["https:\/\/bikefirst.nl\/wp-content\/uploads\/2026\/03\/Domen-14.5.2025-16-scaled-e1774595732236-1200x1596.jpg",1200,1596,true]},"_links":{"self":[{"href":"https:\/\/bikefirst.nl\/fr\/wp-json\/wp\/v2\/pages\/12966","targetHints":{"allow":["GET"]}}],"collection":[{"href":"https:\/\/bikefirst.nl\/fr\/wp-json\/wp\/v2\/pages"}],"about":[{"href":"https:\/\/bikefirst.nl\/fr\/wp-json\/wp\/v2\/types\/page"}],"author":[{"embeddable":true,"href":"https:\/\/bikefirst.nl\/fr\/wp-json\/wp\/v2\/users\/1"}],"replies":[{"embeddable":true,"href":"https:\/\/bikefirst.nl\/fr\/wp-json\/wp\/v2\/comments?post=12966"}],"version-history":[{"count":1,"href":"https:\/\/bikefirst.nl\/fr\/wp-json\/wp\/v2\/pages\/12966\/revisions"}],"predecessor-version":[{"id":12968,"href":"https:\/\/bikefirst.nl\/fr\/wp-json\/wp\/v2\/pages\/12966\/revisions\/12968"}],"wp:featuredmedia":[{"embeddable":true,"href":"https:\/\/bikefirst.nl\/fr\/wp-json\/wp\/v2\/media\/12967"}],"wp:attachment":[{"href":"https:\/\/bikefirst.nl\/fr\/wp-json\/wp\/v2\/media?parent=12966"}],"curies":[{"name":"wp","href":"https:\/\/api.w.org\/{rel}","templated":true}]}}