{"id":12960,"date":"2026-01-24T12:53:50","date_gmt":"2026-01-24T12:53:50","guid":{"rendered":"https:\/\/bikefirst.nl\/sislent-components\/"},"modified":"2026-04-02T07:31:22","modified_gmt":"2026-04-02T07:31:22","slug":"sislent-components","status":"publish","type":"page","link":"https:\/\/bikefirst.nl\/fr\/sislent-components\/","title":{"rendered":"SISLENT Components"},"content":{"rendered":"\t\t<div data-elementor-type=\"wp-page\" data-elementor-id=\"12960\" class=\"elementor elementor-12960 elementor-12213\" data-elementor-post-type=\"page\">\n\t\t\t\t\t\t<section class=\"elementor-section elementor-top-section elementor-element elementor-element-6e45660 elementor-section-boxed elementor-section-height-default elementor-section-height-default\" data-id=\"6e45660\" data-element_type=\"section\" data-e-type=\"section\">\n\t\t\t\t\t\t<div class=\"elementor-container elementor-column-gap-default\">\n\t\t\t\t\t<div class=\"elementor-column elementor-col-100 elementor-top-column elementor-element elementor-element-d498561\" data-id=\"d498561\" data-element_type=\"column\" data-e-type=\"column\">\n\t\t\t<div class=\"elementor-widget-wrap elementor-element-populated\">\n\t\t\t\t\t\t<div class=\"elementor-element elementor-element-37fb17d elementor-widget elementor-widget-text-editor\" data-id=\"37fb17d\" data-element_type=\"widget\" data-e-type=\"widget\" data-widget_type=\"text-editor.default\">\n\t\t\t\t<div class=\"elementor-widget-container\">\n\t\t\t\t\t\t\t\t\t<h3 data-start=\"244\" data-end=\"305\">Composants carbone haute performance d\u00e9velopp\u00e9s \u00e0 Barcelone<\/h3><p data-start=\"307\" data-end=\"645\">Sislent Components est une marque de cyclisme haut de gamme sp\u00e9cialis\u00e9e dans le d\u00e9veloppement de composants carbone avanc\u00e9s pour v\u00e9los de route, gravel et VTT ax\u00e9s sur la performance. Bas\u00e9e pr\u00e8s de Barcelone et fa\u00e7onn\u00e9e par des tests et une ing\u00e9nierie approfondis, les produits Sislent sont con\u00e7us pour offrir efficacit\u00e9, stabilit\u00e9 et durabilit\u00e9 dans des conditions de conduite exigeantes. <\/p><p data-start=\"647\" data-end=\"868\">Avec un accent marqu\u00e9 sur la technologie et le d\u00e9veloppement des mat\u00e9riaux, Sislent combine une fabrication carbone moderne avec une philosophie de performance claire \u2014 cr\u00e9ant des composants con\u00e7us pour \u00eatre utilis\u00e9s intensivement et fiables sur le long terme.<\/p><hr data-start=\"870\" data-end=\"873\"><h2 data-start=\"875\" data-end=\"895\">Positionnement de la marque<\/h2><p data-start=\"897\" data-end=\"1092\">Sislent occupe une position distinctive dans le segment de la performance haut de gamme en se concentrant sur la <strong data-start=\"988\" data-end=\"1066\">construction l\u00e9g\u00e8re, l&rsquo;optimisation a\u00e9rodynamique et le contr\u00f4le de la maniabilit\u00e9<\/strong> dans toute sa gamme de produits.<\/p><p data-start=\"1094\" data-end=\"1305\">La marque est surtout connue pour ses syst\u00e8mes de roues carbone pour les disciplines route, gravel et VTT, d\u00e9velopp\u00e9s avec des largeurs internes, des profils de jante et des stratifications soigneusement \u00e9tudi\u00e9s pour \u00e9quilibrer vitesse, confort et contr\u00f4le.<\/p><p data-start=\"1307\" data-end=\"1621\">En plus des roues, Sislent \u00e9largit son portefeuille avec des <strong data-start=\"1370\" data-end=\"1408\">solutions de cockpit carbone monobloc<\/strong>, refl\u00e9tant une ambition plus large de d\u00e9velopper des composants de performance enti\u00e8rement int\u00e9gr\u00e9s. D&rsquo;autres d\u00e9veloppements de produits sont en cours, renfor\u00e7ant l&rsquo;engagement de Sislent envers une conception bas\u00e9e sur des syst\u00e8mes plut\u00f4t que sur des produits isol\u00e9s. <\/p><hr data-start=\"1623\" data-end=\"1626\"><h2 data-start=\"1628\" data-end=\"1649\">\u00c0 qui s&rsquo;adresse Sislent<\/h2><p data-start=\"1651\" data-end=\"1691\">Les composants Sislent conviennent parfaitement aux :<\/p><ul><li data-start=\"1694\" data-end=\"1748\">D\u00e9taillants haut de gamme et magasins de v\u00e9los ax\u00e9s sur la performance<\/li><li data-start=\"1694\" data-end=\"1748\">Distributeurs desservant les segments avanc\u00e9s route, gravel et VTT<\/li><li data-start=\"1694\" data-end=\"1748\">Cyclistes qui valorisent la performance technique et l&rsquo;int\u00e9gration moderne des composants<\/li><li data-start=\"1694\" data-end=\"1748\">Partenaires OEM et de montage personnalis\u00e9 recherchant des solutions de composants coh\u00e9rentes<\/li><\/ul><p data-start=\"1965\" data-end=\"2075\">La gamme est positionn\u00e9e pour les march\u00e9s o\u00f9 la qualit\u00e9 du produit, les caract\u00e9ristiques de conduite et les d\u00e9tails d&rsquo;ing\u00e9nierie comptent.<\/p><hr data-start=\"2077\" data-end=\"2080\"><h2 data-start=\"2082\" data-end=\"2104\">BikeFirst &amp; Sislent<\/h2><p data-start=\"2106\" data-end=\"2241\">BikeFirst repr\u00e9sente Sislent Components en se concentrant sur le <strong data-start=\"2162\" data-end=\"2240\">d\u00e9veloppement strat\u00e9gique du march\u00e9, un positionnement clair et des partenariats \u00e0 long terme<\/strong>.<\/p><p data-start=\"2243\" data-end=\"2260\">Mon r\u00f4le comprend :<\/p><ul><li data-start=\"2263\" data-end=\"2318\">D\u00e9veloppement du march\u00e9 et des territoires pour les produits Sislent<\/li><li data-start=\"2263\" data-end=\"2318\">Support aux distributeurs et d\u00e9taillants<\/li><li data-start=\"2263\" data-end=\"2318\">Positionnement de la cat\u00e9gorie dans le segment des composants haut de gamme<\/li><li data-start=\"2263\" data-end=\"2318\">Agir comme lien direct entre la marque et les retours du march\u00e9 local<\/li><\/ul><p data-start=\"2491\" data-end=\"2642\">Je travaille en \u00e9troite collaboration avec les partenaires pour garantir que les composants Sislent sont introduits, positionn\u00e9s et soutenus d&rsquo;une mani\u00e8re qui refl\u00e8te leur ADN ax\u00e9 sur la performance.<\/p><hr data-start=\"2644\" data-end=\"2647\"><h2 data-start=\"2649\" data-end=\"2672\">Travailler avec Sislent<\/h2><p data-start=\"2674\" data-end=\"2795\">Les partenariats avec Sislent reposent sur des valeurs partag\u00e9es : qualit\u00e9 du produit, int\u00e9grit\u00e9 technique et collaboration durable.<\/p><p data-start=\"2797\" data-end=\"2953\">Si vous \u00eates un distributeur, un d\u00e9taillant ou un partenaire OEM int\u00e9ress\u00e9 par une collaboration avec Sislent Components, je serais ravi d&rsquo;explorer s&rsquo;il existe une bonne compatibilit\u00e9 mutuelle.<\/p><p data-start=\"2955\" data-end=\"2990\"><a href=\"https:\/\/bikefirst.nl\/fr\/contact\/\"><strong data-start=\"2955\" data-end=\"2990\">[Discuter d&rsquo;un partenariat Sislent]<\/strong><\/a><\/p>\t\t\t\t\t\t\t\t<\/div>\n\t\t\t\t<\/div>\n\t\t\t\t\t<\/div>\n\t\t<\/div>\n\t\t\t\t\t<\/div>\n\t\t<\/section>\n\t\t\t\t<\/div>\n\t\t","protected":false},"excerpt":{"rendered":"<p>Composants carbone haute performance d\u00e9velopp\u00e9s \u00e0 Barcelone Sislent Components est une marque de cyclisme haut de gamme sp\u00e9cialis\u00e9e dans le d\u00e9veloppement de composants carbone avanc\u00e9s pour v\u00e9los de route, gravel et VTT ax\u00e9s sur la performance. Bas\u00e9e pr\u00e8s de Barcelone et fa\u00e7onn\u00e9e par des tests et une ing\u00e9nierie approfondis, les produits Sislent sont con\u00e7us pour offrir efficacit\u00e9, stabilit\u00e9 et durabilit\u00e9 dans des conditions de conduite exigeantes. Avec un accent marqu\u00e9 sur la technologie et le [&hellip;]<\/p>\n","protected":false},"author":1,"featured_media":12961,"parent":0,"menu_order":0,"comment_status":"closed","ping_status":"closed","template":"","meta":{"inspiro_page_layout":"narrow","inspiro_hide_title":false,"footnotes":"","_links_to":"","_links_to_target":""},"class_list":["post-12960","page","type-page","status-publish","has-post-thumbnail","hentry"],"featured_media_urls":{"thumbnail":["https:\/\/bikefirst.nl\/wp-content\/uploads\/2026\/01\/IMG_44582-150x150.jpg",150,150,true],"medium":["https:\/\/bikefirst.nl\/wp-content\/uploads\/2026\/01\/IMG_44582-300x159.jpg",300,159,true],"medium_large":["https:\/\/bikefirst.nl\/wp-content\/uploads\/2026\/01\/IMG_44582-768x408.jpg",768,408,true],"large":["https:\/\/bikefirst.nl\/wp-content\/uploads\/2026\/01\/IMG_44582-1024x544.jpg",930,494,true],"1536x1536":["https:\/\/bikefirst.nl\/wp-content\/uploads\/2026\/01\/IMG_44582-1536x816.jpg",1536,816,true],"2048x2048":["https:\/\/bikefirst.nl\/wp-content\/uploads\/2026\/01\/IMG_44582-2048x1088.jpg",2048,1088,true],"featured":["https:\/\/bikefirst.nl\/wp-content\/uploads\/2026\/01\/IMG_44582-2000x1062.jpg",2000,1062,true],"featured@2x":["https:\/\/bikefirst.nl\/wp-content\/uploads\/2026\/01\/IMG_44582-3000x1593.jpg",3000,1593,true],"featured-small":["https:\/\/bikefirst.nl\/wp-content\/uploads\/2026\/01\/IMG_44582-1000x531.jpg",1000,531,true],"recent-thumbnail":["https:\/\/bikefirst.nl\/wp-content\/uploads\/2026\/01\/IMG_44582-345x192.jpg",345,192,true],"recent-thumbnail-retina":["https:\/\/bikefirst.nl\/wp-content\/uploads\/2026\/01\/IMG_44582-690x384.jpg",690,384,true],"woo-featured":["https:\/\/bikefirst.nl\/wp-content\/uploads\/2026\/01\/IMG_44582-280x280.jpg",280,280,true],"entry-cover":["https:\/\/bikefirst.nl\/wp-content\/uploads\/2026\/01\/IMG_44582-1800x956.jpg",1800,956,true],"entry-cover@2x":["https:\/\/bikefirst.nl\/wp-content\/uploads\/2026\/01\/IMG_44582-scaled.jpg",2560,1360,false],"loop":["https:\/\/bikefirst.nl\/wp-content\/uploads\/2026\/01\/IMG_44582-950x320.jpg",950,320,true],"loop@2x":["https:\/\/bikefirst.nl\/wp-content\/uploads\/2026\/01\/IMG_44582-1900x640.jpg",1900,640,true],"portfolio-scroller-widget":["https:\/\/bikefirst.nl\/wp-content\/uploads\/2026\/01\/IMG_44582-1054x560.jpg",1054,560,true],"portfolio_item-thumbnail":["https:\/\/bikefirst.nl\/wp-content\/uploads\/2026\/01\/IMG_44582-scaled.jpg",600,319,false],"portfolio_item-thumbnail@2x":["https:\/\/bikefirst.nl\/wp-content\/uploads\/2026\/01\/IMG_44582-scaled.jpg",1200,638,false],"portfolio_item-masonry":["https:\/\/bikefirst.nl\/wp-content\/uploads\/2026\/01\/IMG_44582-scaled.jpg",600,319,false],"portfolio_item-thumbnail_wide":["https:\/\/bikefirst.nl\/wp-content\/uploads\/2026\/01\/IMG_44582-1800x600.jpg",1800,600,true],"portfolio_item-thumbnail_wide_cinema":["https:\/\/bikefirst.nl\/wp-content\/uploads\/2026\/01\/IMG_44582-1800x750.jpg",1800,750,true],"portfolio_item-thumbnail_cinema":["https:\/\/bikefirst.nl\/wp-content\/uploads\/2026\/01\/IMG_44582-scaled.jpg",631,335,false],"portfolio_item-thumbnail_portrait":["https:\/\/bikefirst.nl\/wp-content\/uploads\/2026\/01\/IMG_44582-scaled.jpg",600,319,false],"portfolio_item-thumbnail_square":["https:\/\/bikefirst.nl\/wp-content\/uploads\/2026\/01\/IMG_44582-scaled.jpg",800,425,false],"portfolio_item-masonry@2x":["https:\/\/bikefirst.nl\/wp-content\/uploads\/2026\/01\/IMG_44582-scaled.jpg",1200,638,false],"portfolio_item-thumbnail_portrait@2x":["https:\/\/bikefirst.nl\/wp-content\/uploads\/2026\/01\/IMG_44582-scaled.jpg",1200,638,false]},"_links":{"self":[{"href":"https:\/\/bikefirst.nl\/fr\/wp-json\/wp\/v2\/pages\/12960","targetHints":{"allow":["GET"]}}],"collection":[{"href":"https:\/\/bikefirst.nl\/fr\/wp-json\/wp\/v2\/pages"}],"about":[{"href":"https:\/\/bikefirst.nl\/fr\/wp-json\/wp\/v2\/types\/page"}],"author":[{"embeddable":true,"href":"https:\/\/bikefirst.nl\/fr\/wp-json\/wp\/v2\/users\/1"}],"replies":[{"embeddable":true,"href":"https:\/\/bikefirst.nl\/fr\/wp-json\/wp\/v2\/comments?post=12960"}],"version-history":[{"count":1,"href":"https:\/\/bikefirst.nl\/fr\/wp-json\/wp\/v2\/pages\/12960\/revisions"}],"predecessor-version":[{"id":12962,"href":"https:\/\/bikefirst.nl\/fr\/wp-json\/wp\/v2\/pages\/12960\/revisions\/12962"}],"wp:featuredmedia":[{"embeddable":true,"href":"https:\/\/bikefirst.nl\/fr\/wp-json\/wp\/v2\/media\/12961"}],"wp:attachment":[{"href":"https:\/\/bikefirst.nl\/fr\/wp-json\/wp\/v2\/media?parent=12960"}],"curies":[{"name":"wp","href":"https:\/\/api.w.org\/{rel}","templated":true}]}}