{"id":12808,"date":"2025-05-19T12:06:47","date_gmt":"2025-05-19T12:06:47","guid":{"rendered":"https:\/\/bikefirst.nl\/time-bicycles\/"},"modified":"2026-04-02T07:26:43","modified_gmt":"2026-04-02T07:26:43","slug":"time-bicycles","status":"publish","type":"page","link":"https:\/\/bikefirst.nl\/fr\/time-bicycles\/","title":{"rendered":"TIME Bicycles"},"content":{"rendered":"\t\t<div data-elementor-type=\"wp-page\" data-elementor-id=\"12808\" class=\"elementor elementor-12808 elementor-11655\" data-elementor-post-type=\"page\">\n\t\t\t\t\t\t<section class=\"elementor-section elementor-top-section elementor-element elementor-element-3f233c1 elementor-section-boxed elementor-section-height-default elementor-section-height-default\" data-id=\"3f233c1\" data-element_type=\"section\" data-e-type=\"section\">\n\t\t\t\t\t\t<div class=\"elementor-container elementor-column-gap-default\">\n\t\t\t\t\t<div class=\"elementor-column elementor-col-100 elementor-top-column elementor-element elementor-element-059e187\" data-id=\"059e187\" data-element_type=\"column\" data-e-type=\"column\">\n\t\t\t<div class=\"elementor-widget-wrap elementor-element-populated\">\n\t\t\t\t\t\t<div class=\"elementor-element elementor-element-0132f17 elementor-widget elementor-widget-text-editor\" data-id=\"0132f17\" data-element_type=\"widget\" data-e-type=\"widget\" data-widget_type=\"text-editor.default\">\n\t\t\t\t<div class=\"elementor-widget-container\">\n\t\t\t\t\t\t\t\t\t<h3 data-start=\"253\" data-end=\"306\">Un savoir-faire de pointe en mati\u00e8re de cadres avec un riche h\u00e9ritage<\/h3><p data-start=\"308\" data-end=\"562\">TIME Bicycles est une marque de v\u00e9los haut de gamme profond\u00e9ment ancr\u00e9e dans le cyclisme europ\u00e9en. Fond\u00e9e en 1987, TIME s\u2019est forg\u00e9 une r\u00e9putation autour de la <strong data-start=\"438\" data-end=\"507\">technologie des cadres, de l\u2019expertise des mat\u00e9riaux et de la pr\u00e9cision de fabrication<\/strong> \u2014 avec un accent particulier mis sur la qualit\u00e9 de conduite et la performance. <\/p><p data-start=\"564\" data-end=\"847\">Aujourd\u2019hui, les cadres TIME sont fabriqu\u00e9s en Slovaquie, en Europe, selon des proc\u00e9d\u00e9s exclusifs qui permettent un contr\u00f4le pr\u00e9cis du drapage du carbone et des caract\u00e9ristiques du cadre. Cette alliance entre h\u00e9ritage et production moderne fait de TIME un choix distinctif sur le segment de la route et de la performance haut de gamme. <\/p><hr data-start=\"849\" data-end=\"852\"><h3 data-start=\"854\" data-end=\"875\">Positionnement de la marque<\/h3><p data-start=\"877\" data-end=\"1040\">TIME se positionne fermement dans la <strong data-start=\"910\" data-end=\"952\">cat\u00e9gorie des cadres haut de gamme et de la performance<\/strong>, en mettant l\u2019accent sur l\u2019artisanat, la durabilit\u00e9 et des caract\u00e9ristiques de conduite raffin\u00e9es.<\/p><p data-start=\"1042\" data-end=\"1076\">Les \u00e9l\u00e9ments cl\u00e9s de la marque incluent :<\/p><ul><li data-start=\"1079\" data-end=\"1116\">Fabrication interne de cadres en carbone<\/li><li data-start=\"1079\" data-end=\"1116\">Techniques de production exclusives<\/li><li data-start=\"1079\" data-end=\"1116\">Priorit\u00e9 \u00e0 la rigidit\u00e9, au confort et \u00e0 la performance \u00e0 long terme<\/li><li data-start=\"1079\" data-end=\"1116\">Design intemporel reposant sur des bases techniques<\/li><\/ul><p data-start=\"1263\" data-end=\"1386\">Plut\u00f4t que de suivre les tendances \u00e9ph\u00e9m\u00e8res, TIME continue de d\u00e9velopper des cadres avec une philosophie d\u2019ing\u00e9nierie claire et d\u00e9lib\u00e9r\u00e9e.<\/p><hr data-start=\"1388\" data-end=\"1391\"><h3 data-start=\"1393\" data-end=\"1412\">\u00c0 qui s\u2019adresse TIME<\/h3><p data-start=\"1414\" data-end=\"1451\">TIME est particuli\u00e8rement bien adapt\u00e9 aux :<\/p><ul><li data-start=\"1454\" data-end=\"1514\">Revendeurs haut de gamme sp\u00e9cialis\u00e9s dans les cadres et les montages \u00e0 la carte<\/li><li data-start=\"1454\" data-end=\"1514\">D\u00e9taillants au service de cyclistes exp\u00e9riment\u00e9s et exigeants<\/li><li data-start=\"1454\" data-end=\"1514\">Magasins qui valorisent la profondeur de gamme, l\u2019expertise en ergonomie et les relations clients \u00e0 long terme<\/li><li data-start=\"1454\" data-end=\"1514\">Cyclistes \u00e0 la recherche d\u2019un cadre haut de gamme ayant du caract\u00e8re et des performances \u00e9prouv\u00e9es<\/li><\/ul><p data-start=\"1738\" data-end=\"1846\">TIME obtient ses meilleurs r\u00e9sultats dans les environnements o\u00f9 la qualit\u00e9, l\u2019artisanat et l\u2019argumentaire technique sont appr\u00e9ci\u00e9s.<\/p><hr data-start=\"1848\" data-end=\"1851\"><h3 data-start=\"1853\" data-end=\"1882\">BikeFirst &amp; TIME Bicycles<\/h3><p data-start=\"1884\" data-end=\"2000\">BikeFirst repr\u00e9sente TIME Bicycles sur le march\u00e9 de l\u2019apr\u00e8s-vente avec un accent mis sur la croissance durable et les partenariats \u00e0 long terme.<\/p><p data-start=\"2002\" data-end=\"2019\">Mon r\u00f4le comprend :<\/p><ul><li data-start=\"2022\" data-end=\"2056\">D\u00e9veloppement du march\u00e9 et du territoire<\/li><li data-start=\"2022\" data-end=\"2056\">Soutien aux d\u00e9taillants<\/li><li data-start=\"2022\" data-end=\"2056\">Coordination des ventes et gestion des comptes<\/li><li data-start=\"2022\" data-end=\"2056\">Positionnement strat\u00e9gique au sein du segment des cadres haut de gamme<\/li><li data-start=\"2022\" data-end=\"2056\">Retours d\u2019exp\u00e9rience et alignement entre la marque et le march\u00e9<\/li><\/ul><p data-start=\"2252\" data-end=\"2408\">Je travaille en \u00e9troite collaboration avec les partenaires pour m\u2019assurer que TIME est repr\u00e9sent\u00e9e de mani\u00e8re coh\u00e9rente, soutenue correctement et positionn\u00e9e en accord avec ses valeurs et ses atouts techniques.<\/p><hr data-start=\"2410\" data-end=\"2413\"><h3 data-start=\"2415\" data-end=\"2436\">Travailler avec TIME<\/h3><p data-start=\"2438\" data-end=\"2551\">Les partenariats avec TIME se construisent de mani\u00e8re s\u00e9lective, avec un accent marqu\u00e9 sur la qualit\u00e9, l\u2019engagement et la collaboration \u00e0 long terme.<\/p><p data-start=\"2553\" data-end=\"2684\">Si vous \u00eates un distributeur ou un revendeur int\u00e9ress\u00e9 par une collaboration avec TIME Bicycles, je serais ravi de discuter d\u2019une \u00e9ventuelle synergie.<\/p><p data-start=\"2686\" data-end=\"2718\"><a href=\"https:\/\/bikefirst.nl\/fr\/contact\/\"><strong data-start=\"2686\" data-end=\"2718\">[Discuter d\u2019un partenariat avec TIME]<\/strong><\/a><\/p><p data-start=\"2686\" data-end=\"2718\"> <\/p>\t\t\t\t\t\t\t\t<\/div>\n\t\t\t\t<\/div>\n\t\t\t\t<div class=\"elementor-element elementor-element-031beff elementor-widget elementor-widget-spacer\" data-id=\"031beff\" data-element_type=\"widget\" data-e-type=\"widget\" data-widget_type=\"spacer.default\">\n\t\t\t\t<div class=\"elementor-widget-container\">\n\t\t\t\t\t\t\t<div class=\"elementor-spacer\">\n\t\t\t<div class=\"elementor-spacer-inner\"><\/div>\n\t\t<\/div>\n\t\t\t\t\t\t<\/div>\n\t\t\t\t<\/div>\n\t\t\t\t\t<\/div>\n\t\t<\/div>\n\t\t\t\t\t<\/div>\n\t\t<\/section>\n\t\t\t\t<\/div>\n\t\t","protected":false},"excerpt":{"rendered":"<p>Un savoir-faire de pointe en mati\u00e8re de cadres avec un riche h\u00e9ritage TIME Bicycles est une marque de v\u00e9los haut de gamme profond\u00e9ment ancr\u00e9e dans le cyclisme europ\u00e9en. Fond\u00e9e en 1987, TIME s\u2019est forg\u00e9 une r\u00e9putation autour de la technologie des cadres, de l\u2019expertise des mat\u00e9riaux et de la pr\u00e9cision de fabrication \u2014 avec un accent particulier mis sur la qualit\u00e9 de conduite et la performance. Aujourd\u2019hui, les cadres TIME sont fabriqu\u00e9s en Slovaquie, en [&hellip;]<\/p>\n","protected":false},"author":1,"featured_media":0,"parent":0,"menu_order":3,"comment_status":"closed","ping_status":"closed","template":"","meta":{"inspiro_page_layout":"narrow","inspiro_hide_title":false,"footnotes":"","_links_to":"","_links_to_target":""},"class_list":["post-12808","page","type-page","status-publish","hentry"],"featured_media_urls":[],"_links":{"self":[{"href":"https:\/\/bikefirst.nl\/fr\/wp-json\/wp\/v2\/pages\/12808","targetHints":{"allow":["GET"]}}],"collection":[{"href":"https:\/\/bikefirst.nl\/fr\/wp-json\/wp\/v2\/pages"}],"about":[{"href":"https:\/\/bikefirst.nl\/fr\/wp-json\/wp\/v2\/types\/page"}],"author":[{"embeddable":true,"href":"https:\/\/bikefirst.nl\/fr\/wp-json\/wp\/v2\/users\/1"}],"replies":[{"embeddable":true,"href":"https:\/\/bikefirst.nl\/fr\/wp-json\/wp\/v2\/comments?post=12808"}],"version-history":[{"count":1,"href":"https:\/\/bikefirst.nl\/fr\/wp-json\/wp\/v2\/pages\/12808\/revisions"}],"predecessor-version":[{"id":12810,"href":"https:\/\/bikefirst.nl\/fr\/wp-json\/wp\/v2\/pages\/12808\/revisions\/12810"}],"wp:attachment":[{"href":"https:\/\/bikefirst.nl\/fr\/wp-json\/wp\/v2\/media?parent=12808"}],"curies":[{"name":"wp","href":"https:\/\/api.w.org\/{rel}","templated":true}]}}