{"id":12789,"date":"2026-01-24T12:19:55","date_gmt":"2026-01-24T12:19:55","guid":{"rendered":"https:\/\/bikefirst.nl\/vetements-de-cyclisme-santini\/"},"modified":"2026-04-02T07:26:07","modified_gmt":"2026-04-02T07:26:07","slug":"vetements-de-cyclisme-santini","status":"publish","type":"page","link":"https:\/\/bikefirst.nl\/fr\/vetements-de-cyclisme-santini\/","title":{"rendered":"V\u00eatements de cyclisme Santini"},"content":{"rendered":"\t\t<div data-elementor-type=\"wp-page\" data-elementor-id=\"12789\" class=\"elementor elementor-12789 elementor-12186\" data-elementor-post-type=\"page\">\n\t\t\t\t\t\t<section class=\"elementor-section elementor-top-section elementor-element elementor-element-5be20c3 elementor-section-boxed elementor-section-height-default elementor-section-height-default\" data-id=\"5be20c3\" data-element_type=\"section\" data-e-type=\"section\">\n\t\t\t\t\t\t<div class=\"elementor-container elementor-column-gap-default\">\n\t\t\t\t\t<div class=\"elementor-column elementor-col-100 elementor-top-column elementor-element elementor-element-43b047c\" data-id=\"43b047c\" data-element_type=\"column\" data-e-type=\"column\">\n\t\t\t<div class=\"elementor-widget-wrap elementor-element-populated\">\n\t\t\t\t\t\t<div class=\"elementor-element elementor-element-2aa82d0 elementor-widget elementor-widget-text-editor\" data-id=\"2aa82d0\" data-element_type=\"widget\" data-e-type=\"widget\" data-widget_type=\"text-editor.default\">\n\t\t\t\t<div class=\"elementor-widget-container\">\n\t\t\t\t\t\t\t\t\t<hr data-start=\"465\" data-end=\"468\">\n<h3 data-start=\"527\" data-end=\"584\">Des v\u00eatements de performance au c\u0153ur du cyclisme italien<\/h3>\n<p data-start=\"586\" data-end=\"883\">Santini est une marque italienne premium de v\u00eatements de cyclisme, profond\u00e9ment ancr\u00e9e dans la comp\u00e9tition professionnelle et le d\u00e9veloppement de produits ax\u00e9s sur la performance. Fond\u00e9e \u00e0 Bergame, Santini produit depuis des d\u00e9cennies des v\u00eatements techniques de cyclisme, alliant mat\u00e9riaux avanc\u00e9s, coupe soign\u00e9e et savoir-faire de fabrication en interne. <\/p>\n<p data-start=\"885\" data-end=\"1040\">Avec une forte pr\u00e9sence dans le cyclisme professionnel et une attention constante port\u00e9e \u00e0 l\u2019innovation, Santini constitue une r\u00e9f\u00e9rence en mati\u00e8re de v\u00eatements de cyclisme haute performance.<\/p>\n<p data-start=\"885\" data-end=\"1040\">En tant que fournisseur officiel des maillots de leader pour des courses UCI WorldTour telles que le Tour de France et le Giro d\u2019Italia, Santini \u00e9volue au plus haut niveau du cyclisme professionnel.<\/p>\n<hr data-start=\"1042\" data-end=\"1045\">\n<h3 data-start=\"1047\" data-end=\"1068\">Positionnement de la marque<\/h3>\n<p data-start=\"1070\" data-end=\"1205\">Santini se positionne sur le <strong data-start=\"1099\" data-end=\"1138\">segment premium des v\u00eatements de performance<\/strong>, avec un accent clair sur la fonctionnalit\u00e9, la durabilit\u00e9 et l\u2019exp\u00e9rience du cycliste.<\/p>\n<p data-start=\"1207\" data-end=\"1241\">Les \u00e9l\u00e9ments cl\u00e9s de la marque comprennent :<\/p>\n<ul>\n<li data-start=\"1244\" data-end=\"1284\">Design italien et production en interne<\/li>\n<li data-start=\"1244\" data-end=\"1284\">Expertise approfondie des tissus techniques et de la confection<\/li>\n<li data-start=\"1244\" data-end=\"1284\">Performance \u00e9prouv\u00e9e en cyclisme professionnel et en comp\u00e9tition<\/li>\n<li data-start=\"1244\" data-end=\"1284\">Une gamme large mais coh\u00e9rente couvrant la route, le gravel et l\u2019endurance<\/li>\n<\/ul>\n<p data-start=\"1489\" data-end=\"1583\">Les produits Santini sont d\u00e9velopp\u00e9s pour des cyclistes qui exigent performance et fiabilit\u00e9 \u2014 pas des tendances.<\/p>\n<hr data-start=\"1585\" data-end=\"1588\">\n<h3 data-start=\"1590\" data-end=\"1612\">\u00c0 qui s\u2019adresse Santini<\/h3>\n<p data-start=\"1614\" data-end=\"1642\">Santini convient particuli\u00e8rement \u00e0 :<\/p>\n<ul>\n<li data-start=\"1645\" data-end=\"1700\">Magasins de v\u00e9los orient\u00e9s performance et d\u00e9taillants premium<\/li>\n<li data-start=\"1645\" data-end=\"1700\">Revendeurs au service de cyclistes exigeants et de passionn\u00e9s<\/li>\n<li data-start=\"1645\" data-end=\"1700\">D\u00e9taillants souhaitant compl\u00e9ter des marques de v\u00e9los haut de gamme avec des v\u00eatements techniques<\/li>\n<li data-start=\"1645\" data-end=\"1700\">Magasins qui valorisent la connaissance produit, l\u2019expertise en mati\u00e8re de coupe et des relations clients sur le long terme<\/li>\n<\/ul>\n<p data-start=\"1930\" data-end=\"2023\">Santini donne le meilleur de lui-m\u00eame dans des environnements o\u00f9 les v\u00eatements sont consid\u00e9r\u00e9s comme un <strong data-start=\"1996\" data-end=\"2009\">\u00e9quipement<\/strong>, et non comme de la mode.<\/p>\n<hr data-start=\"2025\" data-end=\"2028\">\n<h3 data-start=\"2030\" data-end=\"2053\">BikeFirst &amp; Santini<\/h3>\n<p data-start=\"2055\" data-end=\"2176\">BikeFirst repr\u00e9sente Santini sur le march\u00e9 de l\u2019apr\u00e8s-vente, avec un focus sur la construction de la marque \u00e0 long terme et une pr\u00e9sence durable sur le march\u00e9.<\/p>\n<p data-start=\"2178\" data-end=\"2195\">Mon r\u00f4le comprend :<\/p>\n<ul>\n<li data-start=\"2198\" data-end=\"2232\">D\u00e9veloppement du march\u00e9 et des territoires<\/li>\n<li data-start=\"2198\" data-end=\"2232\">Accompagnement des d\u00e9taillants<\/li>\n<li data-start=\"2198\" data-end=\"2232\">Coordination des ventes et gestion des comptes<\/li>\n<li data-start=\"2198\" data-end=\"2232\">Positionnement strat\u00e9gique au sein du segment premium des v\u00eatements<\/li>\n<li data-start=\"2198\" data-end=\"2232\">Alignement entre la marque, les d\u00e9taillants et les retours du march\u00e9<\/li>\n<\/ul>\n<p data-start=\"2438\" data-end=\"2628\">La proximit\u00e9 g\u00e9ographique et culturelle entre Santini et 3T au sein du portefeuille BikeFirst permet une approche coh\u00e9rente du march\u00e9, ax\u00e9e sur la performance.<\/p>\n<hr data-start=\"2630\" data-end=\"2633\">\n<h3 data-start=\"2635\" data-end=\"2659\">Travailler avec Santini<\/h3>\n<p data-start=\"2661\" data-end=\"2782\">Les partenariats avec Santini sont \u00e9tablis de mani\u00e8re s\u00e9lective, avec un fort accent sur la qualit\u00e9, l\u2019engagement et la collaboration \u00e0 long terme.<\/p>\n<p data-start=\"2784\" data-end=\"2922\">Si vous \u00eates un d\u00e9taillant int\u00e9ress\u00e9 par une collaboration avec Santini Cycling Wear, je serais ravi d\u2019examiner si cela correspond \u00e0 vos besoins.<\/p>\n<p data-start=\"2924\" data-end=\"2959\"><a href=\"https:\/\/bikefirst.nl\/fr\/contact\/\"><strong data-start=\"2924\" data-end=\"2959\">[Discuter d\u2019un partenariat avec Santini]<\/strong><\/a><\/p>\n<p data-start=\"2924\" data-end=\"2959\"> <\/p>\t\t\t\t\t\t\t\t<\/div>\n\t\t\t\t<\/div>\n\t\t\t\t\t<\/div>\n\t\t<\/div>\n\t\t\t\t\t<\/div>\n\t\t<\/section>\n\t\t\t\t<\/div>\n\t\t","protected":false},"excerpt":{"rendered":"<p>Des v\u00eatements de performance au c\u0153ur du cyclisme italien Santini est une marque italienne premium de v\u00eatements de cyclisme, profond\u00e9ment ancr\u00e9e dans la comp\u00e9tition professionnelle et le d\u00e9veloppement de produits ax\u00e9s sur la performance. Fond\u00e9e \u00e0 Bergame, Santini produit depuis des d\u00e9cennies des v\u00eatements techniques de cyclisme, alliant mat\u00e9riaux avanc\u00e9s, coupe soign\u00e9e et savoir-faire de fabrication en interne. Avec une forte pr\u00e9sence dans le cyclisme professionnel et une attention constante port\u00e9e \u00e0 l\u2019innovation, Santini constitue [&hellip;]<\/p>\n","protected":false},"author":1,"featured_media":12790,"parent":0,"menu_order":0,"comment_status":"closed","ping_status":"closed","template":"","meta":{"inspiro_page_layout":"narrow","inspiro_hide_title":false,"footnotes":"","_links_to":"","_links_to_target":""},"class_list":["post-12789","page","type-page","status-publish","has-post-thumbnail","hentry"],"featured_media_urls":{"thumbnail":["https:\/\/bikefirst.nl\/wp-content\/uploads\/2026\/03\/27362293b5a64bf7b088d757e7903e835cfffd6c-150x150.jpg",150,150,true],"medium":["https:\/\/bikefirst.nl\/wp-content\/uploads\/2026\/03\/27362293b5a64bf7b088d757e7903e835cfffd6c-300x152.jpg",300,152,true],"medium_large":["https:\/\/bikefirst.nl\/wp-content\/uploads\/2026\/03\/27362293b5a64bf7b088d757e7903e835cfffd6c-768x390.jpg",768,390,true],"large":["https:\/\/bikefirst.nl\/wp-content\/uploads\/2026\/03\/27362293b5a64bf7b088d757e7903e835cfffd6c-1024x520.jpg",930,472,true],"1536x1536":["https:\/\/bikefirst.nl\/wp-content\/uploads\/2026\/03\/27362293b5a64bf7b088d757e7903e835cfffd6c-1536x780.jpg",1536,780,true],"2048x2048":["https:\/\/bikefirst.nl\/wp-content\/uploads\/2026\/03\/27362293b5a64bf7b088d757e7903e835cfffd6c.jpg",1960,995,false],"featured":["https:\/\/bikefirst.nl\/wp-content\/uploads\/2026\/03\/27362293b5a64bf7b088d757e7903e835cfffd6c.jpg",1960,995,false],"featured@2x":["https:\/\/bikefirst.nl\/wp-content\/uploads\/2026\/03\/27362293b5a64bf7b088d757e7903e835cfffd6c.jpg",1960,995,false],"featured-small":["https:\/\/bikefirst.nl\/wp-content\/uploads\/2026\/03\/27362293b5a64bf7b088d757e7903e835cfffd6c-1000x508.jpg",1000,508,true],"recent-thumbnail":["https:\/\/bikefirst.nl\/wp-content\/uploads\/2026\/03\/27362293b5a64bf7b088d757e7903e835cfffd6c-345x192.jpg",345,192,true],"recent-thumbnail-retina":["https:\/\/bikefirst.nl\/wp-content\/uploads\/2026\/03\/27362293b5a64bf7b088d757e7903e835cfffd6c-690x384.jpg",690,384,true],"woo-featured":["https:\/\/bikefirst.nl\/wp-content\/uploads\/2026\/03\/27362293b5a64bf7b088d757e7903e835cfffd6c-280x280.jpg",280,280,true],"entry-cover":["https:\/\/bikefirst.nl\/wp-content\/uploads\/2026\/03\/27362293b5a64bf7b088d757e7903e835cfffd6c-1800x914.jpg",1800,914,true],"entry-cover@2x":["https:\/\/bikefirst.nl\/wp-content\/uploads\/2026\/03\/27362293b5a64bf7b088d757e7903e835cfffd6c.jpg",1960,995,false],"loop":["https:\/\/bikefirst.nl\/wp-content\/uploads\/2026\/03\/27362293b5a64bf7b088d757e7903e835cfffd6c-950x320.jpg",950,320,true],"loop@2x":["https:\/\/bikefirst.nl\/wp-content\/uploads\/2026\/03\/27362293b5a64bf7b088d757e7903e835cfffd6c-1900x640.jpg",1900,640,true],"portfolio-scroller-widget":["https:\/\/bikefirst.nl\/wp-content\/uploads\/2026\/03\/27362293b5a64bf7b088d757e7903e835cfffd6c-1103x560.jpg",1103,560,true],"portfolio_item-thumbnail":["https:\/\/bikefirst.nl\/wp-content\/uploads\/2026\/03\/27362293b5a64bf7b088d757e7903e835cfffd6c.jpg",600,305,false],"portfolio_item-thumbnail@2x":["https:\/\/bikefirst.nl\/wp-content\/uploads\/2026\/03\/27362293b5a64bf7b088d757e7903e835cfffd6c.jpg",1200,609,false],"portfolio_item-masonry":["https:\/\/bikefirst.nl\/wp-content\/uploads\/2026\/03\/27362293b5a64bf7b088d757e7903e835cfffd6c.jpg",600,305,false],"portfolio_item-thumbnail_wide":["https:\/\/bikefirst.nl\/wp-content\/uploads\/2026\/03\/27362293b5a64bf7b088d757e7903e835cfffd6c-1800x600.jpg",1800,600,true],"portfolio_item-thumbnail_wide_cinema":["https:\/\/bikefirst.nl\/wp-content\/uploads\/2026\/03\/27362293b5a64bf7b088d757e7903e835cfffd6c-1800x750.jpg",1800,750,true],"portfolio_item-thumbnail_cinema":["https:\/\/bikefirst.nl\/wp-content\/uploads\/2026\/03\/27362293b5a64bf7b088d757e7903e835cfffd6c.jpg",660,335,false],"portfolio_item-thumbnail_portrait":["https:\/\/bikefirst.nl\/wp-content\/uploads\/2026\/03\/27362293b5a64bf7b088d757e7903e835cfffd6c.jpg",600,305,false],"portfolio_item-thumbnail_square":["https:\/\/bikefirst.nl\/wp-content\/uploads\/2026\/03\/27362293b5a64bf7b088d757e7903e835cfffd6c.jpg",800,406,false],"portfolio_item-masonry@2x":["https:\/\/bikefirst.nl\/wp-content\/uploads\/2026\/03\/27362293b5a64bf7b088d757e7903e835cfffd6c.jpg",1200,609,false],"portfolio_item-thumbnail_portrait@2x":["https:\/\/bikefirst.nl\/wp-content\/uploads\/2026\/03\/27362293b5a64bf7b088d757e7903e835cfffd6c.jpg",1200,609,false]},"_links":{"self":[{"href":"https:\/\/bikefirst.nl\/fr\/wp-json\/wp\/v2\/pages\/12789","targetHints":{"allow":["GET"]}}],"collection":[{"href":"https:\/\/bikefirst.nl\/fr\/wp-json\/wp\/v2\/pages"}],"about":[{"href":"https:\/\/bikefirst.nl\/fr\/wp-json\/wp\/v2\/types\/page"}],"author":[{"embeddable":true,"href":"https:\/\/bikefirst.nl\/fr\/wp-json\/wp\/v2\/users\/1"}],"replies":[{"embeddable":true,"href":"https:\/\/bikefirst.nl\/fr\/wp-json\/wp\/v2\/comments?post=12789"}],"version-history":[{"count":1,"href":"https:\/\/bikefirst.nl\/fr\/wp-json\/wp\/v2\/pages\/12789\/revisions"}],"predecessor-version":[{"id":12791,"href":"https:\/\/bikefirst.nl\/fr\/wp-json\/wp\/v2\/pages\/12789\/revisions\/12791"}],"wp:featuredmedia":[{"embeddable":true,"href":"https:\/\/bikefirst.nl\/fr\/wp-json\/wp\/v2\/media\/12790"}],"wp:attachment":[{"href":"https:\/\/bikefirst.nl\/fr\/wp-json\/wp\/v2\/media?parent=12789"}],"curies":[{"name":"wp","href":"https:\/\/api.w.org\/{rel}","templated":true}]}}