{"id":12782,"date":"2026-01-24T09:17:32","date_gmt":"2026-01-24T09:17:32","guid":{"rendered":"https:\/\/bikefirst.nl\/ce-que-je-fais\/"},"modified":"2026-04-02T07:25:47","modified_gmt":"2026-04-02T07:25:47","slug":"ce-que-je-fais","status":"publish","type":"page","link":"https:\/\/bikefirst.nl\/fr\/ce-que-je-fais\/","title":{"rendered":"Ce que je fais"},"content":{"rendered":"\t\t<div data-elementor-type=\"wp-page\" data-elementor-id=\"12782\" class=\"elementor elementor-12782 elementor-12068\" data-elementor-post-type=\"page\">\n\t\t\t\t\t\t<section class=\"elementor-section elementor-top-section elementor-element elementor-element-71f5c86 elementor-section-boxed elementor-section-height-default elementor-section-height-default\" data-id=\"71f5c86\" data-element_type=\"section\" data-e-type=\"section\">\n\t\t\t\t\t\t<div class=\"elementor-container elementor-column-gap-default\">\n\t\t\t\t\t<div class=\"elementor-column elementor-col-100 elementor-top-column elementor-element elementor-element-284a0a9\" data-id=\"284a0a9\" data-element_type=\"column\" data-e-type=\"column\">\n\t\t\t<div class=\"elementor-widget-wrap elementor-element-populated\">\n\t\t\t\t\t\t<div class=\"elementor-element elementor-element-bec22b6 elementor-widget elementor-widget-text-editor\" data-id=\"bec22b6\" data-element_type=\"widget\" data-e-type=\"widget\" data-widget_type=\"text-editor.default\">\n\t\t\t\t<div class=\"elementor-widget-container\">\n\t\t\t\t\t\t\t\t\t<p data-start=\"335\" data-end=\"464\">Je travaille avec des marques de l&rsquo;industrie du cyclisme pour b\u00e2tir une croissance durable \u2014 \u00e0 travers les <strong data-start=\"415\" data-end=\"435\">partenariats OEM<\/strong> et les <strong data-start=\"440\" data-end=\"463\">march\u00e9s de l&rsquo;apr\u00e8s-vente<\/strong>.<\/p><p data-start=\"466\" data-end=\"666\">Mon r\u00f4le se situe \u00e0 l&rsquo;intersection de la <strong data-start=\"502\" data-end=\"535\">strat\u00e9gie, des ventes et de l&rsquo;ex\u00e9cution<\/strong>. J&rsquo;aide les marques \u00e0 p\u00e9n\u00e9trer de nouveaux march\u00e9s, \u00e0 d\u00e9velopper des partenariats \u00e0 long terme et \u00e0 transformer des produits solides en entreprises commercialement prosp\u00e8res. <\/p><p data-start=\"668\" data-end=\"864\">Une partie essentielle de mon travail est l&rsquo;\u00e9tablissement de <strong data-start=\"693\" data-end=\"718\">relations<\/strong>. Je suis fermement convaincu que le succ\u00e8s \u00e0 long terme dans cette industrie estTributaire de la confiance, de l&rsquo;alignement et des liens personnels \u2014 et non de transactions \u00e0 court terme. <\/p><p data-start=\"866\" data-end=\"1008\">Plut\u00f4t que d&rsquo;op\u00e9rer comme une agence traditionnelle, je travaille en \u00e9troite collaboration avec un nombre limit\u00e9 de partenaires, agissant comme une extension de leur organisation.<\/p><hr data-start=\"1010\" data-end=\"1013\"><h2 data-start=\"1015\" data-end=\"1034\">Partenariats OEM<\/h2><p data-start=\"1036\" data-end=\"1176\">J&rsquo;accompagne les marques et les fabricants dans l&rsquo;\u00e9tablissement de <strong data-start=\"1083\" data-end=\"1114\">relations OEM \u00e0 long terme<\/strong>, ax\u00e9es sur l&rsquo;int\u00e9gration des produits, la fiabilit\u00e9 et l&rsquo;\u00e9volutivit\u00e9.<\/p><p data-start=\"1178\" data-end=\"1202\">Cela inclut g\u00e9n\u00e9ralement :<\/p><ul><li data-start=\"1205\" data-end=\"1235\">Strat\u00e9gie et positionnement OEM<\/li><li data-start=\"1205\" data-end=\"1235\">Sourcing de partenaires et d&rsquo;usines<\/li><li data-start=\"1205\" data-end=\"1235\">Alignement de l&rsquo;int\u00e9gration et du d\u00e9veloppement de produits<\/li><li data-start=\"1205\" data-end=\"1235\">Structuration commerciale des accords OEM<\/li><li data-start=\"1205\" data-end=\"1235\">Feuille de route \u00e0 long terme et planification des volumes<\/li><\/ul><p data-start=\"1407\" data-end=\"1566\">Les collaborations OEM sont s\u00e9lectives et souvent confidentielles, avec un fort accent sur la <strong data-start=\"1487\" data-end=\"1541\">confiance, la continuit\u00e9 et des relations de travail solides<\/strong> entre toutes les parties prenantes.<\/p><hr data-start=\"1568\" data-end=\"1571\"><h2 data-start=\"1573\" data-end=\"1602\">Apr\u00e8s-vente &amp; Distribution<\/h2><p data-start=\"1604\" data-end=\"1753\">Pour les marques de l&rsquo;apr\u00e8s-vente, je me concentre sur la <strong data-start=\"1639\" data-end=\"1691\">p\u00e9n\u00e9tration du march\u00e9, la croissance des ventes et le d\u00e9veloppement de la marque<\/strong>, en particulier au sein du Benelux et du march\u00e9 europ\u00e9en au sens large.<\/p><p data-start=\"1755\" data-end=\"1769\">Cela comprend :<\/p><ul><li data-start=\"1772\" data-end=\"1819\">Repr\u00e9sentation commerciale et ex\u00e9cution des ventes<\/li><li data-start=\"1772\" data-end=\"1819\">D\u00e9veloppement du r\u00e9seau de distributeurs et de revendeurs<\/li><li data-start=\"1772\" data-end=\"1819\">Strat\u00e9gie de mise sur le march\u00e9<\/li><li data-start=\"1772\" data-end=\"1819\">Positionnement et visibilit\u00e9 de la marque<\/li><li data-start=\"1772\" data-end=\"1819\">Partenariats de distribution \u00e0 long terme<\/li><\/ul><p data-start=\"1970\" data-end=\"2125\">L&rsquo;\u00e9tablissement et le maintien de <strong data-start=\"1995\" data-end=\"2059\">relations solides avec les distributeurs, les revendeurs et les partenaires<\/strong> sont au c\u0153ur de cette approche et essentiels pour une croissance durable.<\/p><hr data-start=\"2127\" data-end=\"2130\"><h2 data-start=\"2132\" data-end=\"2145\">Ma m\u00e9thode de travail<\/h2><p data-start=\"2147\" data-end=\"2210\">Je travaille de mani\u00e8re ind\u00e9pendante et pratique, avec une nette pr\u00e9f\u00e9rence pour :<\/p><ul><li data-start=\"2213\" data-end=\"2237\">Les partenariats \u00e0 long terme<\/li><li data-start=\"2213\" data-end=\"2237\">La communication transparente<\/li><li data-start=\"2213\" data-end=\"2237\">Des relations solides bas\u00e9es sur la confiance<\/li><li data-start=\"2213\" data-end=\"2237\">Une ex\u00e9cution pratique et ax\u00e9e sur les r\u00e9sultats<\/li><\/ul><p data-start=\"2346\" data-end=\"2456\">Je limite d\u00e9lib\u00e9r\u00e9ment le nombre de marques avec lesquelles je travaille afin d&rsquo;assurer la concentration, l&rsquo;engagement et l&rsquo;alignement des deux c\u00f4t\u00e9s.<\/p><hr data-start=\"2458\" data-end=\"2461\"><h2 data-start=\"2463\" data-end=\"2476\">Mon parcours<\/h2><p data-start=\"2478\" data-end=\"2623\">Fort de mon exp\u00e9rience dans les <strong data-start=\"2501\" data-end=\"2544\">environnements OEM et les marques de l&rsquo;apr\u00e8s-vente<\/strong>, je comprends les aspects techniques et commerciaux de l&rsquo;industrie du cyclisme.<\/p><p data-start=\"2625\" data-end=\"2805\">Cela me permet de connecter les bons partenaires, de communiquer efficacement \u00e0 diff\u00e9rents niveaux et de b\u00e2tir des <strong data-start=\"2726\" data-end=\"2751\">relations durables<\/strong> qui transforment la valeur des produits en succ\u00e8s commercial.<\/p><hr data-start=\"2807\" data-end=\"2810\"><h2 data-start=\"2812\" data-end=\"2825\">Discutons-en<\/h2><p data-start=\"2827\" data-end=\"2862\">Si vous recherchez un soutien pour :<\/p><ul><li data-start=\"2865\" data-end=\"2882\">Le d\u00e9veloppement OEM<\/li><li data-start=\"2865\" data-end=\"2882\">La p\u00e9n\u00e9tration du march\u00e9<\/li><li data-start=\"2865\" data-end=\"2882\">La repr\u00e9sentation commerciale<\/li><li data-start=\"2865\" data-end=\"2882\">Les partenariats strat\u00e9giques<\/li><\/ul><p data-start=\"2953\" data-end=\"3012\">N&rsquo;h\u00e9sitez pas \u00e0 <strong><a href=\"mailto:dennis@bikefirst.nl\">nous contacter<\/a><\/strong> pour voir si une collaboration est possible.<\/p><p data-start=\"2953\" data-end=\"3012\"> <\/p>\t\t\t\t\t\t\t\t<\/div>\n\t\t\t\t<\/div>\n\t\t\t\t\t<\/div>\n\t\t<\/div>\n\t\t\t\t\t<\/div>\n\t\t<\/section>\n\t\t\t\t<\/div>\n\t\t","protected":false},"excerpt":{"rendered":"<p>Je travaille avec des marques de l&rsquo;industrie du cyclisme pour b\u00e2tir une croissance durable \u2014 \u00e0 travers les partenariats OEM et les march\u00e9s de l&rsquo;apr\u00e8s-vente. Mon r\u00f4le se situe \u00e0 l&rsquo;intersection de la strat\u00e9gie, des ventes et de l&rsquo;ex\u00e9cution. J&rsquo;aide les marques \u00e0 p\u00e9n\u00e9trer de nouveaux march\u00e9s, \u00e0 d\u00e9velopper des partenariats \u00e0 long terme et \u00e0 transformer des produits solides en entreprises commercialement prosp\u00e8res. Une partie essentielle de mon travail est l&rsquo;\u00e9tablissement de relations. Je [&hellip;]<\/p>\n","protected":false},"author":1,"featured_media":12784,"parent":0,"menu_order":0,"comment_status":"closed","ping_status":"closed","template":"","meta":{"inspiro_page_layout":"narrow","inspiro_hide_title":false,"footnotes":"","_links_to":"","_links_to_target":""},"class_list":["post-12782","page","type-page","status-publish","has-post-thumbnail","hentry"],"featured_media_urls":{"thumbnail":["https:\/\/bikefirst.nl\/wp-content\/uploads\/2026\/01\/IMG_0208-1-150x150.jpg",150,150,true],"medium":["https:\/\/bikefirst.nl\/wp-content\/uploads\/2026\/01\/IMG_0208-1-300x97.jpg",300,97,true],"medium_large":["https:\/\/bikefirst.nl\/wp-content\/uploads\/2026\/01\/IMG_0208-1-768x247.jpg",768,247,true],"large":["https:\/\/bikefirst.nl\/wp-content\/uploads\/2026\/01\/IMG_0208-1-1024x329.jpg",930,299,true],"1536x1536":["https:\/\/bikefirst.nl\/wp-content\/uploads\/2026\/01\/IMG_0208-1.jpg",1290,415,false],"2048x2048":["https:\/\/bikefirst.nl\/wp-content\/uploads\/2026\/01\/IMG_0208-1.jpg",1290,415,false],"featured":["https:\/\/bikefirst.nl\/wp-content\/uploads\/2026\/01\/IMG_0208-1.jpg",1290,415,false],"featured@2x":["https:\/\/bikefirst.nl\/wp-content\/uploads\/2026\/01\/IMG_0208-1.jpg",1290,415,false],"featured-small":["https:\/\/bikefirst.nl\/wp-content\/uploads\/2026\/01\/IMG_0208-1-1000x322.jpg",1000,322,true],"recent-thumbnail":["https:\/\/bikefirst.nl\/wp-content\/uploads\/2026\/01\/IMG_0208-1-345x192.jpg",345,192,true],"recent-thumbnail-retina":["https:\/\/bikefirst.nl\/wp-content\/uploads\/2026\/01\/IMG_0208-1-690x384.jpg",690,384,true],"woo-featured":["https:\/\/bikefirst.nl\/wp-content\/uploads\/2026\/01\/IMG_0208-1-280x280.jpg",280,280,true],"entry-cover":["https:\/\/bikefirst.nl\/wp-content\/uploads\/2026\/01\/IMG_0208-1.jpg",1290,415,false],"entry-cover@2x":["https:\/\/bikefirst.nl\/wp-content\/uploads\/2026\/01\/IMG_0208-1.jpg",1290,415,false],"loop":["https:\/\/bikefirst.nl\/wp-content\/uploads\/2026\/01\/IMG_0208-1-950x320.jpg",950,320,true],"loop@2x":["https:\/\/bikefirst.nl\/wp-content\/uploads\/2026\/01\/IMG_0208-1.jpg",1290,415,false],"portfolio-scroller-widget":["https:\/\/bikefirst.nl\/wp-content\/uploads\/2026\/01\/IMG_0208-1.jpg",1290,415,false],"portfolio_item-thumbnail":["https:\/\/bikefirst.nl\/wp-content\/uploads\/2026\/01\/IMG_0208-1.jpg",600,193,false],"portfolio_item-thumbnail@2x":["https:\/\/bikefirst.nl\/wp-content\/uploads\/2026\/01\/IMG_0208-1.jpg",1200,386,false],"portfolio_item-masonry":["https:\/\/bikefirst.nl\/wp-content\/uploads\/2026\/01\/IMG_0208-1.jpg",600,193,false],"portfolio_item-thumbnail_wide":["https:\/\/bikefirst.nl\/wp-content\/uploads\/2026\/01\/IMG_0208-1.jpg",1290,415,false],"portfolio_item-thumbnail_wide_cinema":["https:\/\/bikefirst.nl\/wp-content\/uploads\/2026\/01\/IMG_0208-1.jpg",1290,415,false],"portfolio_item-thumbnail_cinema":["https:\/\/bikefirst.nl\/wp-content\/uploads\/2026\/01\/IMG_0208-1.jpg",800,257,false],"portfolio_item-thumbnail_portrait":["https:\/\/bikefirst.nl\/wp-content\/uploads\/2026\/01\/IMG_0208-1.jpg",600,193,false],"portfolio_item-thumbnail_square":["https:\/\/bikefirst.nl\/wp-content\/uploads\/2026\/01\/IMG_0208-1.jpg",800,257,false],"portfolio_item-masonry@2x":["https:\/\/bikefirst.nl\/wp-content\/uploads\/2026\/01\/IMG_0208-1.jpg",1200,386,false],"portfolio_item-thumbnail_portrait@2x":["https:\/\/bikefirst.nl\/wp-content\/uploads\/2026\/01\/IMG_0208-1.jpg",1200,386,false]},"_links":{"self":[{"href":"https:\/\/bikefirst.nl\/fr\/wp-json\/wp\/v2\/pages\/12782","targetHints":{"allow":["GET"]}}],"collection":[{"href":"https:\/\/bikefirst.nl\/fr\/wp-json\/wp\/v2\/pages"}],"about":[{"href":"https:\/\/bikefirst.nl\/fr\/wp-json\/wp\/v2\/types\/page"}],"author":[{"embeddable":true,"href":"https:\/\/bikefirst.nl\/fr\/wp-json\/wp\/v2\/users\/1"}],"replies":[{"embeddable":true,"href":"https:\/\/bikefirst.nl\/fr\/wp-json\/wp\/v2\/comments?post=12782"}],"version-history":[{"count":1,"href":"https:\/\/bikefirst.nl\/fr\/wp-json\/wp\/v2\/pages\/12782\/revisions"}],"predecessor-version":[{"id":12785,"href":"https:\/\/bikefirst.nl\/fr\/wp-json\/wp\/v2\/pages\/12782\/revisions\/12785"}],"wp:featuredmedia":[{"embeddable":true,"href":"https:\/\/bikefirst.nl\/fr\/wp-json\/wp\/v2\/media\/12784"}],"wp:attachment":[{"href":"https:\/\/bikefirst.nl\/fr\/wp-json\/wp\/v2\/media?parent=12782"}],"curies":[{"name":"wp","href":"https:\/\/api.w.org\/{rel}","templated":true}]}}