{"id":12765,"date":"2026-01-24T09:14:04","date_gmt":"2026-01-24T09:14:04","guid":{"rendered":"https:\/\/bikefirst.nl\/services-oem\/"},"modified":"2026-04-02T07:25:15","modified_gmt":"2026-04-02T07:25:15","slug":"services-oem","status":"publish","type":"page","link":"https:\/\/bikefirst.nl\/fr\/services-oem\/","title":{"rendered":"Services OEM"},"content":{"rendered":"\t\t<div data-elementor-type=\"wp-page\" data-elementor-id=\"12765\" class=\"elementor elementor-12765 elementor-12065\" data-elementor-post-type=\"page\">\n\t\t\t\t\t\t<section class=\"elementor-section elementor-top-section elementor-element elementor-element-0ed3825 elementor-section-boxed elementor-section-height-default elementor-section-height-default\" data-id=\"0ed3825\" data-element_type=\"section\" data-e-type=\"section\">\n\t\t\t\t\t\t<div class=\"elementor-container elementor-column-gap-default\">\n\t\t\t\t\t<div class=\"elementor-column elementor-col-100 elementor-top-column elementor-element elementor-element-0fe30fc\" data-id=\"0fe30fc\" data-element_type=\"column\" data-e-type=\"column\">\n\t\t\t<div class=\"elementor-widget-wrap elementor-element-populated\">\n\t\t\t\t\t\t<div class=\"elementor-element elementor-element-851b783 elementor-widget elementor-widget-text-editor\" data-id=\"851b783\" data-element_type=\"widget\" data-e-type=\"widget\" data-widget_type=\"text-editor.default\">\n\t\t\t\t<div class=\"elementor-widget-container\">\n\t\t\t\t\t\t\t\t\t<p><em>\u00ab Comprendre comment les produits sont fabriqu\u00e9s \u2014 pas seulement comment ils sont vendus. \u00bb<\/em><\/p>\t\t\t\t\t\t\t\t<\/div>\n\t\t\t\t<\/div>\n\t\t\t\t<div class=\"elementor-element elementor-element-3643fdc elementor-widget elementor-widget-text-editor\" data-id=\"3643fdc\" data-element_type=\"widget\" data-e-type=\"widget\" data-widget_type=\"text-editor.default\">\n\t\t\t\t<div class=\"elementor-widget-container\">\n\t\t\t\t\t\t\t\t\t<h3 data-start=\"331\" data-end=\"383\">Repr\u00e9sentation OEM strat\u00e9gique &amp; D\u00e9veloppement de marque<\/h3><p data-start=\"385\" data-end=\"645\">J&rsquo;accompagne les marques OEM \u00e0 traduire l&rsquo;excellence en ing\u00e9nierie et la vision produit en succ\u00e8s commercial durable.<br data-start=\"499\" data-end=\"502\">Mon r\u00f4le se situe \u00e0 l&rsquo;intersection du <strong data-start=\"538\" data-end=\"589\">fabricant, du march\u00e9 et de la valeur de marque \u00e0 long terme<\/strong> \u2014 toujours avec un accent sur la structure, la clart\u00e9 et la confiance.<\/p><p data-start=\"647\" data-end=\"750\">L&rsquo;OEM ne concerne pas les ventes rapides. Il s&rsquo;agit d&rsquo;alignement : entre le produit, le positionnement, les partenaires et les personnes. <\/p><hr data-start=\"752\" data-end=\"755\"><h3 data-start=\"757\" data-end=\"785\">Ce que je fais pour les marques OEM<\/h3><p data-start=\"787\" data-end=\"932\">Je travaille en \u00e9troite collaboration avec les fabricants OEM pour construire et g\u00e9rer leur pr\u00e9sence sur le march\u00e9 d&rsquo;une mani\u00e8re qui respecte \u00e0 la fois le produit et l&rsquo;ADN de la marque.<\/p><p data-start=\"934\" data-end=\"964\">Mon soutien comprend g\u00e9n\u00e9ralement :<\/p><ul><li data-start=\"968\" data-end=\"1093\"><strong data-start=\"968\" data-end=\"1000\">Entr\u00e9e et expansion sur le march\u00e9 OEM<\/strong><br data-start=\"1000\" data-end=\"1003\">Structuration d&rsquo;une strat\u00e9gie de mise sur le march\u00e9 claire pour l&rsquo;Europe et les march\u00e9s internationaux s\u00e9lectionn\u00e9s.<\/li><li data-start=\"968\" data-end=\"1093\"><strong data-start=\"1097\" data-end=\"1131\">Mise en place des ventes et de la distribution OEM<\/strong><br data-start=\"1131\" data-end=\"1134\">Identification et alignement des bons distributeurs, partenaires et comptes \u2014 la qualit\u00e9 avant la quantit\u00e9.<\/li><li data-start=\"968\" data-end=\"1093\"><strong data-start=\"1236\" data-end=\"1281\">Positionnement de la marque dans les environnements OEM<\/strong><br data-start=\"1281\" data-end=\"1284\">Aider les marques \u00e0 d\u00e9finir clairement leur positionnement dans les projets OEM, sans diluer leur identit\u00e9.<\/li><li data-start=\"968\" data-end=\"1093\"><strong data-start=\"1403\" data-end=\"1444\">Pont entre l&rsquo;ing\u00e9nierie et le march\u00e9<\/strong><br data-start=\"1444\" data-end=\"1447\">Traduire l&rsquo;innovation technique en valeur pertinente pour le march\u00e9, tout en renvoyant des informations concr\u00e8tes \u00e0 l&rsquo;usine.<\/li><li data-start=\"968\" data-end=\"1093\"><strong data-start=\"1568\" data-end=\"1615\">Gestion des comptes et des relations \u00e0 long terme<\/strong><br data-start=\"1615\" data-end=\"1618\">Le succ\u00e8s OEM repose sur la confiance et la continuit\u00e9 \u2014 pas sur des gains \u00e0 court terme.<\/li><\/ul><p data-start=\"1689\" data-end=\"1774\">Tout au long de chaque projet, la discr\u00e9tion, la transparence et l&rsquo;alignement sont des principes cl\u00e9s.<\/p><hr data-start=\"1776\" data-end=\"1779\"><h3 data-start=\"1781\" data-end=\"1825\">Exp\u00e9rience &amp; collaborations OEM s\u00e9lectionn\u00e9es<\/h3><p data-start=\"1827\" data-end=\"1985\">Au fil des ans, j&rsquo;ai travaill\u00e9 avec des fabricants ax\u00e9s sur l&rsquo;OEM, allant de marques allemandes d&rsquo;ing\u00e9nierie de pr\u00e9cision \u00e0 des entreprises d&rsquo;Europe du Sud ax\u00e9es sur l&rsquo;innovation.<\/p><p data-start=\"1987\" data-end=\"2020\">L&rsquo;exp\u00e9rience OEM s\u00e9lectionn\u00e9e comprend :<\/p><ul><li data-start=\"2023\" data-end=\"2055\"><strong data-start=\"2023\" data-end=\"2043\">BEAST Components<\/strong> \u2014 Allemagne<\/li><li data-start=\"2023\" data-end=\"2055\"><strong data-start=\"2058\" data-end=\"2080\">Sislent Components<\/strong> \u2014 Espagne<\/li><\/ul><p data-start=\"2092\" data-end=\"2219\">Ces collaborations ont impliqu\u00e9 le positionnement OEM, le d\u00e9veloppement de march\u00e9, l&rsquo;alignement des partenaires et l&rsquo;\u00e9tablissement de relations \u00e0 long terme.<\/p><p data-start=\"2221\" data-end=\"2329\">Chaque marque et chaque projet sont diff\u00e9rents, mais l&rsquo;approche reste la m\u00eame : structur\u00e9e, honn\u00eate et durable.<\/p><hr data-start=\"2331\" data-end=\"2334\"><h3 data-start=\"2336\" data-end=\"2350\">Ma fa\u00e7on de travailler<\/h3><p data-start=\"2352\" data-end=\"2434\">J&rsquo;op\u00e8re en tant que <strong data-start=\"2368\" data-end=\"2402\">repr\u00e9sentant OEM ind\u00e9pendant<\/strong>, et non comme un agent commercial traditionnel.<\/p><p data-start=\"2436\" data-end=\"2447\">Cela signifie :<\/p><ul><li data-start=\"2450\" data-end=\"2494\">Une pens\u00e9e \u00e0 long terme plut\u00f4t que des transactions rapides<\/li><li data-start=\"2450\" data-end=\"2494\">Traitement confidentiel des informations et de la strat\u00e9gie<\/li><li data-start=\"2450\" data-end=\"2494\">Partenariats s\u00e9lectifs bas\u00e9s sur une ad\u00e9quation mutuelle<\/li><li data-start=\"2450\" data-end=\"2494\">Un fort accent sur les personnes et les relations<\/li><\/ul><p data-start=\"2642\" data-end=\"2734\">Je crois que les partenariats OEM solides se construisent gr\u00e2ce \u00e0 la coh\u00e9rence, \u00e0 la confiance et \u00e0 une ambition partag\u00e9e.<\/p><hr data-start=\"2736\" data-end=\"2739\"><h3 data-start=\"2741\" data-end=\"2758\">Connectons-nous<\/h3><p data-start=\"2760\" data-end=\"2795\">Si vous \u00eates une marque OEM cherchant \u00e0 :<\/p><ul><li data-start=\"2798\" data-end=\"2817\">P\u00e9n\u00e9trer de nouveaux march\u00e9s<\/li><li data-start=\"2798\" data-end=\"2817\">Renforcer votre positionnement OEM<\/li><li data-start=\"2798\" data-end=\"2817\">Mettre en place une approche commerciale plus structur\u00e9e et durable<\/li><\/ul><p data-start=\"2914\" data-end=\"2962\">Je suis toujours ouvert \u00e0 une <strong><a href=\"http:\/\/www.linkedin.com\/in\/dennis-jansen-5169b316b\">conversation exploratoire<\/a><\/strong>.<\/p><p data-start=\"2914\" data-end=\"2962\"> <\/p>\t\t\t\t\t\t\t\t<\/div>\n\t\t\t\t<\/div>\n\t\t\t\t\t<\/div>\n\t\t<\/div>\n\t\t\t\t\t<\/div>\n\t\t<\/section>\n\t\t\t\t<\/div>\n\t\t","protected":false},"excerpt":{"rendered":"<p>\u00ab Comprendre comment les produits sont fabriqu\u00e9s \u2014 pas seulement comment ils sont vendus. \u00bb Repr\u00e9sentation OEM strat\u00e9gique &amp; D\u00e9veloppement de marque J&rsquo;accompagne les marques OEM \u00e0 traduire l&rsquo;excellence en ing\u00e9nierie et la vision produit en succ\u00e8s commercial durable.Mon r\u00f4le se situe \u00e0 l&rsquo;intersection du fabricant, du march\u00e9 et de la valeur de marque \u00e0 long terme \u2014 toujours avec un accent sur la structure, la clart\u00e9 et la confiance. L&rsquo;OEM ne concerne pas les [&hellip;]<\/p>\n","protected":false},"author":1,"featured_media":12766,"parent":0,"menu_order":0,"comment_status":"closed","ping_status":"closed","template":"","meta":{"inspiro_page_layout":"narrow","inspiro_hide_title":false,"footnotes":"","_links_to":"","_links_to_target":""},"class_list":["post-12765","page","type-page","status-publish","has-post-thumbnail","hentry"],"featured_media_urls":{"thumbnail":["https:\/\/bikefirst.nl\/wp-content\/uploads\/2026\/01\/IMG_3910-1-150x150.png",150,150,true],"medium":["https:\/\/bikefirst.nl\/wp-content\/uploads\/2026\/01\/IMG_3910-1-300x182.png",300,182,true],"medium_large":["https:\/\/bikefirst.nl\/wp-content\/uploads\/2026\/01\/IMG_3910-1-768x465.png",768,465,true],"large":["https:\/\/bikefirst.nl\/wp-content\/uploads\/2026\/01\/IMG_3910-1-1024x620.png",930,563,true],"1536x1536":["https:\/\/bikefirst.nl\/wp-content\/uploads\/2026\/01\/IMG_3910-1-1536x931.png",1536,931,true],"2048x2048":["https:\/\/bikefirst.nl\/wp-content\/uploads\/2026\/01\/IMG_3910-1-2048x1241.png",2048,1241,true],"featured":["https:\/\/bikefirst.nl\/wp-content\/uploads\/2026\/01\/IMG_3910-1-2000x1212.png",2000,1212,true],"featured@2x":["https:\/\/bikefirst.nl\/wp-content\/uploads\/2026\/01\/IMG_3910-1-3000x1817.png",3000,1817,true],"featured-small":["https:\/\/bikefirst.nl\/wp-content\/uploads\/2026\/01\/IMG_3910-1-1000x606.png",1000,606,true],"recent-thumbnail":["https:\/\/bikefirst.nl\/wp-content\/uploads\/2026\/01\/IMG_3910-1-345x192.png",345,192,true],"recent-thumbnail-retina":["https:\/\/bikefirst.nl\/wp-content\/uploads\/2026\/01\/IMG_3910-1-690x384.png",690,384,true],"woo-featured":["https:\/\/bikefirst.nl\/wp-content\/uploads\/2026\/01\/IMG_3910-1-280x280.png",280,280,true],"entry-cover":["https:\/\/bikefirst.nl\/wp-content\/uploads\/2026\/01\/IMG_3910-1-1800x1090.png",1800,1090,true],"entry-cover@2x":["https:\/\/bikefirst.nl\/wp-content\/uploads\/2026\/01\/IMG_3910-1-scaled.png",2560,1551,false],"loop":["https:\/\/bikefirst.nl\/wp-content\/uploads\/2026\/01\/IMG_3910-1-950x320.png",950,320,true],"loop@2x":["https:\/\/bikefirst.nl\/wp-content\/uploads\/2026\/01\/IMG_3910-1-1900x640.png",1900,640,true],"portfolio-scroller-widget":["https:\/\/bikefirst.nl\/wp-content\/uploads\/2026\/01\/IMG_3910-1-924x560.png",924,560,true],"portfolio_item-thumbnail":["https:\/\/bikefirst.nl\/wp-content\/uploads\/2026\/01\/IMG_3910-1-scaled.png",600,364,false],"portfolio_item-thumbnail@2x":["https:\/\/bikefirst.nl\/wp-content\/uploads\/2026\/01\/IMG_3910-1-scaled.png",1200,727,false],"portfolio_item-masonry":["https:\/\/bikefirst.nl\/wp-content\/uploads\/2026\/01\/IMG_3910-1-scaled.png",600,364,false],"portfolio_item-thumbnail_wide":["https:\/\/bikefirst.nl\/wp-content\/uploads\/2026\/01\/IMG_3910-1-1800x600.png",1800,600,true],"portfolio_item-thumbnail_wide_cinema":["https:\/\/bikefirst.nl\/wp-content\/uploads\/2026\/01\/IMG_3910-1-1800x750.png",1800,750,true],"portfolio_item-thumbnail_cinema":["https:\/\/bikefirst.nl\/wp-content\/uploads\/2026\/01\/IMG_3910-1-scaled.png",553,335,false],"portfolio_item-thumbnail_portrait":["https:\/\/bikefirst.nl\/wp-content\/uploads\/2026\/01\/IMG_3910-1-scaled.png",600,364,false],"portfolio_item-thumbnail_square":["https:\/\/bikefirst.nl\/wp-content\/uploads\/2026\/01\/IMG_3910-1-scaled.png",800,485,false],"portfolio_item-masonry@2x":["https:\/\/bikefirst.nl\/wp-content\/uploads\/2026\/01\/IMG_3910-1-scaled.png",1200,727,false],"portfolio_item-thumbnail_portrait@2x":["https:\/\/bikefirst.nl\/wp-content\/uploads\/2026\/01\/IMG_3910-1-scaled.png",1200,727,false]},"_links":{"self":[{"href":"https:\/\/bikefirst.nl\/fr\/wp-json\/wp\/v2\/pages\/12765","targetHints":{"allow":["GET"]}}],"collection":[{"href":"https:\/\/bikefirst.nl\/fr\/wp-json\/wp\/v2\/pages"}],"about":[{"href":"https:\/\/bikefirst.nl\/fr\/wp-json\/wp\/v2\/types\/page"}],"author":[{"embeddable":true,"href":"https:\/\/bikefirst.nl\/fr\/wp-json\/wp\/v2\/users\/1"}],"replies":[{"embeddable":true,"href":"https:\/\/bikefirst.nl\/fr\/wp-json\/wp\/v2\/comments?post=12765"}],"version-history":[{"count":1,"href":"https:\/\/bikefirst.nl\/fr\/wp-json\/wp\/v2\/pages\/12765\/revisions"}],"predecessor-version":[{"id":12767,"href":"https:\/\/bikefirst.nl\/fr\/wp-json\/wp\/v2\/pages\/12765\/revisions\/12767"}],"wp:featuredmedia":[{"embeddable":true,"href":"https:\/\/bikefirst.nl\/fr\/wp-json\/wp\/v2\/media\/12766"}],"wp:attachment":[{"href":"https:\/\/bikefirst.nl\/fr\/wp-json\/wp\/v2\/media?parent=12765"}],"curies":[{"name":"wp","href":"https:\/\/api.w.org\/{rel}","templated":true}]}}