{"id":12692,"date":"2009-09-08T16:33:06","date_gmt":"2009-09-08T16:33:06","guid":{"rendered":"https:\/\/bikefirst.nl\/parcours\/"},"modified":"2026-04-02T07:22:00","modified_gmt":"2026-04-02T07:22:00","slug":"parcours","status":"publish","type":"page","link":"https:\/\/bikefirst.nl\/fr\/parcours\/","title":{"rendered":"Parcours"},"content":{"rendered":"\t\t<div data-elementor-type=\"wp-page\" data-elementor-id=\"12692\" class=\"elementor elementor-12692 elementor-4491\" data-elementor-post-type=\"page\">\n\t\t\t\t\t\t<section class=\"elementor-section elementor-top-section elementor-element elementor-element-1de35ecf elementor-section-boxed elementor-section-height-default elementor-section-height-default\" data-id=\"1de35ecf\" data-element_type=\"section\" data-e-type=\"section\">\n\t\t\t\t\t\t<div class=\"elementor-container elementor-column-gap-no\">\n\t\t\t\t\t<div class=\"elementor-column elementor-col-100 elementor-top-column elementor-element elementor-element-42647a8d\" data-id=\"42647a8d\" data-element_type=\"column\" data-e-type=\"column\">\n\t\t\t<div class=\"elementor-widget-wrap elementor-element-populated\">\n\t\t\t\t\t\t<div class=\"elementor-element elementor-element-3d98f00 elementor-widget elementor-widget-text-editor\" data-id=\"3d98f00\" data-element_type=\"widget\" data-e-type=\"widget\" data-widget_type=\"text-editor.default\">\n\t\t\t\t<div class=\"elementor-widget-container\">\n\t\t\t\t\t\t\t\t\t<p><em>\u00ab Le cyclisme fait partie de ma vie depuis bien avant de devenir mon m\u00e9tier. \u00bb<\/em><\/p>\t\t\t\t\t\t\t\t<\/div>\n\t\t\t\t<\/div>\n\t\t\t\t<section class=\"elementor-section elementor-inner-section elementor-element elementor-element-4d7c54cc elementor-section-full_width elementor-section-height-default elementor-section-height-default\" data-id=\"4d7c54cc\" data-element_type=\"section\" data-e-type=\"section\">\n\t\t\t\t\t\t<div class=\"elementor-container elementor-column-gap-no\">\n\t\t\t\t\t<div class=\"elementor-column elementor-col-100 elementor-inner-column elementor-element elementor-element-4894fba7\" data-id=\"4894fba7\" data-element_type=\"column\" data-e-type=\"column\">\n\t\t\t<div class=\"elementor-widget-wrap elementor-element-populated\">\n\t\t\t\t\t\t<div class=\"elementor-element elementor-element-5a57c140 elementor-widget elementor-widget-text-editor\" data-id=\"5a57c140\" data-element_type=\"widget\" data-e-type=\"widget\" data-widget_type=\"text-editor.default\">\n\t\t\t\t<div class=\"elementor-widget-container\">\n\t\t\t\t\t\t\t\t\t<h3 data-start=\"1795\" data-end=\"1809\">Parcours<\/h3><p data-start=\"1811\" data-end=\"1929\">Je suis Dennis Jansen, conseiller ind\u00e9pendant et agent commercial dans l\u2019industrie du cyclisme, exer\u00e7ant sous le nom BikeFirst.<\/p><p data-start=\"1931\" data-end=\"2099\">Fort de plus de dix ans d\u2019exp\u00e9rience dans des <strong data-start=\"1973\" data-end=\"2009\">environnements OEM et aftermarket<\/strong>, j\u2019accompagne les marques sur l\u2019int\u00e9gration produit, l\u2019entr\u00e9e sur le march\u00e9 et la croissance commerciale \u00e0 long terme.<\/p><hr data-start=\"2101\" data-end=\"2104\"><h3 data-start=\"2106\" data-end=\"2129\">Exp\u00e9rience dans l\u2019industrie<\/h3><p data-start=\"2131\" data-end=\"2405\">J\u2019ai commenc\u00e9 ma carri\u00e8re c\u00f4t\u00e9 distribution, o\u00f9 j\u2019ai poss\u00e9d\u00e9 et exploit\u00e9 un magasin de v\u00e9los premium, ax\u00e9 sur les montages sur mesure et l\u2019interaction directe avec les clients. Cette base m\u2019a apport\u00e9 une solide compr\u00e9hension des performances produit, des attentes en mati\u00e8re de service et des besoins des utilisateurs finaux. <\/p><p data-start=\"2407\" data-end=\"2488\">J\u2019ai ensuite \u00e9volu\u00e9 vers la repr\u00e9sentation internationale de marques et des fonctions orient\u00e9es OEM.<\/p><p data-start=\"2490\" data-end=\"2715\">J\u2019ai travaill\u00e9 comme responsable de comptes pour <strong data-start=\"2525\" data-end=\"2550\">ROTOR Bike Components<\/strong>, fabricant espagnol de composants cyclistes haut de gamme, puis j\u2019ai occup\u00e9 un poste chez <strong data-start=\"2631\" data-end=\"2648\">TIME Bicycles<\/strong>, o\u00f9 j\u2019\u00e9tais actif dans les ventes internationales et la gestion des partenaires.<\/p><p data-start=\"2717\" data-end=\"2895\">En 2022, j\u2019ai fond\u00e9 <strong data-start=\"2736\" data-end=\"2749\">BikeFirst<\/strong> et j\u2019ai continu\u00e9 \u00e0 accompagner certaines marques en tant que partenaire ind\u00e9pendant, en me concentrant sur la repr\u00e9sentation commerciale, le d\u00e9veloppement OEM et les partenariats strat\u00e9giques.<\/p><hr data-start=\"2897\" data-end=\"2900\"><h3 data-start=\"2902\" data-end=\"2927\">Partenariats s\u00e9lectionn\u00e9s<\/h3><p data-start=\"2929\" data-end=\"3047\">Au fil des ann\u00e9es, j\u2019ai eu l\u2019opportunit\u00e9 de travailler en \u00e9troite collaboration avec plusieurs marques reconnues du secteur, notamment :<\/p><ul><li data-start=\"3051\" data-end=\"3074\">ROTOR Bike Components<\/li><li data-start=\"3051\" data-end=\"3074\">TIME Bicycles<\/li><li data-start=\"3051\" data-end=\"3074\">BEAST Components<\/li><li data-start=\"3051\" data-end=\"3074\">3T Bike<\/li><\/ul><p data-start=\"3127\" data-end=\"3234\">Ces collaborations refl\u00e8tent mon orientation vers des <strong data-start=\"3168\" data-end=\"3193\">marques ax\u00e9es sur la qualit\u00e9<\/strong>, une coop\u00e9ration \u00e0 long terme et une confiance mutuelle.<\/p><hr data-start=\"3236\" data-end=\"3239\"><h3 data-start=\"3241\" data-end=\"3253\">Approche<\/h3><p data-start=\"3255\" data-end=\"3334\">Tout au long de ma carri\u00e8re, la construction de relations a \u00e9t\u00e9 au c\u0153ur de ma mani\u00e8re de travailler.<\/p><p data-start=\"3336\" data-end=\"3595\">Je suis convaincu que la r\u00e9ussite durable dans l\u2019industrie du cyclisme repose sur la confiance, la transparence et un alignement \u00e0 long terme \u2014 tant sur le plan commercial que personnel. Mon r\u00f4le consiste souvent \u00e0 mettre en relation les bonnes personnes, \u00e0 aligner les attentes et \u00e0 cr\u00e9er des partenariats durables. <\/p><hr data-start=\"3597\" data-end=\"3600\"><h3 data-start=\"3602\" data-end=\"3611\">Aujourd\u2019hui<\/h3><p data-start=\"3613\" data-end=\"3742\">Aujourd\u2019hui, je travaille de mani\u00e8re ind\u00e9pendante avec un nombre limit\u00e9 de marques, en agissant comme partenaire de long terme plut\u00f4t que comme interm\u00e9diaire \u00e0 court terme.<\/p><p data-start=\"3613\" data-end=\"3742\"> <\/p>\t\t\t\t\t\t\t\t<\/div>\n\t\t\t\t<\/div>\n\t\t\t\t\t<\/div>\n\t\t<\/div>\n\t\t\t\t\t<\/div>\n\t\t<\/section>\n\t\t\t\t\t<\/div>\n\t\t<\/div>\n\t\t\t\t\t<\/div>\n\t\t<\/section>\n\t\t\t\t<section class=\"elementor-section elementor-top-section elementor-element elementor-element-3191fe3b elementor-section-full_width elementor-section-height-default elementor-section-height-default\" data-id=\"3191fe3b\" data-element_type=\"section\" data-e-type=\"section\" data-settings=\"{&quot;background_background&quot;:&quot;classic&quot;}\">\n\t\t\t\t\t\t\t<div class=\"elementor-background-overlay\"><\/div>\n\t\t\t\t\t\t\t<div class=\"elementor-container elementor-column-gap-no\">\n\t\t\t\t\t<div class=\"elementor-column elementor-col-100 elementor-top-column elementor-element elementor-element-401c79c4\" data-id=\"401c79c4\" data-element_type=\"column\" data-e-type=\"column\">\n\t\t\t<div class=\"elementor-widget-wrap elementor-element-populated\">\n\t\t\t\t\t\t<section class=\"elementor-section elementor-inner-section elementor-element elementor-element-36d65184 elementor-section-boxed elementor-section-height-default elementor-section-height-default\" data-id=\"36d65184\" data-element_type=\"section\" data-e-type=\"section\">\n\t\t\t\t\t\t<div class=\"elementor-container elementor-column-gap-default\">\n\t\t\t\t\t<div class=\"elementor-column elementor-col-100 elementor-inner-column elementor-element elementor-element-6689fb33\" data-id=\"6689fb33\" data-element_type=\"column\" data-e-type=\"column\">\n\t\t\t<div class=\"elementor-widget-wrap elementor-element-populated\">\n\t\t\t\t\t\t<div class=\"elementor-element elementor-element-28d97988 elementor-widget elementor-widget-heading\" data-id=\"28d97988\" data-element_type=\"widget\" data-e-type=\"widget\" data-widget_type=\"heading.default\">\n\t\t\t\t<div class=\"elementor-widget-container\">\n\t\t\t\t\t<h2 class=\"elementor-heading-title elementor-size-default\">Pourquoi pouvons-nous \u00eatre partenaires ?<\/h2>\t\t\t\t<\/div>\n\t\t\t\t<\/div>\n\t\t\t\t\t<\/div>\n\t\t<\/div>\n\t\t\t\t\t<\/div>\n\t\t<\/section>\n\t\t\t\t<section class=\"elementor-section elementor-inner-section elementor-element elementor-element-7aabfbbd elementor-section-boxed elementor-section-height-default elementor-section-height-default\" data-id=\"7aabfbbd\" data-element_type=\"section\" data-e-type=\"section\">\n\t\t\t\t\t\t<div class=\"elementor-container elementor-column-gap-default\">\n\t\t\t\t\t<div class=\"elementor-column elementor-col-33 elementor-inner-column elementor-element elementor-element-3cbf40d5\" data-id=\"3cbf40d5\" data-element_type=\"column\" data-e-type=\"column\">\n\t\t\t<div class=\"elementor-widget-wrap elementor-element-populated\">\n\t\t\t\t\t\t<div class=\"elementor-element elementor-element-4d921805 elementor-view-default elementor-position-block-start elementor-mobile-position-block-start elementor-widget elementor-widget-icon-box\" data-id=\"4d921805\" data-element_type=\"widget\" data-e-type=\"widget\" data-widget_type=\"icon-box.default\">\n\t\t\t\t<div class=\"elementor-widget-container\">\n\t\t\t\t\t\t\t<div class=\"elementor-icon-box-wrapper\">\n\n\t\t\t\t\t\t<div class=\"elementor-icon-box-icon\">\n\t\t\t\t<span  class=\"elementor-icon\">\n\t\t\t\t<i aria-hidden=\"true\" class=\"far fa-handshake\"><\/i>\t\t\t\t<\/span>\n\t\t\t<\/div>\n\t\t\t\n\t\t\t\t\t\t<div class=\"elementor-icon-box-content\">\n\n\t\t\t\t\t\t\t\t\t<h3 class=\"elementor-icon-box-title\">\n\t\t\t\t\t\t<span  >\n\t\t\t\t\t\t\tTravailler ensemble\t\t\t\t\t\t<\/span>\n\t\t\t\t\t<\/h3>\n\t\t\t\t\n\t\t\t\t\t\t\t\t\t<p class=\"elementor-icon-box-description\">\n\t\t\t\t\t\tLa r\u00e9ussite en affaires se construit gr\u00e2ce au travail d\u2019\u00e9quipe. C\u2019est l\u00e0 que je m\u2019efforce de faire la diff\u00e9rence dans l\u2019industrie du cyclisme. \t\t\t\t\t<\/p>\n\t\t\t\t\n\t\t\t<\/div>\n\t\t\t\n\t\t<\/div>\n\t\t\t\t\t\t<\/div>\n\t\t\t\t<\/div>\n\t\t\t\t\t<\/div>\n\t\t<\/div>\n\t\t\t\t<div class=\"elementor-column elementor-col-33 elementor-inner-column elementor-element elementor-element-5b6e4aa4\" data-id=\"5b6e4aa4\" data-element_type=\"column\" data-e-type=\"column\">\n\t\t\t<div class=\"elementor-widget-wrap elementor-element-populated\">\n\t\t\t\t\t\t<div class=\"elementor-element elementor-element-4059e0ad elementor-view-default elementor-position-block-start elementor-mobile-position-block-start elementor-widget elementor-widget-icon-box\" data-id=\"4059e0ad\" data-element_type=\"widget\" data-e-type=\"widget\" data-widget_type=\"icon-box.default\">\n\t\t\t\t<div class=\"elementor-widget-container\">\n\t\t\t\t\t\t\t<div class=\"elementor-icon-box-wrapper\">\n\n\t\t\t\t\t\t<div class=\"elementor-icon-box-icon\">\n\t\t\t\t<span  class=\"elementor-icon\">\n\t\t\t\t<i aria-hidden=\"true\" class=\"fas fa-medal\"><\/i>\t\t\t\t<\/span>\n\t\t\t<\/div>\n\t\t\t\n\t\t\t\t\t\t<div class=\"elementor-icon-box-content\">\n\n\t\t\t\t\t\t\t\t\t<h3 class=\"elementor-icon-box-title\">\n\t\t\t\t\t\t<span  >\n\t\t\t\t\t\t\tPlus de 12 ans d\u2019exp\u00e9rience\t\t\t\t\t\t<\/span>\n\t\t\t\t\t<\/h3>\n\t\t\t\t\n\t\t\t\t\t\t\t\t\t<p class=\"elementor-icon-box-description\">\n\t\t\t\t\t\tDepuis 2014, je suis actif dans le segment haut de gamme du march\u00e9 du v\u00e9lo, au service des clients, des d\u00e9taillants et des fabricants.\t\t\t\t\t<\/p>\n\t\t\t\t\n\t\t\t<\/div>\n\t\t\t\n\t\t<\/div>\n\t\t\t\t\t\t<\/div>\n\t\t\t\t<\/div>\n\t\t\t\t\t<\/div>\n\t\t<\/div>\n\t\t\t\t<div class=\"elementor-column elementor-col-33 elementor-inner-column elementor-element elementor-element-6200b030\" data-id=\"6200b030\" data-element_type=\"column\" data-e-type=\"column\">\n\t\t\t<div class=\"elementor-widget-wrap elementor-element-populated\">\n\t\t\t\t\t\t<div class=\"elementor-element elementor-element-28dbfca6 elementor-view-default elementor-position-block-start elementor-mobile-position-block-start elementor-widget elementor-widget-icon-box\" data-id=\"28dbfca6\" data-element_type=\"widget\" data-e-type=\"widget\" data-widget_type=\"icon-box.default\">\n\t\t\t\t<div class=\"elementor-widget-container\">\n\t\t\t\t\t\t\t<div class=\"elementor-icon-box-wrapper\">\n\n\t\t\t\t\t\t<div class=\"elementor-icon-box-icon\">\n\t\t\t\t<span  class=\"elementor-icon\">\n\t\t\t\t<i aria-hidden=\"true\" class=\"far fa-thumbs-up\"><\/i>\t\t\t\t<\/span>\n\t\t\t<\/div>\n\t\t\t\n\t\t\t\t\t\t<div class=\"elementor-icon-box-content\">\n\n\t\t\t\t\t\t\t\t\t<h3 class=\"elementor-icon-box-title\">\n\t\t\t\t\t\t<span  >\n\t\t\t\t\t\t\tService et assistance\t\t\t\t\t\t<\/span>\n\t\t\t\t\t<\/h3>\n\t\t\t\t\n\t\t\t\t\t\t\t\t\t<p class=\"elementor-icon-box-description\">\n\t\t\t\t\t\tUn service solide et fiable est essentiel \u00e0 tout partenariat durable \u2014 et c\u2019est pr\u00e9cis\u00e9ment l\u00e0 que j\u2019interviens.\t\t\t\t\t<\/p>\n\t\t\t\t\n\t\t\t<\/div>\n\t\t\t\n\t\t<\/div>\n\t\t\t\t\t\t<\/div>\n\t\t\t\t<\/div>\n\t\t\t\t\t<\/div>\n\t\t<\/div>\n\t\t\t\t\t<\/div>\n\t\t<\/section>\n\t\t\t\t\t<\/div>\n\t\t<\/div>\n\t\t\t\t\t<\/div>\n\t\t<\/section>\n\t\t\t\t<section class=\"elementor-section elementor-top-section elementor-element elementor-element-433f918c elementor-section-boxed elementor-section-height-default elementor-section-height-default\" data-id=\"433f918c\" data-element_type=\"section\" data-e-type=\"section\" data-settings=\"{&quot;background_background&quot;:&quot;classic&quot;}\">\n\t\t\t\t\t\t<div class=\"elementor-container elementor-column-gap-no\">\n\t\t\t\t\t<div class=\"elementor-column elementor-col-100 elementor-top-column elementor-element elementor-element-13951990\" data-id=\"13951990\" data-element_type=\"column\" data-e-type=\"column\">\n\t\t\t<div class=\"elementor-widget-wrap\">\n\t\t\t\t\t\t\t<\/div>\n\t\t<\/div>\n\t\t\t\t\t<\/div>\n\t\t<\/section>\n\t\t\t\t<\/div>\n\t\t","protected":false},"excerpt":{"rendered":"<p>\u00ab Le cyclisme fait partie de ma vie depuis bien avant de devenir mon m\u00e9tier. \u00bb Parcours Je suis Dennis Jansen, conseiller ind\u00e9pendant et agent commercial dans l\u2019industrie du cyclisme, exer\u00e7ant sous le nom BikeFirst. Fort de plus de dix ans d\u2019exp\u00e9rience dans des environnements OEM et aftermarket, j\u2019accompagne les marques sur l\u2019int\u00e9gration produit, l\u2019entr\u00e9e sur le march\u00e9 et la croissance commerciale \u00e0 long terme. Exp\u00e9rience dans l\u2019industrie J\u2019ai commenc\u00e9 ma carri\u00e8re c\u00f4t\u00e9 distribution, o\u00f9 [&hellip;]<\/p>\n","protected":false},"author":1,"featured_media":12696,"parent":0,"menu_order":0,"comment_status":"closed","ping_status":"closed","template":"","meta":{"inspiro_page_layout":"narrow","inspiro_hide_title":false,"footnotes":"","_links_to":"","_links_to_target":""},"class_list":["post-12692","page","type-page","status-publish","has-post-thumbnail","hentry"],"featured_media_urls":{"thumbnail":["https:\/\/bikefirst.nl\/wp-content\/uploads\/2026\/01\/IMG_45362-150x150.jpg",150,150,true],"medium":["https:\/\/bikefirst.nl\/wp-content\/uploads\/2026\/01\/IMG_45362-300x148.jpg",300,148,true],"medium_large":["https:\/\/bikefirst.nl\/wp-content\/uploads\/2026\/01\/IMG_45362-768x378.jpg",768,378,true],"large":["https:\/\/bikefirst.nl\/wp-content\/uploads\/2026\/01\/IMG_45362-1024x504.jpg",930,458,true],"1536x1536":["https:\/\/bikefirst.nl\/wp-content\/uploads\/2026\/01\/IMG_45362.jpg",1290,635,false],"2048x2048":["https:\/\/bikefirst.nl\/wp-content\/uploads\/2026\/01\/IMG_45362.jpg",1290,635,false],"featured":["https:\/\/bikefirst.nl\/wp-content\/uploads\/2026\/01\/IMG_45362.jpg",1290,635,false],"featured@2x":["https:\/\/bikefirst.nl\/wp-content\/uploads\/2026\/01\/IMG_45362.jpg",1290,635,false],"featured-small":["https:\/\/bikefirst.nl\/wp-content\/uploads\/2026\/01\/IMG_45362-1000x492.jpg",1000,492,true],"recent-thumbnail":["https:\/\/bikefirst.nl\/wp-content\/uploads\/2026\/01\/IMG_45362-345x192.jpg",345,192,true],"recent-thumbnail-retina":["https:\/\/bikefirst.nl\/wp-content\/uploads\/2026\/01\/IMG_45362-690x384.jpg",690,384,true],"woo-featured":["https:\/\/bikefirst.nl\/wp-content\/uploads\/2026\/01\/IMG_45362-280x280.jpg",280,280,true],"entry-cover":["https:\/\/bikefirst.nl\/wp-content\/uploads\/2026\/01\/IMG_45362.jpg",1290,635,false],"entry-cover@2x":["https:\/\/bikefirst.nl\/wp-content\/uploads\/2026\/01\/IMG_45362.jpg",1290,635,false],"loop":["https:\/\/bikefirst.nl\/wp-content\/uploads\/2026\/01\/IMG_45362-950x320.jpg",950,320,true],"loop@2x":["https:\/\/bikefirst.nl\/wp-content\/uploads\/2026\/01\/IMG_45362.jpg",1290,635,false],"portfolio-scroller-widget":["https:\/\/bikefirst.nl\/wp-content\/uploads\/2026\/01\/IMG_45362-1138x560.jpg",1138,560,true],"portfolio_item-thumbnail":["https:\/\/bikefirst.nl\/wp-content\/uploads\/2026\/01\/IMG_45362.jpg",600,295,false],"portfolio_item-thumbnail@2x":["https:\/\/bikefirst.nl\/wp-content\/uploads\/2026\/01\/IMG_45362.jpg",1200,591,false],"portfolio_item-masonry":["https:\/\/bikefirst.nl\/wp-content\/uploads\/2026\/01\/IMG_45362.jpg",600,295,false],"portfolio_item-thumbnail_wide":["https:\/\/bikefirst.nl\/wp-content\/uploads\/2026\/01\/IMG_45362-1290x600.jpg",1290,600,true],"portfolio_item-thumbnail_wide_cinema":["https:\/\/bikefirst.nl\/wp-content\/uploads\/2026\/01\/IMG_45362.jpg",1290,635,false],"portfolio_item-thumbnail_cinema":["https:\/\/bikefirst.nl\/wp-content\/uploads\/2026\/01\/IMG_45362.jpg",681,335,false],"portfolio_item-thumbnail_portrait":["https:\/\/bikefirst.nl\/wp-content\/uploads\/2026\/01\/IMG_45362.jpg",600,295,false],"portfolio_item-thumbnail_square":["https:\/\/bikefirst.nl\/wp-content\/uploads\/2026\/01\/IMG_45362.jpg",800,394,false],"portfolio_item-masonry@2x":["https:\/\/bikefirst.nl\/wp-content\/uploads\/2026\/01\/IMG_45362.jpg",1200,591,false],"portfolio_item-thumbnail_portrait@2x":["https:\/\/bikefirst.nl\/wp-content\/uploads\/2026\/01\/IMG_45362.jpg",1200,591,false]},"_links":{"self":[{"href":"https:\/\/bikefirst.nl\/fr\/wp-json\/wp\/v2\/pages\/12692","targetHints":{"allow":["GET"]}}],"collection":[{"href":"https:\/\/bikefirst.nl\/fr\/wp-json\/wp\/v2\/pages"}],"about":[{"href":"https:\/\/bikefirst.nl\/fr\/wp-json\/wp\/v2\/types\/page"}],"author":[{"embeddable":true,"href":"https:\/\/bikefirst.nl\/fr\/wp-json\/wp\/v2\/users\/1"}],"replies":[{"embeddable":true,"href":"https:\/\/bikefirst.nl\/fr\/wp-json\/wp\/v2\/comments?post=12692"}],"version-history":[{"count":1,"href":"https:\/\/bikefirst.nl\/fr\/wp-json\/wp\/v2\/pages\/12692\/revisions"}],"predecessor-version":[{"id":12697,"href":"https:\/\/bikefirst.nl\/fr\/wp-json\/wp\/v2\/pages\/12692\/revisions\/12697"}],"wp:featuredmedia":[{"embeddable":true,"href":"https:\/\/bikefirst.nl\/fr\/wp-json\/wp\/v2\/media\/12696"}],"wp:attachment":[{"href":"https:\/\/bikefirst.nl\/fr\/wp-json\/wp\/v2\/media?parent=12692"}],"curies":[{"name":"wp","href":"https:\/\/api.w.org\/{rel}","templated":true}]}}