{"id":12679,"date":"2009-05-06T11:43:24","date_gmt":"2009-05-06T11:43:24","guid":{"rendered":"https:\/\/bikefirst.nl\/contact\/"},"modified":"2026-04-02T07:21:36","modified_gmt":"2026-04-02T07:21:36","slug":"contact","status":"publish","type":"page","link":"https:\/\/bikefirst.nl\/fr\/contact\/","title":{"rendered":"Contact"},"content":{"rendered":"\t\t<div data-elementor-type=\"wp-page\" data-elementor-id=\"12679\" class=\"elementor elementor-12679 elementor-628\" data-elementor-post-type=\"page\">\n\t\t\t\t\t\t<section class=\"elementor-section elementor-top-section elementor-element elementor-element-186b7b76 elementor-section-boxed elementor-section-height-default elementor-section-height-default\" data-id=\"186b7b76\" data-element_type=\"section\" data-e-type=\"section\">\n\t\t\t\t\t\t<div class=\"elementor-container elementor-column-gap-default\">\n\t\t\t\t\t\t<\/div>\n\t\t<\/section>\n\t\t\t\t<section class=\"elementor-section elementor-top-section elementor-element elementor-element-1c5a144 elementor-section-boxed elementor-section-height-default elementor-section-height-default\" data-id=\"1c5a144\" data-element_type=\"section\" data-e-type=\"section\">\n\t\t\t\t\t\t<div class=\"elementor-container elementor-column-gap-default\">\n\t\t\t\t\t<div class=\"elementor-column elementor-col-100 elementor-top-column elementor-element elementor-element-45f13dd9\" data-id=\"45f13dd9\" data-element_type=\"column\" data-e-type=\"column\">\n\t\t\t<div class=\"elementor-widget-wrap elementor-element-populated\">\n\t\t\t\t\t\t<div class=\"elementor-element elementor-element-c748d39 elementor-widget elementor-widget-text-editor\" data-id=\"c748d39\" data-element_type=\"widget\" data-e-type=\"widget\" data-widget_type=\"text-editor.default\">\n\t\t\t\t<div class=\"elementor-widget-container\">\n\t\t\t\t\t\t\t\t\t<h1><em><span style=\"color: #7a7a7a; font-family: Roboto, sans-serif; font-weight: 400; font-size: 16px;\">Je serais ravi d\u2019\u00e9changer avec vous. Que vous soyez un d\u00e9taillant, un distributeur ou un fabricant d\u2019\u00e9quipement d\u2019origine (OEM) souhaitant collaborer \u2014 prenons contact. <\/span><\/em><\/h1><h2>Adresse du bureau<\/h2><p>BikeFirst<br>Bazuinlaan 8<br>5402 PC Uden<br>Pays-Bas<br>T. +31 6 39081654<br><a href=\"mailto:dennis@bikefirst.nl\">dennis@bikefirst.nl<\/a><\/p>\t\t\t\t\t\t\t\t<\/div>\n\t\t\t\t<\/div>\n\t\t\t\t\t<\/div>\n\t\t<\/div>\n\t\t\t\t\t<\/div>\n\t\t<\/section>\n\t\t\t\t<section class=\"elementor-section elementor-top-section elementor-element elementor-element-4c5ef84d elementor-section-boxed elementor-section-height-default elementor-section-height-default\" data-id=\"4c5ef84d\" data-element_type=\"section\" data-e-type=\"section\">\n\t\t\t\t\t\t<div class=\"elementor-container elementor-column-gap-wider\">\n\t\t\t\t\t<div class=\"elementor-column elementor-col-50 elementor-top-column elementor-element elementor-element-3fe0b63\" data-id=\"3fe0b63\" data-element_type=\"column\" data-e-type=\"column\">\n\t\t\t<div class=\"elementor-widget-wrap elementor-element-populated\">\n\t\t\t\t\t\t<div class=\"elementor-element elementor-element-25187cc1 elementor-widget elementor-widget-google_maps\" data-id=\"25187cc1\" data-element_type=\"widget\" data-e-type=\"widget\" data-widget_type=\"google_maps.default\">\n\t\t\t\t<div class=\"elementor-widget-container\">\n\t\t\t\t\t\t\t<div class=\"elementor-custom-embed\">\n\t\t\t<iframe loading=\"lazy\"\n\t\t\t\t\tsrc=\"https:\/\/maps.google.com\/maps?q=Bazuinlaan%208%2C%205402PC%20Uden&#038;t=m&#038;z=9&#038;output=embed&#038;iwloc=near\"\n\t\t\t\t\ttitle=\"Bazuinlaan 8, 5402PC Uden\"\n\t\t\t\t\taria-label=\"Bazuinlaan 8, 5402PC Uden\"\n\t\t\t><\/iframe>\n\t\t<\/div>\n\t\t\t\t\t\t<\/div>\n\t\t\t\t<\/div>\n\t\t\t\t<div class=\"elementor-element elementor-element-249eeee8 elementor-widget elementor-widget-text-editor\" data-id=\"249eeee8\" data-element_type=\"widget\" data-e-type=\"widget\" data-widget_type=\"text-editor.default\">\n\t\t\t\t<div class=\"elementor-widget-container\">\n\t\t\t\t\t\t\t\t\t<p><strong>Suivez-nous<\/strong><\/p>\t\t\t\t\t\t\t\t<\/div>\n\t\t\t\t<\/div>\n\t\t\t\t<div class=\"elementor-element elementor-element-4245dfa5 elementor-icon-list--layout-inline elementor-list-item-link-full_width elementor-widget elementor-widget-icon-list\" data-id=\"4245dfa5\" data-element_type=\"widget\" data-e-type=\"widget\" data-widget_type=\"icon-list.default\">\n\t\t\t\t<div class=\"elementor-widget-container\">\n\t\t\t\t\t\t\t<ul class=\"elementor-icon-list-items elementor-inline-items\">\n\t\t\t\t\t\t\t<li class=\"elementor-icon-list-item elementor-inline-item\">\n\t\t\t\t\t\t\t\t\t\t\t<a href=\"https:\/\/www.facebook.com\/p\/BikeFirst-100087741714868\/\">\n\n\t\t\t\t\t\t\t\t\t\t\t\t<span class=\"elementor-icon-list-icon\">\n\t\t\t\t\t\t\t<i aria-hidden=\"true\" class=\"fab fa-facebook\"><\/i>\t\t\t\t\t\t<\/span>\n\t\t\t\t\t\t\t\t\t\t<span class=\"elementor-icon-list-text\"><\/span>\n\t\t\t\t\t\t\t\t\t\t\t<\/a>\n\t\t\t\t\t\t\t\t\t<\/li>\n\t\t\t\t\t\t\t\t<li class=\"elementor-icon-list-item elementor-inline-item\">\n\t\t\t\t\t\t\t\t\t\t\t<a href=\"https:\/\/www.instagram.com\/bikefirstbenelux\/\">\n\n\t\t\t\t\t\t\t\t\t\t\t\t<span class=\"elementor-icon-list-icon\">\n\t\t\t\t\t\t\t<i aria-hidden=\"true\" class=\"fab fa-instagram\"><\/i>\t\t\t\t\t\t<\/span>\n\t\t\t\t\t\t\t\t\t\t<span class=\"elementor-icon-list-text\"><\/span>\n\t\t\t\t\t\t\t\t\t\t\t<\/a>\n\t\t\t\t\t\t\t\t\t<\/li>\n\t\t\t\t\t\t\t\t<li class=\"elementor-icon-list-item elementor-inline-item\">\n\t\t\t\t\t\t\t\t\t\t\t<a href=\"mailto:dennis@bikefirst.nl\">\n\n\t\t\t\t\t\t\t\t\t\t\t\t<span class=\"elementor-icon-list-icon\">\n\t\t\t\t\t\t\t<i aria-hidden=\"true\" class=\"fas fa-envelope\"><\/i>\t\t\t\t\t\t<\/span>\n\t\t\t\t\t\t\t\t\t\t<span class=\"elementor-icon-list-text\"><\/span>\n\t\t\t\t\t\t\t\t\t\t\t<\/a>\n\t\t\t\t\t\t\t\t\t<\/li>\n\t\t\t\t\t\t\t\t<li class=\"elementor-icon-list-item elementor-inline-item\">\n\t\t\t\t\t\t\t\t\t\t\t<a href=\"https:\/\/www.linkedin.com\/public-profile\/settings?lipi=urn%3Ali%3Apage%3Ad_flagship3_profile_self_edit_contact-info%3BERXyYJs5SdaSLWa34s1wCg%3D%3D\">\n\n\t\t\t\t\t\t\t\t\t\t\t\t<span class=\"elementor-icon-list-icon\">\n\t\t\t\t\t\t\t<i aria-hidden=\"true\" class=\"fab fa-linkedin\"><\/i>\t\t\t\t\t\t<\/span>\n\t\t\t\t\t\t\t\t\t\t<span class=\"elementor-icon-list-text\"><\/span>\n\t\t\t\t\t\t\t\t\t\t\t<\/a>\n\t\t\t\t\t\t\t\t\t<\/li>\n\t\t\t\t\t\t<\/ul>\n\t\t\t\t\t\t<\/div>\n\t\t\t\t<\/div>\n\t\t\t\t\t<\/div>\n\t\t<\/div>\n\t\t\t\t<div class=\"elementor-column elementor-col-50 elementor-top-column elementor-element elementor-element-34fa821\" data-id=\"34fa821\" data-element_type=\"column\" data-e-type=\"column\">\n\t\t\t<div class=\"elementor-widget-wrap elementor-element-populated\">\n\t\t\t\t\t\t<div class=\"elementor-element elementor-element-2cbcfd29 elementor-widget__width-initial elementor-widget elementor-widget-heading\" data-id=\"2cbcfd29\" data-element_type=\"widget\" data-e-type=\"widget\" data-widget_type=\"heading.default\">\n\t\t\t\t<div class=\"elementor-widget-container\">\n\t\t\t\t\t<h2 class=\"elementor-heading-title elementor-size-default\">Prenez contact !<\/h2>\t\t\t\t<\/div>\n\t\t\t\t<\/div>\n\t\t\t\t<div class=\"elementor-element elementor-element-15e5daad elementor-widget elementor-widget-text-editor\" data-id=\"15e5daad\" data-element_type=\"widget\" data-e-type=\"widget\" data-widget_type=\"text-editor.default\">\n\t\t\t\t<div class=\"elementor-widget-container\">\n\t\t\t\t\t\t\t\t\t<p class=\"MsoNormal\"><span lang=\"EN-US\">Veuillez remplir le formulaire ci-dessous pour nous contacter.<br>Les champs marqu\u00e9s d\u2019un * sont obligatoires.<\/span><\/p>\t\t\t\t\t\t\t\t<\/div>\n\t\t\t\t<\/div>\n\t\t\t\t<div class=\"elementor-element elementor-element-e71628a elementor-widget elementor-widget-wpforms\" data-id=\"e71628a\" data-element_type=\"widget\" data-e-type=\"widget\" data-widget_type=\"wpforms.default\">\n\t\t\t\t<div class=\"elementor-widget-container\">\n\t\t\t\t\t<div class=\"wpforms-container \" id=\"wpforms-1617\"><form id=\"wpforms-form-1617\" class=\"wpforms-validate wpforms-form\" data-formid=\"1617\" method=\"post\" enctype=\"multipart\/form-data\" action=\"\/fr\/wp-json\/wp\/v2\/pages\/12679\" data-token=\"eec1cb4033ea9f1c732d583bbacf90f7\" data-token-time=\"1775877800\"><noscript class=\"wpforms-error-noscript\">Veuillez activer JavaScript dans votre navigateur pour remplir ce formulaire.<\/noscript><div class=\"wpforms-field-container\"><div id=\"wpforms-1617-field_8-container\" class=\"wpforms-field wpforms-field-text\" data-field-id=\"8\"><label class=\"wpforms-field-label\" for=\"wpforms-1617-field_8\">Nom de l\u2019entreprise <span class=\"wpforms-required-label\">*<\/span><\/label><input type=\"text\" id=\"wpforms-1617-field_8\" class=\"wpforms-field-medium wpforms-field-required\" name=\"wpforms[fields][8]\" required><\/div><div id=\"wpforms-1617-field_0-container\" class=\"wpforms-field wpforms-field-name\" data-field-id=\"0\"><label class=\"wpforms-field-label\" for=\"wpforms-1617-field_0\">Votre nom <span class=\"wpforms-required-label\">*<\/span><\/label><input type=\"text\" id=\"wpforms-1617-field_0\" class=\"wpforms-field-large wpforms-field-required\" name=\"wpforms[fields][0]\" placeholder=\"Votre nom\" required><\/div><div id=\"wpforms-1617-field_1-container\" class=\"wpforms-field wpforms-field-email\" data-field-id=\"1\"><label class=\"wpforms-field-label\" for=\"wpforms-1617-field_1\">Adresse e-mail <span class=\"wpforms-required-label\">*<\/span><\/label><input type=\"email\" id=\"wpforms-1617-field_1\" class=\"wpforms-field-large wpforms-field-required\" name=\"wpforms[fields][1]\" placeholder=\"Adresse e-mail\" spellcheck=\"false\" required><\/div><div id=\"wpforms-1617-field_7-container\" class=\"wpforms-field wpforms-field-text\" data-field-id=\"7\"><label class=\"wpforms-field-label\" for=\"wpforms-1617-field_7\">Num\u00e9ro de t\u00e9l\u00e9phone<\/label><input type=\"text\" id=\"wpforms-1617-field_7\" class=\"wpforms-field-medium\" name=\"wpforms[fields][7]\" placeholder=\"Num\u00e9ro de t\u00e9l\u00e9phone\" ><\/div><div id=\"wpforms-1617-field_5-container\" class=\"wpforms-field wpforms-field-checkbox\" data-field-id=\"5\"><label class=\"wpforms-field-label\">Je souhaite recevoir plus d\u2019informations sur : (plusieurs options possibles)<\/label><ul id=\"wpforms-1617-field_5\"><li class=\"choice-10 depth-1\"><input type=\"checkbox\" id=\"wpforms-1617-field_5_10\" name=\"wpforms[fields][5][]\" value=\"3T Bike\"  ><label class=\"wpforms-field-label-inline\" for=\"wpforms-1617-field_5_10\">3T Bike<\/label><\/li><li class=\"choice-13 depth-1\"><input type=\"checkbox\" id=\"wpforms-1617-field_5_13\" name=\"wpforms[fields][5][]\" value=\"REX Bike Care Products\"  ><label class=\"wpforms-field-label-inline\" for=\"wpforms-1617-field_5_13\">REX Bike Care Products<\/label><\/li><li class=\"choice-14 depth-1\"><input type=\"checkbox\" id=\"wpforms-1617-field_5_14\" name=\"wpforms[fields][5][]\" value=\"SANTINI Cycling Apparel\"  ><label class=\"wpforms-field-label-inline\" for=\"wpforms-1617-field_5_14\">SANTINI Cycling Apparel<\/label><\/li><li class=\"choice-11 depth-1\"><input type=\"checkbox\" id=\"wpforms-1617-field_5_11\" name=\"wpforms[fields][5][]\" value=\"SISLENT Components\"  ><label class=\"wpforms-field-label-inline\" for=\"wpforms-1617-field_5_11\">SISLENT Components<\/label><\/li><li class=\"choice-1 depth-1\"><input type=\"checkbox\" id=\"wpforms-1617-field_5_1\" name=\"wpforms[fields][5][]\" value=\"TIME Bicycles\"  ><label class=\"wpforms-field-label-inline\" for=\"wpforms-1617-field_5_1\">TIME Bicycles<\/label><\/li><li class=\"choice-15 depth-1\"><input type=\"checkbox\" id=\"wpforms-1617-field_5_15\" name=\"wpforms[fields][5][]\" value=\"ZUATU Cycling Shoes\"  ><label class=\"wpforms-field-label-inline\" for=\"wpforms-1617-field_5_15\">ZUATU Cycling Shoes<\/label><\/li><li class=\"choice-12 depth-1\"><input type=\"checkbox\" id=\"wpforms-1617-field_5_12\" name=\"wpforms[fields][5][]\" value=\"Nouvelle possibilit\u00e9 de partenariat\"  ><label class=\"wpforms-field-label-inline\" for=\"wpforms-1617-field_5_12\">Nouvelle possibilit\u00e9 de partenariat<\/label><\/li><\/ul><\/div><div id=\"wpforms-1617-field_2-container\" class=\"wpforms-field wpforms-field-textarea\" data-field-id=\"2\"><label class=\"wpforms-field-label wpforms-label-hide\" for=\"wpforms-1617-field_2\">Votre message ou commentaire <span class=\"wpforms-required-label\">*<\/span><\/label><textarea id=\"wpforms-1617-field_2\" class=\"wpforms-field-medium wpforms-field-required\" name=\"wpforms[fields][2]\" placeholder=\"Veuillez \u00e9crire votre message\u2026\" required><\/textarea><\/div><div id=\"wpforms-1617-field_9-container\" class=\"wpforms-field wpforms-field-checkbox\" data-field-id=\"9\"><label class=\"wpforms-field-label\">Le R\u00e8glement g\u00e9n\u00e9ral sur la protection des donn\u00e9es <span class=\"wpforms-required-label\">*<\/span><\/label><ul id=\"wpforms-1617-field_9\" class=\"wpforms-field-required\"><li class=\"choice-1 depth-1\"><input type=\"checkbox\" id=\"wpforms-1617-field_9_1\" name=\"wpforms[fields][9][]\" value=\"Je consens au traitement de mes donn\u00e9es conform\u00e9ment \u00e0 la politique de confidentialit\u00e9.\" required ><label class=\"wpforms-field-label-inline\" for=\"wpforms-1617-field_9_1\">Je consens au traitement de mes donn\u00e9es conform\u00e9ment \u00e0 la politique de confidentialit\u00e9.<\/label><\/li><\/ul><\/div><\/div><!-- .wpforms-field-container --><div class=\"wpforms-field wpforms-field-hp\"><label for=\"wpforms-1617-field-hp\" class=\"wpforms-field-label\">Email<\/label><input type=\"text\" name=\"wpforms[hp]\" id=\"wpforms-1617-field-hp\" class=\"wpforms-field-medium\"><\/div><div class=\"wpforms-submit-container\" ><input type=\"hidden\" name=\"wpforms[id]\" value=\"1617\"><input type=\"hidden\" name=\"page_title\" value=\"\"><input type=\"hidden\" name=\"page_url\" value=\"https:\/\/bikefirst.nl\/fr\/wp-json\/wp\/v2\/pages\/12679\"><input type=\"hidden\" name=\"url_referer\" value=\"\"><button type=\"submit\" name=\"wpforms[submit]\" id=\"wpforms-submit-1617\" class=\"wpforms-submit\" data-alt-text=\"Envoi en cours\u2026\" data-submit-text=\"Envoyer la demande\" aria-live=\"assertive\" value=\"wpforms-submit\">Envoyer la demande<\/button><\/div><\/form><\/div>  <!-- .wpforms-container -->\t\t\t\t<\/div>\n\t\t\t\t<\/div>\n\t\t\t\t\t<\/div>\n\t\t<\/div>\n\t\t\t\t\t<\/div>\n\t\t<\/section>\n\t\t\t\t<section class=\"elementor-section elementor-top-section elementor-element elementor-element-2cd3a40d elementor-section-boxed elementor-section-height-default elementor-section-height-default\" data-id=\"2cd3a40d\" data-element_type=\"section\" data-e-type=\"section\">\n\t\t\t\t\t\t<div class=\"elementor-container elementor-column-gap-default\">\n\t\t\t\t\t\t<\/div>\n\t\t<\/section>\n\t\t\t\t<\/div>\n\t\t","protected":false},"excerpt":{"rendered":"<p>Je serais ravi d\u2019\u00e9changer avec vous. Que vous soyez un d\u00e9taillant, un distributeur ou un fabricant d\u2019\u00e9quipement d\u2019origine (OEM) souhaitant collaborer \u2014 prenons contact. Adresse du bureau BikeFirstBazuinlaan 85402 PC UdenPays-BasT. +31 6 39081654dennis@bikefirst.nl Suivez-nous Prenez contact ! Veuillez remplir le formulaire ci-dessous pour nous contacter.Les champs marqu\u00e9s d\u2019un * sont obligatoires. Please enable JavaScript in your browser to complete this form.Company Name *Your Name *E-mail Address *Phone NumberI would like to receive more information [&hellip;]<\/p>\n","protected":false},"author":1,"featured_media":12680,"parent":0,"menu_order":0,"comment_status":"closed","ping_status":"closed","template":"","meta":{"inspiro_page_layout":"narrow","inspiro_hide_title":false,"footnotes":"","_links_to":"","_links_to_target":""},"class_list":["post-12679","page","type-page","status-publish","has-post-thumbnail","hentry"],"featured_media_urls":{"thumbnail":["https:\/\/bikefirst.nl\/wp-content\/uploads\/2026\/01\/1ae9759f-dc78-44a7-8f2d-118e37d6e133-150x150.jpg",150,150,true],"medium":["https:\/\/bikefirst.nl\/wp-content\/uploads\/2026\/01\/1ae9759f-dc78-44a7-8f2d-118e37d6e133-300x115.jpg",300,115,true],"medium_large":["https:\/\/bikefirst.nl\/wp-content\/uploads\/2026\/01\/1ae9759f-dc78-44a7-8f2d-118e37d6e133-768x294.jpg",768,294,true],"large":["https:\/\/bikefirst.nl\/wp-content\/uploads\/2026\/01\/1ae9759f-dc78-44a7-8f2d-118e37d6e133-1024x392.jpg",930,356,true],"1536x1536":["https:\/\/bikefirst.nl\/wp-content\/uploads\/2026\/01\/1ae9759f-dc78-44a7-8f2d-118e37d6e133-1536x588.jpg",1536,588,true],"2048x2048":["https:\/\/bikefirst.nl\/wp-content\/uploads\/2026\/01\/1ae9759f-dc78-44a7-8f2d-118e37d6e133-2048x785.jpg",2048,785,true],"featured":["https:\/\/bikefirst.nl\/wp-content\/uploads\/2026\/01\/1ae9759f-dc78-44a7-8f2d-118e37d6e133-2000x766.jpg",2000,766,true],"featured@2x":["https:\/\/bikefirst.nl\/wp-content\/uploads\/2026\/01\/1ae9759f-dc78-44a7-8f2d-118e37d6e133-scaled.jpg",2560,981,false],"featured-small":["https:\/\/bikefirst.nl\/wp-content\/uploads\/2026\/01\/1ae9759f-dc78-44a7-8f2d-118e37d6e133-1000x383.jpg",1000,383,true],"recent-thumbnail":["https:\/\/bikefirst.nl\/wp-content\/uploads\/2026\/01\/1ae9759f-dc78-44a7-8f2d-118e37d6e133-345x192.jpg",345,192,true],"recent-thumbnail-retina":["https:\/\/bikefirst.nl\/wp-content\/uploads\/2026\/01\/1ae9759f-dc78-44a7-8f2d-118e37d6e133-690x384.jpg",690,384,true],"woo-featured":["https:\/\/bikefirst.nl\/wp-content\/uploads\/2026\/01\/1ae9759f-dc78-44a7-8f2d-118e37d6e133-280x280.jpg",280,280,true],"entry-cover":["https:\/\/bikefirst.nl\/wp-content\/uploads\/2026\/01\/1ae9759f-dc78-44a7-8f2d-118e37d6e133-1800x690.jpg",1800,690,true],"entry-cover@2x":["https:\/\/bikefirst.nl\/wp-content\/uploads\/2026\/01\/1ae9759f-dc78-44a7-8f2d-118e37d6e133-scaled.jpg",2560,981,false],"loop":["https:\/\/bikefirst.nl\/wp-content\/uploads\/2026\/01\/1ae9759f-dc78-44a7-8f2d-118e37d6e133-950x320.jpg",950,320,true],"loop@2x":["https:\/\/bikefirst.nl\/wp-content\/uploads\/2026\/01\/1ae9759f-dc78-44a7-8f2d-118e37d6e133-1900x640.jpg",1900,640,true],"portfolio-scroller-widget":["https:\/\/bikefirst.nl\/wp-content\/uploads\/2026\/01\/1ae9759f-dc78-44a7-8f2d-118e37d6e133-1462x560.jpg",1462,560,true],"portfolio_item-thumbnail":["https:\/\/bikefirst.nl\/wp-content\/uploads\/2026\/01\/1ae9759f-dc78-44a7-8f2d-118e37d6e133-scaled.jpg",600,230,false],"portfolio_item-thumbnail@2x":["https:\/\/bikefirst.nl\/wp-content\/uploads\/2026\/01\/1ae9759f-dc78-44a7-8f2d-118e37d6e133-scaled.jpg",1200,460,false],"portfolio_item-masonry":["https:\/\/bikefirst.nl\/wp-content\/uploads\/2026\/01\/1ae9759f-dc78-44a7-8f2d-118e37d6e133-scaled.jpg",600,230,false],"portfolio_item-thumbnail_wide":["https:\/\/bikefirst.nl\/wp-content\/uploads\/2026\/01\/1ae9759f-dc78-44a7-8f2d-118e37d6e133-1800x600.jpg",1800,600,true],"portfolio_item-thumbnail_wide_cinema":["https:\/\/bikefirst.nl\/wp-content\/uploads\/2026\/01\/1ae9759f-dc78-44a7-8f2d-118e37d6e133-1800x750.jpg",1800,750,true],"portfolio_item-thumbnail_cinema":["https:\/\/bikefirst.nl\/wp-content\/uploads\/2026\/01\/1ae9759f-dc78-44a7-8f2d-118e37d6e133-scaled.jpg",800,307,false],"portfolio_item-thumbnail_portrait":["https:\/\/bikefirst.nl\/wp-content\/uploads\/2026\/01\/1ae9759f-dc78-44a7-8f2d-118e37d6e133-scaled.jpg",600,230,false],"portfolio_item-thumbnail_square":["https:\/\/bikefirst.nl\/wp-content\/uploads\/2026\/01\/1ae9759f-dc78-44a7-8f2d-118e37d6e133-scaled.jpg",800,307,false],"portfolio_item-masonry@2x":["https:\/\/bikefirst.nl\/wp-content\/uploads\/2026\/01\/1ae9759f-dc78-44a7-8f2d-118e37d6e133-scaled.jpg",1200,460,false],"portfolio_item-thumbnail_portrait@2x":["https:\/\/bikefirst.nl\/wp-content\/uploads\/2026\/01\/1ae9759f-dc78-44a7-8f2d-118e37d6e133-scaled.jpg",1200,460,false]},"_links":{"self":[{"href":"https:\/\/bikefirst.nl\/fr\/wp-json\/wp\/v2\/pages\/12679","targetHints":{"allow":["GET"]}}],"collection":[{"href":"https:\/\/bikefirst.nl\/fr\/wp-json\/wp\/v2\/pages"}],"about":[{"href":"https:\/\/bikefirst.nl\/fr\/wp-json\/wp\/v2\/types\/page"}],"author":[{"embeddable":true,"href":"https:\/\/bikefirst.nl\/fr\/wp-json\/wp\/v2\/users\/1"}],"replies":[{"embeddable":true,"href":"https:\/\/bikefirst.nl\/fr\/wp-json\/wp\/v2\/comments?post=12679"}],"version-history":[{"count":1,"href":"https:\/\/bikefirst.nl\/fr\/wp-json\/wp\/v2\/pages\/12679\/revisions"}],"predecessor-version":[{"id":12681,"href":"https:\/\/bikefirst.nl\/fr\/wp-json\/wp\/v2\/pages\/12679\/revisions\/12681"}],"wp:featuredmedia":[{"embeddable":true,"href":"https:\/\/bikefirst.nl\/fr\/wp-json\/wp\/v2\/media\/12680"}],"wp:attachment":[{"href":"https:\/\/bikefirst.nl\/fr\/wp-json\/wp\/v2\/media?parent=12679"}],"curies":[{"name":"wp","href":"https:\/\/api.w.org\/{rel}","templated":true}]}}