{"id":12657,"date":"2014-08-06T08:40:48","date_gmt":"2014-08-06T08:40:48","guid":{"rendered":"https:\/\/bikefirst.nl\/services-apres-vente\/"},"modified":"2026-04-02T07:21:01","modified_gmt":"2026-04-02T07:21:01","slug":"services-apres-vente","status":"publish","type":"page","link":"https:\/\/bikefirst.nl\/fr\/services-apres-vente\/","title":{"rendered":"Services apr\u00e8s-vente"},"content":{"rendered":"\t\t<div data-elementor-type=\"wp-page\" data-elementor-id=\"12657\" class=\"elementor elementor-12657 elementor-5206\" data-elementor-post-type=\"page\">\n\t\t\t\t\t\t<section class=\"elementor-section elementor-top-section elementor-element elementor-element-e8819c6 elementor-section-boxed elementor-section-height-default elementor-section-height-default\" data-id=\"e8819c6\" data-element_type=\"section\" data-e-type=\"section\">\n\t\t\t\t\t\t<div class=\"elementor-container elementor-column-gap-default\">\n\t\t\t\t\t<div class=\"elementor-column elementor-col-100 elementor-top-column elementor-element elementor-element-f7d4d3e\" data-id=\"f7d4d3e\" data-element_type=\"column\" data-e-type=\"column\">\n\t\t\t<div class=\"elementor-widget-wrap elementor-element-populated\">\n\t\t\t\t\t\t<div class=\"elementor-element elementor-element-aeb25e7 elementor-widget elementor-widget-text-editor\" data-id=\"aeb25e7\" data-element_type=\"widget\" data-e-type=\"widget\" data-widget_type=\"text-editor.default\">\n\t\t\t\t<div class=\"elementor-widget-container\">\n\t\t\t\t\t\t\t\t\t<h3 data-start=\"316\" data-end=\"372\">Soutenir les marques de v\u00e9los haut de gamme au-del\u00e0 du produit<\/h3><p data-start=\"374\" data-end=\"486\">Le march\u00e9 secondaire ne se limite pas \u00e0 la distribution \u2014 il s&rsquo;agit de <strong data-start=\"434\" data-end=\"485\">positionnement, de confiance et de relations \u00e0 long terme<\/strong>.<\/p><p data-start=\"488\" data-end=\"804\">Chez BikeFirst, j&rsquo;accompagne les marques de v\u00e9los haut de gamme dans la construction et le d\u00e9veloppement d&rsquo;une pr\u00e9sence durable sur le march\u00e9 secondaire \u00e0 travers l&rsquo;Europe. De la premi\u00e8re introduction sur le march\u00e9 au d\u00e9veloppement \u00e0 long terme, je travaille en \u00e9troite collaboration avec les marques, les distributeurs et les d\u00e9taillants pour assurer le bon positionnement, les bons partenaires et une histoire de marque coh\u00e9rente. <\/p><p data-start=\"806\" data-end=\"911\">Je privil\u00e9gie toujours la qualit\u00e9 \u00e0 la quantit\u00e9, et les partenariats qui cr\u00e9ent de la valeur pour toutes les parties prenantes.<\/p><hr data-start=\"913\" data-end=\"916\"><h3 data-start=\"918\" data-end=\"931\">Ce que je fais<\/h3><p data-start=\"933\" data-end=\"1022\">Je soutiens la croissance du march\u00e9 secondaire gr\u00e2ce \u00e0 une approche pratique et ax\u00e9e sur les relations, notamment :<\/p><ul><li data-start=\"1026\" data-end=\"1063\">Int\u00e9gration des distributeurs et des d\u00e9taillants<\/li><li data-start=\"1026\" data-end=\"1063\">D\u00e9veloppement du march\u00e9 et du territoire<\/li><li data-start=\"1026\" data-end=\"1063\">Positionnement de la marque sur le segment premium<\/li><li data-start=\"1026\" data-end=\"1063\">Ex\u00e9cution des ventes et gestion des comptes<\/li><li data-start=\"1026\" data-end=\"1063\">Gestion continue des relations avec les partenaires cl\u00e9s<\/li><li data-start=\"1026\" data-end=\"1063\">Coordination du service apr\u00e8s-vente, de l&rsquo;entretien et du retour technique<\/li><li data-start=\"1026\" data-end=\"1063\">Soutien lors des salons professionnels, des \u00e9v\u00e9nements et des visites chez les revendeurs<\/li><\/ul><p data-start=\"1371\" data-end=\"1500\">Plut\u00f4t que de courir apr\u00e8s le volume, je me concentre sur la <strong data-start=\"1410\" data-end=\"1441\">construction de bases solides<\/strong> qui permettent aux marques de cro\u00eetre de mani\u00e8re saine et contr\u00f4l\u00e9e.<\/p><hr data-start=\"1502\" data-end=\"1505\"><h3 data-start=\"1507\" data-end=\"1521\">Ma m\u00e9thode de travail<\/h3><p data-start=\"1523\" data-end=\"1619\">Je crois qu&rsquo;une repr\u00e9sentation r\u00e9ussie sur le march\u00e9 secondaire repose sur la confiance, la transparence et la continuit\u00e9.<\/p><p data-start=\"1621\" data-end=\"1632\">Cela signifie :<\/p><ul><li data-start=\"1635\" data-end=\"1682\">Travailler avec un <strong data-start=\"1650\" data-end=\"1680\">nombre limit\u00e9 de partenaires<\/strong><\/li><li data-start=\"1635\" data-end=\"1682\">Agir comme un <strong data-start=\"1697\" data-end=\"1737\">point de contact direct et fiable<\/strong><\/li><li data-start=\"1635\" data-end=\"1682\">Penser \u00e0 long terme, et non transactionnel<\/li><li data-start=\"1635\" data-end=\"1682\">S&rsquo;aligner \u00e9troitement sur les valeurs, le positionnement et les ambitions d&rsquo;une marque<\/li><\/ul><p data-start=\"1854\" data-end=\"2007\">J&rsquo;investis beaucoup dans les relations \u2014 car des liens solides entre les marques, les distributeurs et les d\u00e9taillants sont ce qui, au final, m\u00e8ne \u00e0 un succ\u00e8s durable.<\/p><hr data-start=\"2009\" data-end=\"2012\"><h3 data-start=\"2014\" data-end=\"2046\">Exp\u00e9rience et portefeuille de marques<\/h3><p data-start=\"2048\" data-end=\"2202\">Je repr\u00e9sente actuellement un <strong data-start=\"2072\" data-end=\"2127\">portefeuille s\u00e9lectionn\u00e9 de marques de v\u00e9los europ\u00e9ennes haut de gamme<\/strong>, travaillant en \u00e9troite collaboration avec des distributeurs et des d\u00e9taillants sur diff\u00e9rents march\u00e9s.<\/p><p data-start=\"2204\" data-end=\"2309\">Chaque partenariat est choisi avec soin, en fonction de valeurs partag\u00e9es, de l&rsquo;int\u00e9grit\u00e9 du produit et du potentiel \u00e0 long terme.<\/p><p data-start=\"2311\" data-end=\"2397\">(Les histoires de marques individuelles et les partenariats se trouvent sur les pages d\u00e9di\u00e9es aux marques.)<\/p><hr data-start=\"2399\" data-end=\"2402\"><h3 data-start=\"2404\" data-end=\"2418\">Parlons-en<\/h3><p data-start=\"2420\" data-end=\"2629\">Si vous \u00eates une marque cherchant \u00e0 renforcer votre pr\u00e9sence sur le march\u00e9 secondaire, ou un distributeur ou d\u00e9taillant int\u00e9ress\u00e9 par des marques premium soigneusement s\u00e9lectionn\u00e9es, je serais ravi d&rsquo;explorer comment nous pourrions collaborer.<\/p><p data-start=\"2631\" data-end=\"2671\"><a href=\"https:\/\/bikefirst.nl\/contact-2\/\"><strong data-start=\"2631\" data-end=\"2671\">[Explorer un partenariat apr\u00e8s-vente]<\/strong><\/a><\/p><p data-start=\"2631\" data-end=\"2671\"> <\/p>\t\t\t\t\t\t\t\t<\/div>\n\t\t\t\t<\/div>\n\t\t\t\t\t<\/div>\n\t\t<\/div>\n\t\t\t\t\t<\/div>\n\t\t<\/section>\n\t\t\t\t<\/div>\n\t\t","protected":false},"excerpt":{"rendered":"<p>Soutenir les marques de v\u00e9los haut de gamme au-del\u00e0 du produit Le march\u00e9 secondaire ne se limite pas \u00e0 la distribution \u2014 il s&rsquo;agit de positionnement, de confiance et de relations \u00e0 long terme. Chez BikeFirst, j&rsquo;accompagne les marques de v\u00e9los haut de gamme dans la construction et le d\u00e9veloppement d&rsquo;une pr\u00e9sence durable sur le march\u00e9 secondaire \u00e0 travers l&rsquo;Europe. De la premi\u00e8re introduction sur le march\u00e9 au d\u00e9veloppement \u00e0 long terme, je travaille en [&hellip;]<\/p>\n","protected":false},"author":1,"featured_media":12662,"parent":0,"menu_order":0,"comment_status":"open","ping_status":"closed","template":"","meta":{"inspiro_page_layout":"narrow","inspiro_hide_title":false,"footnotes":"","_links_to":"","_links_to_target":""},"class_list":["post-12657","page","type-page","status-publish","has-post-thumbnail","hentry"],"featured_media_urls":{"thumbnail":["https:\/\/bikefirst.nl\/wp-content\/uploads\/2026\/01\/IMG_1661-1-150x150.jpg",150,150,true],"medium":["https:\/\/bikefirst.nl\/wp-content\/uploads\/2026\/01\/IMG_1661-1-300x91.jpg",300,91,true],"medium_large":["https:\/\/bikefirst.nl\/wp-content\/uploads\/2026\/01\/IMG_1661-1-768x233.jpg",768,233,true],"large":["https:\/\/bikefirst.nl\/wp-content\/uploads\/2026\/01\/IMG_1661-1-1024x311.jpg",930,282,true],"1536x1536":["https:\/\/bikefirst.nl\/wp-content\/uploads\/2026\/01\/IMG_1661-1.jpg",1536,466,false],"2048x2048":["https:\/\/bikefirst.nl\/wp-content\/uploads\/2026\/01\/IMG_1661-1.jpg",1536,466,false],"featured":["https:\/\/bikefirst.nl\/wp-content\/uploads\/2026\/01\/IMG_1661-1.jpg",1536,466,false],"featured@2x":["https:\/\/bikefirst.nl\/wp-content\/uploads\/2026\/01\/IMG_1661-1.jpg",1536,466,false],"featured-small":["https:\/\/bikefirst.nl\/wp-content\/uploads\/2026\/01\/IMG_1661-1-1000x303.jpg",1000,303,true],"recent-thumbnail":["https:\/\/bikefirst.nl\/wp-content\/uploads\/2026\/01\/IMG_1661-1-345x192.jpg",345,192,true],"recent-thumbnail-retina":["https:\/\/bikefirst.nl\/wp-content\/uploads\/2026\/01\/IMG_1661-1-690x384.jpg",690,384,true],"woo-featured":["https:\/\/bikefirst.nl\/wp-content\/uploads\/2026\/01\/IMG_1661-1-280x280.jpg",280,280,true],"entry-cover":["https:\/\/bikefirst.nl\/wp-content\/uploads\/2026\/01\/IMG_1661-1.jpg",1536,466,false],"entry-cover@2x":["https:\/\/bikefirst.nl\/wp-content\/uploads\/2026\/01\/IMG_1661-1.jpg",1536,466,false],"loop":["https:\/\/bikefirst.nl\/wp-content\/uploads\/2026\/01\/IMG_1661-1-950x320.jpg",950,320,true],"loop@2x":["https:\/\/bikefirst.nl\/wp-content\/uploads\/2026\/01\/IMG_1661-1.jpg",1536,466,false],"portfolio-scroller-widget":["https:\/\/bikefirst.nl\/wp-content\/uploads\/2026\/01\/IMG_1661-1.jpg",1536,466,false],"portfolio_item-thumbnail":["https:\/\/bikefirst.nl\/wp-content\/uploads\/2026\/01\/IMG_1661-1.jpg",600,182,false],"portfolio_item-thumbnail@2x":["https:\/\/bikefirst.nl\/wp-content\/uploads\/2026\/01\/IMG_1661-1.jpg",1200,364,false],"portfolio_item-masonry":["https:\/\/bikefirst.nl\/wp-content\/uploads\/2026\/01\/IMG_1661-1.jpg",600,182,false],"portfolio_item-thumbnail_wide":["https:\/\/bikefirst.nl\/wp-content\/uploads\/2026\/01\/IMG_1661-1.jpg",1536,466,false],"portfolio_item-thumbnail_wide_cinema":["https:\/\/bikefirst.nl\/wp-content\/uploads\/2026\/01\/IMG_1661-1.jpg",1536,466,false],"portfolio_item-thumbnail_cinema":["https:\/\/bikefirst.nl\/wp-content\/uploads\/2026\/01\/IMG_1661-1.jpg",800,243,false],"portfolio_item-thumbnail_portrait":["https:\/\/bikefirst.nl\/wp-content\/uploads\/2026\/01\/IMG_1661-1.jpg",600,182,false],"portfolio_item-thumbnail_square":["https:\/\/bikefirst.nl\/wp-content\/uploads\/2026\/01\/IMG_1661-1.jpg",800,243,false],"portfolio_item-masonry@2x":["https:\/\/bikefirst.nl\/wp-content\/uploads\/2026\/01\/IMG_1661-1.jpg",1200,364,false],"portfolio_item-thumbnail_portrait@2x":["https:\/\/bikefirst.nl\/wp-content\/uploads\/2026\/01\/IMG_1661-1.jpg",1200,364,false]},"_links":{"self":[{"href":"https:\/\/bikefirst.nl\/fr\/wp-json\/wp\/v2\/pages\/12657","targetHints":{"allow":["GET"]}}],"collection":[{"href":"https:\/\/bikefirst.nl\/fr\/wp-json\/wp\/v2\/pages"}],"about":[{"href":"https:\/\/bikefirst.nl\/fr\/wp-json\/wp\/v2\/types\/page"}],"author":[{"embeddable":true,"href":"https:\/\/bikefirst.nl\/fr\/wp-json\/wp\/v2\/users\/1"}],"replies":[{"embeddable":true,"href":"https:\/\/bikefirst.nl\/fr\/wp-json\/wp\/v2\/comments?post=12657"}],"version-history":[{"count":1,"href":"https:\/\/bikefirst.nl\/fr\/wp-json\/wp\/v2\/pages\/12657\/revisions"}],"predecessor-version":[{"id":12663,"href":"https:\/\/bikefirst.nl\/fr\/wp-json\/wp\/v2\/pages\/12657\/revisions\/12663"}],"wp:featuredmedia":[{"embeddable":true,"href":"https:\/\/bikefirst.nl\/fr\/wp-json\/wp\/v2\/media\/12662"}],"wp:attachment":[{"href":"https:\/\/bikefirst.nl\/fr\/wp-json\/wp\/v2\/media?parent=12657"}],"curies":[{"name":"wp","href":"https:\/\/api.w.org\/{rel}","templated":true}]}}