{"id":12786,"date":"2026-01-24T12:53:50","date_gmt":"2026-01-24T12:53:50","guid":{"rendered":"https:\/\/bikefirst.nl\/sislent-components\/"},"modified":"2026-04-02T07:25:56","modified_gmt":"2026-04-02T07:25:56","slug":"sislent-components","status":"publish","type":"page","link":"https:\/\/bikefirst.nl\/es\/sislent-components\/","title":{"rendered":"SISLENT Components"},"content":{"rendered":"\t\t<div data-elementor-type=\"wp-page\" data-elementor-id=\"12786\" class=\"elementor elementor-12786 elementor-12213\" data-elementor-post-type=\"page\">\n\t\t\t\t\t\t<section class=\"elementor-section elementor-top-section elementor-element elementor-element-6e45660 elementor-section-boxed elementor-section-height-default elementor-section-height-default\" data-id=\"6e45660\" data-element_type=\"section\" data-e-type=\"section\">\n\t\t\t\t\t\t<div class=\"elementor-container elementor-column-gap-default\">\n\t\t\t\t\t<div class=\"elementor-column elementor-col-100 elementor-top-column elementor-element elementor-element-d498561\" data-id=\"d498561\" data-element_type=\"column\" data-e-type=\"column\">\n\t\t\t<div class=\"elementor-widget-wrap elementor-element-populated\">\n\t\t\t\t\t\t<div class=\"elementor-element elementor-element-37fb17d elementor-widget elementor-widget-text-editor\" data-id=\"37fb17d\" data-element_type=\"widget\" data-e-type=\"widget\" data-widget_type=\"text-editor.default\">\n\t\t\t\t<div class=\"elementor-widget-container\">\n\t\t\t\t\t\t\t\t\t<h3 data-start=\"244\" data-end=\"305\">Componentes de carbono de alto rendimiento desarrollados en Barcelona<\/h3><p data-start=\"307\" data-end=\"645\">Sislent Components es una marca de ciclismo de alta gama centrada en el desarrollo de componentes de carbono avanzados para bicicletas de carretera, gravel y monta\u00f1a de alto rendimiento. Con sede cerca de Barcelona y forjada mediante exhaustivas pruebas e ingenier\u00eda, los productos de Sislent est\u00e1n dise\u00f1ados para ofrecer eficiencia, estabilidad y durabilidad en condiciones de conducci\u00f3n exigentes. <\/p><p data-start=\"647\" data-end=\"868\">Con un fuerte \u00e9nfasis en la tecnolog\u00eda y el desarrollo de materiales, Sislent combina la fabricaci\u00f3n moderna de carbono con una clara filosof\u00eda de rendimiento, creando componentes fabricados para un uso intensivo y una fiabilidad a largo plazo.<\/p><hr data-start=\"870\" data-end=\"873\"><h2 data-start=\"875\" data-end=\"895\">Posicionamiento de marca<\/h2><p data-start=\"897\" data-end=\"1092\">Sislent ocupa una posici\u00f3n distintiva en el segmento de alto rendimiento al centrarse en la <strong data-start=\"988\" data-end=\"1066\">construcci\u00f3n ligera, la optimizaci\u00f3n aerodin\u00e1mica y el manejo controlado<\/strong> en toda su gama de productos.<\/p><p data-start=\"1094\" data-end=\"1305\">La marca es conocida principalmente por sus sistemas de ruedas de carbono para las disciplinas de carretera, gravel y monta\u00f1a, desarrollados con anchuras internas, perfiles de llanta y laminados cuidadosamente estudiados para equilibrar velocidad, comodidad y control.<\/p><p data-start=\"1307\" data-end=\"1621\">Adem\u00e1s de las ruedas, Sislent est\u00e1 ampliando su cartera con <strong data-start=\"1370\" data-end=\"1408\">soluciones de manillar integrado de carbono<\/strong>, lo que refleja una ambici\u00f3n m\u00e1s amplia de desarrollar componentes de rendimiento totalmente integrados. Se est\u00e1n llevando a cabo nuevos desarrollos de productos, lo que refuerza el compromiso de Sislent con el dise\u00f1o basado en sistemas en lugar de productos aislados. <\/p><hr data-start=\"1623\" data-end=\"1626\"><h2 data-start=\"1628\" data-end=\"1649\">A qui\u00e9n se dirige Sislent<\/h2><p data-start=\"1651\" data-end=\"1691\">Los componentes de Sislent son ideales para:<\/p><ul><li data-start=\"1694\" data-end=\"1748\">Distribuidores premium y tiendas de bicicletas centradas en el rendimiento<\/li><li data-start=\"1694\" data-end=\"1748\">Distribuidores que operan en los segmentos avanzados de carretera, gravel y MTB<\/li><li data-start=\"1694\" data-end=\"1748\">Ciclistas que valoran el rendimiento t\u00e9cnico y la integraci\u00f3n moderna de componentes<\/li><li data-start=\"1694\" data-end=\"1748\">Socios OEM y de montajes personalizados que buscan soluciones de componentes cohesivas<\/li><\/ul><p data-start=\"1965\" data-end=\"2075\">La gama est\u00e1 posicionada para mercados donde la calidad del producto, las caracter\u00edsticas de conducci\u00f3n y los detalles de ingenier\u00eda son fundamentales.<\/p><hr data-start=\"2077\" data-end=\"2080\"><h2 data-start=\"2082\" data-end=\"2104\">BikeFirst y Sislent<\/h2><p data-start=\"2106\" data-end=\"2241\">BikeFirst representa a Sislent Components con un enfoque en el <strong data-start=\"2162\" data-end=\"2240\">desarrollo estrat\u00e9gico del mercado, un posicionamiento claro y asociaciones a largo plazo<\/strong>.<\/p><p data-start=\"2243\" data-end=\"2260\">Mi funci\u00f3n incluye:<\/p><ul><li data-start=\"2263\" data-end=\"2318\">Desarrollo de mercado y territorio para los productos Sislent<\/li><li data-start=\"2263\" data-end=\"2318\">Apoyo a distribuidores y minoristas<\/li><li data-start=\"2263\" data-end=\"2318\">Posicionamiento de categor\u00eda dentro del segmento de componentes premium<\/li><li data-start=\"2263\" data-end=\"2318\">Actuar como enlace directo entre la marca y el feedback del mercado local<\/li><\/ul><p data-start=\"2491\" data-end=\"2642\">Trabajo estrechamente con los socios para garantizar que los componentes de Sislent se introduzcan, posicionen y respalden de una manera que refleje su ADN orientado al rendimiento.<\/p><hr data-start=\"2644\" data-end=\"2647\"><h2 data-start=\"2649\" data-end=\"2672\">Trabajar con Sislent<\/h2><p data-start=\"2674\" data-end=\"2795\">Las asociaciones con Sislent se basan en valores compartidos: calidad del producto, integridad t\u00e9cnica y colaboraci\u00f3n sostenible.<\/p><p data-start=\"2797\" data-end=\"2953\">Si es usted un distribuidor, minorista o socio OEM interesado en trabajar con Sislent Components, estar\u00e9 encantado de explorar si existe una buena sinton\u00eda mutua.<\/p><p data-start=\"2955\" data-end=\"2990\"><a href=\"https:\/\/bikefirst.nl\/es\/contacto\/\"><strong data-start=\"2955\" data-end=\"2990\">[Hablar sobre una asociaci\u00f3n con Sislent]<\/strong><\/a><\/p>\t\t\t\t\t\t\t\t<\/div>\n\t\t\t\t<\/div>\n\t\t\t\t\t<\/div>\n\t\t<\/div>\n\t\t\t\t\t<\/div>\n\t\t<\/section>\n\t\t\t\t<\/div>\n\t\t","protected":false},"excerpt":{"rendered":"<p>Componentes de carbono de alto rendimiento desarrollados en Barcelona Sislent Components es una marca de ciclismo de alta gama centrada en el desarrollo de componentes de carbono avanzados para bicicletas de carretera, gravel y monta\u00f1a de alto rendimiento. Con sede cerca de Barcelona y forjada mediante exhaustivas pruebas e ingenier\u00eda, los productos de Sislent est\u00e1n dise\u00f1ados para ofrecer eficiencia, estabilidad y durabilidad en condiciones de conducci\u00f3n exigentes. Con un fuerte \u00e9nfasis en la tecnolog\u00eda y [&hellip;]<\/p>\n","protected":false},"author":1,"featured_media":12787,"parent":0,"menu_order":0,"comment_status":"closed","ping_status":"closed","template":"","meta":{"inspiro_page_layout":"narrow","inspiro_hide_title":false,"footnotes":"","_links_to":"","_links_to_target":""},"class_list":["post-12786","page","type-page","status-publish","has-post-thumbnail","hentry"],"featured_media_urls":{"thumbnail":["https:\/\/bikefirst.nl\/wp-content\/uploads\/2026\/01\/IMG_44582-150x150.jpg",150,150,true],"medium":["https:\/\/bikefirst.nl\/wp-content\/uploads\/2026\/01\/IMG_44582-300x159.jpg",300,159,true],"medium_large":["https:\/\/bikefirst.nl\/wp-content\/uploads\/2026\/01\/IMG_44582-768x408.jpg",768,408,true],"large":["https:\/\/bikefirst.nl\/wp-content\/uploads\/2026\/01\/IMG_44582-1024x544.jpg",930,494,true],"1536x1536":["https:\/\/bikefirst.nl\/wp-content\/uploads\/2026\/01\/IMG_44582-1536x816.jpg",1536,816,true],"2048x2048":["https:\/\/bikefirst.nl\/wp-content\/uploads\/2026\/01\/IMG_44582-2048x1088.jpg",2048,1088,true],"featured":["https:\/\/bikefirst.nl\/wp-content\/uploads\/2026\/01\/IMG_44582-2000x1062.jpg",2000,1062,true],"featured@2x":["https:\/\/bikefirst.nl\/wp-content\/uploads\/2026\/01\/IMG_44582-3000x1593.jpg",3000,1593,true],"featured-small":["https:\/\/bikefirst.nl\/wp-content\/uploads\/2026\/01\/IMG_44582-1000x531.jpg",1000,531,true],"recent-thumbnail":["https:\/\/bikefirst.nl\/wp-content\/uploads\/2026\/01\/IMG_44582-345x192.jpg",345,192,true],"recent-thumbnail-retina":["https:\/\/bikefirst.nl\/wp-content\/uploads\/2026\/01\/IMG_44582-690x384.jpg",690,384,true],"woo-featured":["https:\/\/bikefirst.nl\/wp-content\/uploads\/2026\/01\/IMG_44582-280x280.jpg",280,280,true],"entry-cover":["https:\/\/bikefirst.nl\/wp-content\/uploads\/2026\/01\/IMG_44582-1800x956.jpg",1800,956,true],"entry-cover@2x":["https:\/\/bikefirst.nl\/wp-content\/uploads\/2026\/01\/IMG_44582-scaled.jpg",2560,1360,false],"loop":["https:\/\/bikefirst.nl\/wp-content\/uploads\/2026\/01\/IMG_44582-950x320.jpg",950,320,true],"loop@2x":["https:\/\/bikefirst.nl\/wp-content\/uploads\/2026\/01\/IMG_44582-1900x640.jpg",1900,640,true],"portfolio-scroller-widget":["https:\/\/bikefirst.nl\/wp-content\/uploads\/2026\/01\/IMG_44582-1054x560.jpg",1054,560,true],"portfolio_item-thumbnail":["https:\/\/bikefirst.nl\/wp-content\/uploads\/2026\/01\/IMG_44582-scaled.jpg",600,319,false],"portfolio_item-thumbnail@2x":["https:\/\/bikefirst.nl\/wp-content\/uploads\/2026\/01\/IMG_44582-scaled.jpg",1200,638,false],"portfolio_item-masonry":["https:\/\/bikefirst.nl\/wp-content\/uploads\/2026\/01\/IMG_44582-scaled.jpg",600,319,false],"portfolio_item-thumbnail_wide":["https:\/\/bikefirst.nl\/wp-content\/uploads\/2026\/01\/IMG_44582-1800x600.jpg",1800,600,true],"portfolio_item-thumbnail_wide_cinema":["https:\/\/bikefirst.nl\/wp-content\/uploads\/2026\/01\/IMG_44582-1800x750.jpg",1800,750,true],"portfolio_item-thumbnail_cinema":["https:\/\/bikefirst.nl\/wp-content\/uploads\/2026\/01\/IMG_44582-scaled.jpg",631,335,false],"portfolio_item-thumbnail_portrait":["https:\/\/bikefirst.nl\/wp-content\/uploads\/2026\/01\/IMG_44582-scaled.jpg",600,319,false],"portfolio_item-thumbnail_square":["https:\/\/bikefirst.nl\/wp-content\/uploads\/2026\/01\/IMG_44582-scaled.jpg",800,425,false],"portfolio_item-masonry@2x":["https:\/\/bikefirst.nl\/wp-content\/uploads\/2026\/01\/IMG_44582-scaled.jpg",1200,638,false],"portfolio_item-thumbnail_portrait@2x":["https:\/\/bikefirst.nl\/wp-content\/uploads\/2026\/01\/IMG_44582-scaled.jpg",1200,638,false]},"_links":{"self":[{"href":"https:\/\/bikefirst.nl\/es\/wp-json\/wp\/v2\/pages\/12786","targetHints":{"allow":["GET"]}}],"collection":[{"href":"https:\/\/bikefirst.nl\/es\/wp-json\/wp\/v2\/pages"}],"about":[{"href":"https:\/\/bikefirst.nl\/es\/wp-json\/wp\/v2\/types\/page"}],"author":[{"embeddable":true,"href":"https:\/\/bikefirst.nl\/es\/wp-json\/wp\/v2\/users\/1"}],"replies":[{"embeddable":true,"href":"https:\/\/bikefirst.nl\/es\/wp-json\/wp\/v2\/comments?post=12786"}],"version-history":[{"count":1,"href":"https:\/\/bikefirst.nl\/es\/wp-json\/wp\/v2\/pages\/12786\/revisions"}],"predecessor-version":[{"id":12788,"href":"https:\/\/bikefirst.nl\/es\/wp-json\/wp\/v2\/pages\/12786\/revisions\/12788"}],"wp:featuredmedia":[{"embeddable":true,"href":"https:\/\/bikefirst.nl\/es\/wp-json\/wp\/v2\/media\/12787"}],"wp:attachment":[{"href":"https:\/\/bikefirst.nl\/es\/wp-json\/wp\/v2\/media?parent=12786"}],"curies":[{"name":"wp","href":"https:\/\/api.w.org\/{rel}","templated":true}]}}