{"id":12775,"date":"2026-01-24T09:17:32","date_gmt":"2026-01-24T09:17:32","guid":{"rendered":"https:\/\/bikefirst.nl\/que-hago\/"},"modified":"2026-04-02T07:25:35","modified_gmt":"2026-04-02T07:25:35","slug":"que-hago","status":"publish","type":"page","link":"https:\/\/bikefirst.nl\/es\/que-hago\/","title":{"rendered":"Qu\u00e9 hago"},"content":{"rendered":"\t\t<div data-elementor-type=\"wp-page\" data-elementor-id=\"12775\" class=\"elementor elementor-12775 elementor-12068\" data-elementor-post-type=\"page\">\n\t\t\t\t\t\t<section class=\"elementor-section elementor-top-section elementor-element elementor-element-71f5c86 elementor-section-boxed elementor-section-height-default elementor-section-height-default\" data-id=\"71f5c86\" data-element_type=\"section\" data-e-type=\"section\">\n\t\t\t\t\t\t<div class=\"elementor-container elementor-column-gap-default\">\n\t\t\t\t\t<div class=\"elementor-column elementor-col-100 elementor-top-column elementor-element elementor-element-284a0a9\" data-id=\"284a0a9\" data-element_type=\"column\" data-e-type=\"column\">\n\t\t\t<div class=\"elementor-widget-wrap elementor-element-populated\">\n\t\t\t\t\t\t<div class=\"elementor-element elementor-element-bec22b6 elementor-widget elementor-widget-text-editor\" data-id=\"bec22b6\" data-element_type=\"widget\" data-e-type=\"widget\" data-widget_type=\"text-editor.default\">\n\t\t\t\t<div class=\"elementor-widget-container\">\n\t\t\t\t\t\t\t\t\t<p data-start=\"335\" data-end=\"464\">Trabajo con marcas del sector del ciclismo para construir un crecimiento sostenible, tanto a trav\u00e9s de <strong data-start=\"415\" data-end=\"435\">colaboraciones OEM<\/strong> como de <strong data-start=\"440\" data-end=\"463\">mercados de posventa<\/strong>.<\/p><p data-start=\"466\" data-end=\"666\">Mi funci\u00f3n se sit\u00faa en la intersecci\u00f3n de <strong data-start=\"502\" data-end=\"535\">estrategia, ventas y ejecuci\u00f3n<\/strong>. Ayudo a las marcas a entrar en nuevos mercados, desarrollar alianzas a largo plazo y convertir productos s\u00f3lidos en negocios comercialmente exitosos. <\/p><p data-start=\"668\" data-end=\"864\">Una parte clave de mi trabajo es la <strong data-start=\"693\" data-end=\"718\">construcci\u00f3n de relaciones<\/strong>. Creo firmemente que el \u00e9xito a largo plazo en este sector se basa en la confianza, la alineaci\u00f3n y las conexiones personales, no en transacciones a corto plazo. <\/p><p data-start=\"866\" data-end=\"1008\">En lugar de operar como una agencia tradicional, trabajo estrechamente con un n\u00famero limitado de socios, actuando como una extensi\u00f3n de su organizaci\u00f3n.<\/p><hr data-start=\"1010\" data-end=\"1013\"><h2 data-start=\"1015\" data-end=\"1034\">Colaboraciones OEM<\/h2><p data-start=\"1036\" data-end=\"1176\">Apoyo a marcas y fabricantes en la construcci\u00f3n de <strong data-start=\"1083\" data-end=\"1114\">relaciones OEM a largo plazo<\/strong>, centradas en la integraci\u00f3n del producto, la fiabilidad y la escalabilidad.<\/p><p data-start=\"1178\" data-end=\"1202\">Esto suele incluir:<\/p><ul><li data-start=\"1205\" data-end=\"1235\">Estrategia y posicionamiento OEM<\/li><li data-start=\"1205\" data-end=\"1235\">B\u00fasqueda de socios y f\u00e1bricas<\/li><li data-start=\"1205\" data-end=\"1235\">Integraci\u00f3n del producto y alineaci\u00f3n del desarrollo<\/li><li data-start=\"1205\" data-end=\"1235\">Estructuraci\u00f3n comercial de acuerdos OEM<\/li><li data-start=\"1205\" data-end=\"1235\">Hoja de ruta a largo plazo y planificaci\u00f3n de vol\u00famenes<\/li><\/ul><p data-start=\"1407\" data-end=\"1566\">Las colaboraciones OEM son selectivas y, a menudo, confidenciales, con un fuerte enfoque en la <strong data-start=\"1487\" data-end=\"1541\">confianza, la continuidad y relaciones de trabajo s\u00f3lidas<\/strong> entre todas las partes interesadas.<\/p><hr data-start=\"1568\" data-end=\"1571\"><h2 data-start=\"1573\" data-end=\"1602\">Posventa y distribuci\u00f3n<\/h2><p data-start=\"1604\" data-end=\"1753\">Para las marcas de posventa, me centro en la <strong data-start=\"1639\" data-end=\"1691\">entrada en el mercado, el crecimiento de las ventas y el desarrollo de la marca<\/strong>, especialmente en el Benelux y en el mercado europeo en general.<\/p><p data-start=\"1755\" data-end=\"1769\">Esto incluye:<\/p><ul><li data-start=\"1772\" data-end=\"1819\">Representaci\u00f3n comercial y ejecuci\u00f3n comercial<\/li><li data-start=\"1772\" data-end=\"1819\">Desarrollo de la red de distribuidores y concesionarios<\/li><li data-start=\"1772\" data-end=\"1819\">Estrategia de salida al mercado<\/li><li data-start=\"1772\" data-end=\"1819\">Posicionamiento y visibilidad de marca<\/li><li data-start=\"1772\" data-end=\"1819\">Alianzas a largo plazo con distribuidores<\/li><\/ul><p data-start=\"1970\" data-end=\"2125\">Construir y mantener <strong data-start=\"1995\" data-end=\"2059\">relaciones s\u00f3lidas con distribuidores, concesionarios y socios<\/strong> es fundamental en este enfoque y esencial para un crecimiento sostenible.<\/p><hr data-start=\"2127\" data-end=\"2130\"><h2 data-start=\"2132\" data-end=\"2145\">C\u00f3mo trabajo<\/h2><p data-start=\"2147\" data-end=\"2210\">Trabajo de forma independiente y pr\u00e1ctica, con una clara preferencia por:<\/p><ul><li data-start=\"2213\" data-end=\"2237\">Alianzas a largo plazo<\/li><li data-start=\"2213\" data-end=\"2237\">Comunicaci\u00f3n transparente<\/li><li data-start=\"2213\" data-end=\"2237\">Relaciones s\u00f3lidas basadas en la confianza<\/li><li data-start=\"2213\" data-end=\"2237\">Ejecuci\u00f3n pr\u00e1ctica orientada a resultados<\/li><\/ul><p data-start=\"2346\" data-end=\"2456\">Limito deliberadamente el n\u00famero de marcas con las que trabajo para garantizar enfoque, compromiso y alineaci\u00f3n por ambas partes.<\/p><hr data-start=\"2458\" data-end=\"2461\"><h2 data-start=\"2463\" data-end=\"2476\">Trayectoria<\/h2><p data-start=\"2478\" data-end=\"2623\">Con experiencia en <strong data-start=\"2501\" data-end=\"2544\">entornos OEM y marcas de posventa<\/strong>, comprendo tanto el lado t\u00e9cnico como el comercial del sector del ciclismo.<\/p><p data-start=\"2625\" data-end=\"2805\">Esto me permite conectar a los socios adecuados, comunicarme eficazmente a distintos niveles y construir <strong data-start=\"2726\" data-end=\"2751\">relaciones duraderas<\/strong> que traduzcan el valor del producto en \u00e9xito comercial.<\/p><hr data-start=\"2807\" data-end=\"2810\"><h2 data-start=\"2812\" data-end=\"2825\">Hablemos<\/h2><p data-start=\"2827\" data-end=\"2862\">Si busca apoyo en:<\/p><ul><li data-start=\"2865\" data-end=\"2882\">Desarrollo OEM<\/li><li data-start=\"2865\" data-end=\"2882\">Entrada en el mercado<\/li><li data-start=\"2865\" data-end=\"2882\">Representaci\u00f3n comercial<\/li><li data-start=\"2865\" data-end=\"2882\">Alianzas estrat\u00e9gicas<\/li><\/ul><p data-start=\"2953\" data-end=\"3012\">No dude en <strong><a href=\"mailto:dennis@bikefirst.nl\">ponerse en contacto<\/a><\/strong> para explorar si encajamos.<\/p><p data-start=\"2953\" data-end=\"3012\"> <\/p>\t\t\t\t\t\t\t\t<\/div>\n\t\t\t\t<\/div>\n\t\t\t\t\t<\/div>\n\t\t<\/div>\n\t\t\t\t\t<\/div>\n\t\t<\/section>\n\t\t\t\t<\/div>\n\t\t","protected":false},"excerpt":{"rendered":"<p>Trabajo con marcas del sector del ciclismo para construir un crecimiento sostenible, tanto a trav\u00e9s de colaboraciones OEM como de mercados de posventa. Mi funci\u00f3n se sit\u00faa en la intersecci\u00f3n de estrategia, ventas y ejecuci\u00f3n. Ayudo a las marcas a entrar en nuevos mercados, desarrollar alianzas a largo plazo y convertir productos s\u00f3lidos en negocios comercialmente exitosos. Una parte clave de mi trabajo es la construcci\u00f3n de relaciones. Creo firmemente que el \u00e9xito a largo [&hellip;]<\/p>\n","protected":false},"author":1,"featured_media":12777,"parent":0,"menu_order":0,"comment_status":"closed","ping_status":"closed","template":"","meta":{"inspiro_page_layout":"narrow","inspiro_hide_title":false,"footnotes":"","_links_to":"","_links_to_target":""},"class_list":["post-12775","page","type-page","status-publish","has-post-thumbnail","hentry"],"featured_media_urls":{"thumbnail":["https:\/\/bikefirst.nl\/wp-content\/uploads\/2026\/01\/IMG_0208-1-150x150.jpg",150,150,true],"medium":["https:\/\/bikefirst.nl\/wp-content\/uploads\/2026\/01\/IMG_0208-1-300x97.jpg",300,97,true],"medium_large":["https:\/\/bikefirst.nl\/wp-content\/uploads\/2026\/01\/IMG_0208-1-768x247.jpg",768,247,true],"large":["https:\/\/bikefirst.nl\/wp-content\/uploads\/2026\/01\/IMG_0208-1-1024x329.jpg",930,299,true],"1536x1536":["https:\/\/bikefirst.nl\/wp-content\/uploads\/2026\/01\/IMG_0208-1.jpg",1290,415,false],"2048x2048":["https:\/\/bikefirst.nl\/wp-content\/uploads\/2026\/01\/IMG_0208-1.jpg",1290,415,false],"featured":["https:\/\/bikefirst.nl\/wp-content\/uploads\/2026\/01\/IMG_0208-1.jpg",1290,415,false],"featured@2x":["https:\/\/bikefirst.nl\/wp-content\/uploads\/2026\/01\/IMG_0208-1.jpg",1290,415,false],"featured-small":["https:\/\/bikefirst.nl\/wp-content\/uploads\/2026\/01\/IMG_0208-1-1000x322.jpg",1000,322,true],"recent-thumbnail":["https:\/\/bikefirst.nl\/wp-content\/uploads\/2026\/01\/IMG_0208-1-345x192.jpg",345,192,true],"recent-thumbnail-retina":["https:\/\/bikefirst.nl\/wp-content\/uploads\/2026\/01\/IMG_0208-1-690x384.jpg",690,384,true],"woo-featured":["https:\/\/bikefirst.nl\/wp-content\/uploads\/2026\/01\/IMG_0208-1-280x280.jpg",280,280,true],"entry-cover":["https:\/\/bikefirst.nl\/wp-content\/uploads\/2026\/01\/IMG_0208-1.jpg",1290,415,false],"entry-cover@2x":["https:\/\/bikefirst.nl\/wp-content\/uploads\/2026\/01\/IMG_0208-1.jpg",1290,415,false],"loop":["https:\/\/bikefirst.nl\/wp-content\/uploads\/2026\/01\/IMG_0208-1-950x320.jpg",950,320,true],"loop@2x":["https:\/\/bikefirst.nl\/wp-content\/uploads\/2026\/01\/IMG_0208-1.jpg",1290,415,false],"portfolio-scroller-widget":["https:\/\/bikefirst.nl\/wp-content\/uploads\/2026\/01\/IMG_0208-1.jpg",1290,415,false],"portfolio_item-thumbnail":["https:\/\/bikefirst.nl\/wp-content\/uploads\/2026\/01\/IMG_0208-1.jpg",600,193,false],"portfolio_item-thumbnail@2x":["https:\/\/bikefirst.nl\/wp-content\/uploads\/2026\/01\/IMG_0208-1.jpg",1200,386,false],"portfolio_item-masonry":["https:\/\/bikefirst.nl\/wp-content\/uploads\/2026\/01\/IMG_0208-1.jpg",600,193,false],"portfolio_item-thumbnail_wide":["https:\/\/bikefirst.nl\/wp-content\/uploads\/2026\/01\/IMG_0208-1.jpg",1290,415,false],"portfolio_item-thumbnail_wide_cinema":["https:\/\/bikefirst.nl\/wp-content\/uploads\/2026\/01\/IMG_0208-1.jpg",1290,415,false],"portfolio_item-thumbnail_cinema":["https:\/\/bikefirst.nl\/wp-content\/uploads\/2026\/01\/IMG_0208-1.jpg",800,257,false],"portfolio_item-thumbnail_portrait":["https:\/\/bikefirst.nl\/wp-content\/uploads\/2026\/01\/IMG_0208-1.jpg",600,193,false],"portfolio_item-thumbnail_square":["https:\/\/bikefirst.nl\/wp-content\/uploads\/2026\/01\/IMG_0208-1.jpg",800,257,false],"portfolio_item-masonry@2x":["https:\/\/bikefirst.nl\/wp-content\/uploads\/2026\/01\/IMG_0208-1.jpg",1200,386,false],"portfolio_item-thumbnail_portrait@2x":["https:\/\/bikefirst.nl\/wp-content\/uploads\/2026\/01\/IMG_0208-1.jpg",1200,386,false]},"_links":{"self":[{"href":"https:\/\/bikefirst.nl\/es\/wp-json\/wp\/v2\/pages\/12775","targetHints":{"allow":["GET"]}}],"collection":[{"href":"https:\/\/bikefirst.nl\/es\/wp-json\/wp\/v2\/pages"}],"about":[{"href":"https:\/\/bikefirst.nl\/es\/wp-json\/wp\/v2\/types\/page"}],"author":[{"embeddable":true,"href":"https:\/\/bikefirst.nl\/es\/wp-json\/wp\/v2\/users\/1"}],"replies":[{"embeddable":true,"href":"https:\/\/bikefirst.nl\/es\/wp-json\/wp\/v2\/comments?post=12775"}],"version-history":[{"count":1,"href":"https:\/\/bikefirst.nl\/es\/wp-json\/wp\/v2\/pages\/12775\/revisions"}],"predecessor-version":[{"id":12778,"href":"https:\/\/bikefirst.nl\/es\/wp-json\/wp\/v2\/pages\/12775\/revisions\/12778"}],"wp:featuredmedia":[{"embeddable":true,"href":"https:\/\/bikefirst.nl\/es\/wp-json\/wp\/v2\/media\/12777"}],"wp:attachment":[{"href":"https:\/\/bikefirst.nl\/es\/wp-json\/wp\/v2\/media?parent=12775"}],"curies":[{"name":"wp","href":"https:\/\/api.w.org\/{rel}","templated":true}]}}