{"id":12768,"date":"2026-01-24T09:14:04","date_gmt":"2026-01-24T09:14:04","guid":{"rendered":"https:\/\/bikefirst.nl\/servicios-oem\/"},"modified":"2026-04-02T07:25:15","modified_gmt":"2026-04-02T07:25:15","slug":"servicios-oem","status":"publish","type":"page","link":"https:\/\/bikefirst.nl\/es\/servicios-oem\/","title":{"rendered":"Servicios OEM"},"content":{"rendered":"\t\t<div data-elementor-type=\"wp-page\" data-elementor-id=\"12768\" class=\"elementor elementor-12768 elementor-12065\" data-elementor-post-type=\"page\">\n\t\t\t\t\t\t<section class=\"elementor-section elementor-top-section elementor-element elementor-element-0ed3825 elementor-section-boxed elementor-section-height-default elementor-section-height-default\" data-id=\"0ed3825\" data-element_type=\"section\" data-e-type=\"section\">\n\t\t\t\t\t\t<div class=\"elementor-container elementor-column-gap-default\">\n\t\t\t\t\t<div class=\"elementor-column elementor-col-100 elementor-top-column elementor-element elementor-element-0fe30fc\" data-id=\"0fe30fc\" data-element_type=\"column\" data-e-type=\"column\">\n\t\t\t<div class=\"elementor-widget-wrap elementor-element-populated\">\n\t\t\t\t\t\t<div class=\"elementor-element elementor-element-851b783 elementor-widget elementor-widget-text-editor\" data-id=\"851b783\" data-element_type=\"widget\" data-e-type=\"widget\" data-widget_type=\"text-editor.default\">\n\t\t\t\t<div class=\"elementor-widget-container\">\n\t\t\t\t\t\t\t\t\t<p><em>\u00abComprender c\u00f3mo se fabrican los productos \u2014 no solo c\u00f3mo se venden\u00bb<\/em><\/p>\t\t\t\t\t\t\t\t<\/div>\n\t\t\t\t<\/div>\n\t\t\t\t<div class=\"elementor-element elementor-element-3643fdc elementor-widget elementor-widget-text-editor\" data-id=\"3643fdc\" data-element_type=\"widget\" data-e-type=\"widget\" data-widget_type=\"text-editor.default\">\n\t\t\t\t<div class=\"elementor-widget-container\">\n\t\t\t\t\t\t\t\t\t<h3 data-start=\"331\" data-end=\"383\">Representaci\u00f3n estrat\u00e9gica OEM y desarrollo de marca<\/h3><p data-start=\"385\" data-end=\"645\">Apoyo a las marcas OEM a traducir la excelencia en ingenier\u00eda y la visi\u00f3n de producto en un \u00e9xito comercial sostenible.<br data-start=\"499\" data-end=\"502\">Mi funci\u00f3n se sit\u00faa en la intersecci\u00f3n entre <strong data-start=\"538\" data-end=\"589\">fabricante, mercado y valor de marca a largo plazo<\/strong> \u2014 siempre con un enfoque en la estructura, la claridad y la confianza.<\/p><p data-start=\"647\" data-end=\"750\">El OEM no va de ventas r\u00e1pidas. Va de alineaci\u00f3n: entre producto, posicionamiento, socios y personas. <\/p><hr data-start=\"752\" data-end=\"755\"><h3 data-start=\"757\" data-end=\"785\">Qu\u00e9 hago por las marcas OEM<\/h3><p data-start=\"787\" data-end=\"932\">Trabajo estrechamente con fabricantes OEM para construir y gestionar su presencia en el mercado de una forma que respete tanto el producto como el ADN de la marca.<\/p><p data-start=\"934\" data-end=\"964\">Mi apoyo suele incluir:<\/p><ul><li data-start=\"968\" data-end=\"1093\"><strong data-start=\"968\" data-end=\"1000\">Entrada y expansi\u00f3n en el mercado OEM<\/strong><br data-start=\"1000\" data-end=\"1003\">Estructurar una estrategia clara de salida al mercado para Europa y mercados internacionales seleccionados.<\/li><li data-start=\"968\" data-end=\"1093\"><strong data-start=\"1097\" data-end=\"1131\">Configuraci\u00f3n de ventas y distribuci\u00f3n OEM<\/strong><br data-start=\"1131\" data-end=\"1134\">Identificar y alinear a los distribuidores, socios y cuentas adecuados \u2014 calidad por encima de cantidad.<\/li><li data-start=\"968\" data-end=\"1093\"><strong data-start=\"1236\" data-end=\"1281\">Posicionamiento de marca en entornos OEM<\/strong><br data-start=\"1281\" data-end=\"1284\">Ayudar a las marcas a definir con claridad c\u00f3mo deben posicionarse dentro de proyectos OEM, sin diluir su identidad.<\/li><li data-start=\"968\" data-end=\"1093\"><strong data-start=\"1403\" data-end=\"1444\">Puente entre ingenier\u00eda y mercado<\/strong><br data-start=\"1444\" data-end=\"1447\">Traducir la innovaci\u00f3n t\u00e9cnica en valor relevante para el mercado, a la vez que se trasladan a la f\u00e1brica aprendizajes del mundo real.<\/li><li data-start=\"968\" data-end=\"1093\"><strong data-start=\"1568\" data-end=\"1615\">Gesti\u00f3n de cuentas y relaciones a largo plazo<\/strong><br data-start=\"1615\" data-end=\"1618\">El \u00e9xito OEM se construye sobre la confianza y la continuidad \u2014 no sobre logros a corto plazo.<\/li><\/ul><p data-start=\"1689\" data-end=\"1774\">En cada proyecto, la discreci\u00f3n, la transparencia y la alineaci\u00f3n son principios clave.<\/p><hr data-start=\"1776\" data-end=\"1779\"><h3 data-start=\"1781\" data-end=\"1825\">Experiencia y colaboraciones OEM seleccionadas<\/h3><p data-start=\"1827\" data-end=\"1985\">A lo largo de los a\u00f1os, he trabajado con fabricantes orientados a OEM que van desde marcas alemanas de ingenier\u00eda de precisi\u00f3n hasta empresas del sur de Europa impulsadas por la innovaci\u00f3n.<\/p><p data-start=\"1987\" data-end=\"2020\">La experiencia OEM seleccionada incluye:<\/p><ul><li data-start=\"2023\" data-end=\"2055\"><strong data-start=\"2023\" data-end=\"2043\">BEAST Components<\/strong> \u2014 Alemania<\/li><li data-start=\"2023\" data-end=\"2055\"><strong data-start=\"2058\" data-end=\"2080\">Sislent Components<\/strong> \u2014 Espa\u00f1a<\/li><\/ul><p data-start=\"2092\" data-end=\"2219\">Estas colaboraciones han incluido posicionamiento OEM, desarrollo de mercado, alineaci\u00f3n de socios y construcci\u00f3n de relaciones a largo plazo.<\/p><p data-start=\"2221\" data-end=\"2329\">Cada marca y cada proyecto son diferentes, pero el enfoque sigue siendo el mismo: estructurado, honesto y sostenible.<\/p><hr data-start=\"2331\" data-end=\"2334\"><h3 data-start=\"2336\" data-end=\"2350\">C\u00f3mo trabajo<\/h3><p data-start=\"2352\" data-end=\"2434\">Trabajo como <strong data-start=\"2368\" data-end=\"2402\">representante OEM independiente<\/strong>, no como un agente comercial tradicional.<\/p><p data-start=\"2436\" data-end=\"2447\">Eso significa:<\/p><ul><li data-start=\"2450\" data-end=\"2494\">Pensamiento a largo plazo por encima de transacciones r\u00e1pidas<\/li><li data-start=\"2450\" data-end=\"2494\">Gesti\u00f3n confidencial de la informaci\u00f3n y la estrategia<\/li><li data-start=\"2450\" data-end=\"2494\">Colaboraciones selectivas basadas en el encaje mutuo<\/li><li data-start=\"2450\" data-end=\"2494\">Fuerte enfoque en las personas y las relaciones<\/li><\/ul><p data-start=\"2642\" data-end=\"2734\">Creo que las colaboraciones OEM s\u00f3lidas se construyen mediante la constancia, la confianza y una ambici\u00f3n compartida.<\/p><hr data-start=\"2736\" data-end=\"2739\"><h3 data-start=\"2741\" data-end=\"2758\">Conectemos<\/h3><p data-start=\"2760\" data-end=\"2795\">Si usted es una marca OEM que busca:<\/p><ul><li data-start=\"2798\" data-end=\"2817\">Entrar en nuevos mercados<\/li><li data-start=\"2798\" data-end=\"2817\">Reforzar su posicionamiento OEM<\/li><li data-start=\"2798\" data-end=\"2817\">Construir un enfoque de ventas m\u00e1s estructurado y sostenible<\/li><\/ul><p data-start=\"2914\" data-end=\"2962\">Siempre estoy abierto a una <strong><a href=\"http:\/\/www.linkedin.com\/in\/dennis-jansen-5169b316b\">conversaci\u00f3n exploratoria<\/a><\/strong>.<\/p><p data-start=\"2914\" data-end=\"2962\"> <\/p>\t\t\t\t\t\t\t\t<\/div>\n\t\t\t\t<\/div>\n\t\t\t\t\t<\/div>\n\t\t<\/div>\n\t\t\t\t\t<\/div>\n\t\t<\/section>\n\t\t\t\t<\/div>\n\t\t","protected":false},"excerpt":{"rendered":"<p>\u00abComprender c\u00f3mo se fabrican los productos \u2014 no solo c\u00f3mo se venden\u00bb Representaci\u00f3n estrat\u00e9gica OEM y desarrollo de marca Apoyo a las marcas OEM a traducir la excelencia en ingenier\u00eda y la visi\u00f3n de producto en un \u00e9xito comercial sostenible.Mi funci\u00f3n se sit\u00faa en la intersecci\u00f3n entre fabricante, mercado y valor de marca a largo plazo \u2014 siempre con un enfoque en la estructura, la claridad y la confianza. El OEM no va de ventas [&hellip;]<\/p>\n","protected":false},"author":1,"featured_media":12769,"parent":0,"menu_order":0,"comment_status":"closed","ping_status":"closed","template":"","meta":{"inspiro_page_layout":"narrow","inspiro_hide_title":false,"footnotes":"","_links_to":"","_links_to_target":""},"class_list":["post-12768","page","type-page","status-publish","has-post-thumbnail","hentry"],"featured_media_urls":{"thumbnail":["https:\/\/bikefirst.nl\/wp-content\/uploads\/2026\/01\/IMG_3910-1-150x150.png",150,150,true],"medium":["https:\/\/bikefirst.nl\/wp-content\/uploads\/2026\/01\/IMG_3910-1-300x182.png",300,182,true],"medium_large":["https:\/\/bikefirst.nl\/wp-content\/uploads\/2026\/01\/IMG_3910-1-768x465.png",768,465,true],"large":["https:\/\/bikefirst.nl\/wp-content\/uploads\/2026\/01\/IMG_3910-1-1024x620.png",930,563,true],"1536x1536":["https:\/\/bikefirst.nl\/wp-content\/uploads\/2026\/01\/IMG_3910-1-1536x931.png",1536,931,true],"2048x2048":["https:\/\/bikefirst.nl\/wp-content\/uploads\/2026\/01\/IMG_3910-1-2048x1241.png",2048,1241,true],"featured":["https:\/\/bikefirst.nl\/wp-content\/uploads\/2026\/01\/IMG_3910-1-2000x1212.png",2000,1212,true],"featured@2x":["https:\/\/bikefirst.nl\/wp-content\/uploads\/2026\/01\/IMG_3910-1-3000x1817.png",3000,1817,true],"featured-small":["https:\/\/bikefirst.nl\/wp-content\/uploads\/2026\/01\/IMG_3910-1-1000x606.png",1000,606,true],"recent-thumbnail":["https:\/\/bikefirst.nl\/wp-content\/uploads\/2026\/01\/IMG_3910-1-345x192.png",345,192,true],"recent-thumbnail-retina":["https:\/\/bikefirst.nl\/wp-content\/uploads\/2026\/01\/IMG_3910-1-690x384.png",690,384,true],"woo-featured":["https:\/\/bikefirst.nl\/wp-content\/uploads\/2026\/01\/IMG_3910-1-280x280.png",280,280,true],"entry-cover":["https:\/\/bikefirst.nl\/wp-content\/uploads\/2026\/01\/IMG_3910-1-1800x1090.png",1800,1090,true],"entry-cover@2x":["https:\/\/bikefirst.nl\/wp-content\/uploads\/2026\/01\/IMG_3910-1-scaled.png",2560,1551,false],"loop":["https:\/\/bikefirst.nl\/wp-content\/uploads\/2026\/01\/IMG_3910-1-950x320.png",950,320,true],"loop@2x":["https:\/\/bikefirst.nl\/wp-content\/uploads\/2026\/01\/IMG_3910-1-1900x640.png",1900,640,true],"portfolio-scroller-widget":["https:\/\/bikefirst.nl\/wp-content\/uploads\/2026\/01\/IMG_3910-1-924x560.png",924,560,true],"portfolio_item-thumbnail":["https:\/\/bikefirst.nl\/wp-content\/uploads\/2026\/01\/IMG_3910-1-scaled.png",600,364,false],"portfolio_item-thumbnail@2x":["https:\/\/bikefirst.nl\/wp-content\/uploads\/2026\/01\/IMG_3910-1-scaled.png",1200,727,false],"portfolio_item-masonry":["https:\/\/bikefirst.nl\/wp-content\/uploads\/2026\/01\/IMG_3910-1-scaled.png",600,364,false],"portfolio_item-thumbnail_wide":["https:\/\/bikefirst.nl\/wp-content\/uploads\/2026\/01\/IMG_3910-1-1800x600.png",1800,600,true],"portfolio_item-thumbnail_wide_cinema":["https:\/\/bikefirst.nl\/wp-content\/uploads\/2026\/01\/IMG_3910-1-1800x750.png",1800,750,true],"portfolio_item-thumbnail_cinema":["https:\/\/bikefirst.nl\/wp-content\/uploads\/2026\/01\/IMG_3910-1-scaled.png",553,335,false],"portfolio_item-thumbnail_portrait":["https:\/\/bikefirst.nl\/wp-content\/uploads\/2026\/01\/IMG_3910-1-scaled.png",600,364,false],"portfolio_item-thumbnail_square":["https:\/\/bikefirst.nl\/wp-content\/uploads\/2026\/01\/IMG_3910-1-scaled.png",800,485,false],"portfolio_item-masonry@2x":["https:\/\/bikefirst.nl\/wp-content\/uploads\/2026\/01\/IMG_3910-1-scaled.png",1200,727,false],"portfolio_item-thumbnail_portrait@2x":["https:\/\/bikefirst.nl\/wp-content\/uploads\/2026\/01\/IMG_3910-1-scaled.png",1200,727,false]},"_links":{"self":[{"href":"https:\/\/bikefirst.nl\/es\/wp-json\/wp\/v2\/pages\/12768","targetHints":{"allow":["GET"]}}],"collection":[{"href":"https:\/\/bikefirst.nl\/es\/wp-json\/wp\/v2\/pages"}],"about":[{"href":"https:\/\/bikefirst.nl\/es\/wp-json\/wp\/v2\/types\/page"}],"author":[{"embeddable":true,"href":"https:\/\/bikefirst.nl\/es\/wp-json\/wp\/v2\/users\/1"}],"replies":[{"embeddable":true,"href":"https:\/\/bikefirst.nl\/es\/wp-json\/wp\/v2\/comments?post=12768"}],"version-history":[{"count":1,"href":"https:\/\/bikefirst.nl\/es\/wp-json\/wp\/v2\/pages\/12768\/revisions"}],"predecessor-version":[{"id":12770,"href":"https:\/\/bikefirst.nl\/es\/wp-json\/wp\/v2\/pages\/12768\/revisions\/12770"}],"wp:featuredmedia":[{"embeddable":true,"href":"https:\/\/bikefirst.nl\/es\/wp-json\/wp\/v2\/media\/12769"}],"wp:attachment":[{"href":"https:\/\/bikefirst.nl\/es\/wp-json\/wp\/v2\/media?parent=12768"}],"curies":[{"name":"wp","href":"https:\/\/api.w.org\/{rel}","templated":true}]}}