{"id":12749,"date":"2025-05-19T12:06:47","date_gmt":"2025-05-19T12:06:47","guid":{"rendered":"https:\/\/bikefirst.nl\/time-bicycles\/"},"modified":"2026-04-02T07:24:06","modified_gmt":"2026-04-02T07:24:06","slug":"time-bicycles","status":"publish","type":"page","link":"https:\/\/bikefirst.nl\/es\/time-bicycles\/","title":{"rendered":"TIME Bicycles"},"content":{"rendered":"\t\t<div data-elementor-type=\"wp-page\" data-elementor-id=\"12749\" class=\"elementor elementor-12749 elementor-11655\" data-elementor-post-type=\"page\">\n\t\t\t\t\t\t<section class=\"elementor-section elementor-top-section elementor-element elementor-element-3f233c1 elementor-section-boxed elementor-section-height-default elementor-section-height-default\" data-id=\"3f233c1\" data-element_type=\"section\" data-e-type=\"section\">\n\t\t\t\t\t\t<div class=\"elementor-container elementor-column-gap-default\">\n\t\t\t\t\t<div class=\"elementor-column elementor-col-100 elementor-top-column elementor-element elementor-element-059e187\" data-id=\"059e187\" data-element_type=\"column\" data-e-type=\"column\">\n\t\t\t<div class=\"elementor-widget-wrap elementor-element-populated\">\n\t\t\t\t\t\t<div class=\"elementor-element elementor-element-0132f17 elementor-widget elementor-widget-text-editor\" data-id=\"0132f17\" data-element_type=\"widget\" data-e-type=\"widget\" data-widget_type=\"text-editor.default\">\n\t\t\t\t<div class=\"elementor-widget-container\">\n\t\t\t\t\t\t\t\t\t<h3 data-start=\"253\" data-end=\"306\">Artesan\u00eda avanzada de cuadros con un rico legado<\/h3><p data-start=\"308\" data-end=\"562\">TIME Bicycles es una marca de bicicletas premium con profundas ra\u00edces en el ciclismo europeo. Fundada en 1987, TIME ha construido una reputaci\u00f3n en torno a la <strong data-start=\"438\" data-end=\"507\">tecnolog\u00eda de cuadros, la experiencia en materiales y la precisi\u00f3n de fabricaci\u00f3n<\/strong>, con un fuerte enfoque en la calidad de conducci\u00f3n y el rendimiento. <\/p><p data-start=\"564\" data-end=\"847\">Actualmente, los cuadros TIME se fabrican en Eslovaquia &#8211; Europa, utilizando procesos propios que permiten un control preciso sobre la disposici\u00f3n del carbono y las caracter\u00edsticas del cuadro. Esta combinaci\u00f3n de legado y producci\u00f3n moderna hace de TIME una opci\u00f3n distintiva dentro del segmento de alta gama de carretera y rendimiento. <\/p><hr data-start=\"849\" data-end=\"852\"><h3 data-start=\"854\" data-end=\"875\">Posicionamiento de marca<\/h3><p data-start=\"877\" data-end=\"1040\">TIME se posiciona firmemente en la <strong data-start=\"910\" data-end=\"952\">categor\u00eda premium de cuadros y rendimiento<\/strong>, con un fuerte \u00e9nfasis en la artesan\u00eda, la durabilidad y las caracter\u00edsticas refinadas de conducci\u00f3n.<\/p><p data-start=\"1042\" data-end=\"1076\">Los elementos clave de la marca incluyen:<\/p><ul><li data-start=\"1079\" data-end=\"1116\">Fabricaci\u00f3n interna de cuadros de carbono<\/li><li data-start=\"1079\" data-end=\"1116\">T\u00e9cnicas de producci\u00f3n propias<\/li><li data-start=\"1079\" data-end=\"1116\">Enfoque en rigidez, comodidad y rendimiento a largo plazo<\/li><li data-start=\"1079\" data-end=\"1116\">Dise\u00f1o atemporal con base t\u00e9cnica<\/li><\/ul><p data-start=\"1263\" data-end=\"1386\">En lugar de perseguir tendencias a corto plazo, TIME contin\u00faa desarrollando cuadros con una filosof\u00eda de ingenier\u00eda clara y deliberada.<\/p><hr data-start=\"1388\" data-end=\"1391\"><h3 data-start=\"1393\" data-end=\"1412\">Para qui\u00e9n es TIME<\/h3><p data-start=\"1414\" data-end=\"1451\">TIME es particularmente adecuado para:<\/p><ul><li data-start=\"1454\" data-end=\"1514\">Distribuidores premium con enfoque en cuadros y montajes personalizados<\/li><li data-start=\"1454\" data-end=\"1514\">Distribuidores que atienden a ciclistas experimentados y exigentes<\/li><li data-start=\"1454\" data-end=\"1514\">Tiendas que valoran la profundidad del producto, la experiencia en ajuste y las relaciones a largo plazo con los clientes<\/li><li data-start=\"1454\" data-end=\"1514\">Ciclistas que buscan un cuadro de alta gama con car\u00e1cter y rendimiento probado<\/li><\/ul><p data-start=\"1738\" data-end=\"1846\">TIME funciona mejor en entornos donde se aprecian la calidad, la artesan\u00eda y la narrativa t\u00e9cnica.<\/p><hr data-start=\"1848\" data-end=\"1851\"><h3 data-start=\"1853\" data-end=\"1882\">BikeFirst &amp; TIME Bicycles<\/h3><p data-start=\"1884\" data-end=\"2000\">BikeFirst representa a TIME Bicycles en el mercado de posventa con un enfoque en el crecimiento sostenible y las asociaciones a largo plazo.<\/p><p data-start=\"2002\" data-end=\"2019\">Mi funci\u00f3n incluye:<\/p><ul><li data-start=\"2022\" data-end=\"2056\">Desarrollo de mercado y territorio<\/li><li data-start=\"2022\" data-end=\"2056\">Soporte a distribuidores<\/li><li data-start=\"2022\" data-end=\"2056\">Coordinaci\u00f3n de ventas y gesti\u00f3n de cuentas<\/li><li data-start=\"2022\" data-end=\"2056\">Posicionamiento estrat\u00e9gico dentro del segmento premium de cuadros<\/li><li data-start=\"2022\" data-end=\"2056\">Retroalimentaci\u00f3n y alineaci\u00f3n entre marca y mercado<\/li><\/ul><p data-start=\"2252\" data-end=\"2408\">Trabajo estrechamente con los socios para garantizar que TIME est\u00e9 representado de manera coherente, respaldado adecuadamente y posicionado en l\u00ednea con sus valores y fortalezas t\u00e9cnicas.<\/p><hr data-start=\"2410\" data-end=\"2413\"><h3 data-start=\"2415\" data-end=\"2436\">Trabajar con TIME<\/h3><p data-start=\"2438\" data-end=\"2551\">Las asociaciones con TIME se construyen de forma selectiva, con un fuerte enfoque en la calidad, el compromiso y la colaboraci\u00f3n a largo plazo.<\/p><p data-start=\"2553\" data-end=\"2684\">Si es usted un distribuidor o minorista interesado en trabajar con TIME Bicycles, estar\u00e9 encantado de analizar si existe una buena compatibilidad.<\/p><p data-start=\"2686\" data-end=\"2718\"><a href=\"https:\/\/bikefirst.nl\/es\/contacto\/\"><strong data-start=\"2686\" data-end=\"2718\">[Analizar una asociaci\u00f3n con TIME]<\/strong><\/a><\/p><p data-start=\"2686\" data-end=\"2718\"> <\/p>\t\t\t\t\t\t\t\t<\/div>\n\t\t\t\t<\/div>\n\t\t\t\t<div class=\"elementor-element elementor-element-031beff elementor-widget elementor-widget-spacer\" data-id=\"031beff\" data-element_type=\"widget\" data-e-type=\"widget\" data-widget_type=\"spacer.default\">\n\t\t\t\t<div class=\"elementor-widget-container\">\n\t\t\t\t\t\t\t<div class=\"elementor-spacer\">\n\t\t\t<div class=\"elementor-spacer-inner\"><\/div>\n\t\t<\/div>\n\t\t\t\t\t\t<\/div>\n\t\t\t\t<\/div>\n\t\t\t\t\t<\/div>\n\t\t<\/div>\n\t\t\t\t\t<\/div>\n\t\t<\/section>\n\t\t\t\t<\/div>\n\t\t","protected":false},"excerpt":{"rendered":"<p>Artesan\u00eda avanzada de cuadros con un rico legado TIME Bicycles es una marca de bicicletas premium con profundas ra\u00edces en el ciclismo europeo. Fundada en 1987, TIME ha construido una reputaci\u00f3n en torno a la tecnolog\u00eda de cuadros, la experiencia en materiales y la precisi\u00f3n de fabricaci\u00f3n, con un fuerte enfoque en la calidad de conducci\u00f3n y el rendimiento. Actualmente, los cuadros TIME se fabrican en Eslovaquia &#8211; Europa, utilizando procesos propios que permiten un [&hellip;]<\/p>\n","protected":false},"author":1,"featured_media":12750,"parent":0,"menu_order":3,"comment_status":"closed","ping_status":"closed","template":"","meta":{"inspiro_page_layout":"narrow","inspiro_hide_title":false,"footnotes":"","_links_to":"","_links_to_target":""},"class_list":["post-12749","page","type-page","status-publish","has-post-thumbnail","hentry"],"featured_media_urls":{"thumbnail":["https:\/\/bikefirst.nl\/wp-content\/uploads\/2025\/05\/time_bike_with_plane-150x150.webp",150,150,true],"medium":["https:\/\/bikefirst.nl\/wp-content\/uploads\/2025\/05\/time_bike_with_plane-300x200.webp",300,200,true],"medium_large":["https:\/\/bikefirst.nl\/wp-content\/uploads\/2025\/05\/time_bike_with_plane-768x512.webp",768,512,true],"large":["https:\/\/bikefirst.nl\/wp-content\/uploads\/2025\/05\/time_bike_with_plane-1024x683.webp",930,620,true],"1536x1536":["https:\/\/bikefirst.nl\/wp-content\/uploads\/2025\/05\/time_bike_with_plane-1536x1025.webp",1536,1025,true],"2048x2048":["https:\/\/bikefirst.nl\/wp-content\/uploads\/2025\/05\/time_bike_with_plane.webp",2048,1366,false],"featured":["https:\/\/bikefirst.nl\/wp-content\/uploads\/2025\/05\/time_bike_with_plane-2000x1334.webp",2000,1334,true],"featured@2x":["https:\/\/bikefirst.nl\/wp-content\/uploads\/2025\/05\/time_bike_with_plane.webp",2048,1366,false],"featured-small":["https:\/\/bikefirst.nl\/wp-content\/uploads\/2025\/05\/time_bike_with_plane-1000x667.webp",1000,667,true],"recent-thumbnail":["https:\/\/bikefirst.nl\/wp-content\/uploads\/2025\/05\/time_bike_with_plane-345x192.webp",345,192,true],"recent-thumbnail-retina":["https:\/\/bikefirst.nl\/wp-content\/uploads\/2025\/05\/time_bike_with_plane-690x384.webp",690,384,true],"woo-featured":["https:\/\/bikefirst.nl\/wp-content\/uploads\/2025\/05\/time_bike_with_plane-280x280.webp",280,280,true],"entry-cover":["https:\/\/bikefirst.nl\/wp-content\/uploads\/2025\/05\/time_bike_with_plane-1800x1201.webp",1800,1201,true],"entry-cover@2x":["https:\/\/bikefirst.nl\/wp-content\/uploads\/2025\/05\/time_bike_with_plane.webp",2048,1366,false],"loop":["https:\/\/bikefirst.nl\/wp-content\/uploads\/2025\/05\/time_bike_with_plane-950x320.webp",950,320,true],"loop@2x":["https:\/\/bikefirst.nl\/wp-content\/uploads\/2025\/05\/time_bike_with_plane.webp",960,640,false],"portfolio-scroller-widget":["https:\/\/bikefirst.nl\/wp-content\/uploads\/2025\/05\/time_bike_with_plane-840x560.webp",840,560,true],"portfolio_item-thumbnail":["https:\/\/bikefirst.nl\/wp-content\/uploads\/2025\/05\/time_bike_with_plane.webp",600,400,false],"portfolio_item-thumbnail@2x":["https:\/\/bikefirst.nl\/wp-content\/uploads\/2025\/05\/time_bike_with_plane.webp",1200,800,false],"portfolio_item-masonry":["https:\/\/bikefirst.nl\/wp-content\/uploads\/2025\/05\/time_bike_with_plane.webp",600,400,false],"portfolio_item-thumbnail_wide":["https:\/\/bikefirst.nl\/wp-content\/uploads\/2025\/05\/time_bike_with_plane-1800x600.webp",1800,600,true],"portfolio_item-thumbnail_wide_cinema":["https:\/\/bikefirst.nl\/wp-content\/uploads\/2025\/05\/time_bike_with_plane-1800x750.webp",1800,750,true],"portfolio_item-thumbnail_cinema":["https:\/\/bikefirst.nl\/wp-content\/uploads\/2025\/05\/time_bike_with_plane.webp",502,335,false],"portfolio_item-thumbnail_portrait":["https:\/\/bikefirst.nl\/wp-content\/uploads\/2025\/05\/time_bike_with_plane.webp",600,400,false],"portfolio_item-thumbnail_square":["https:\/\/bikefirst.nl\/wp-content\/uploads\/2025\/05\/time_bike_with_plane.webp",800,534,false],"portfolio_item-masonry@2x":["https:\/\/bikefirst.nl\/wp-content\/uploads\/2025\/05\/time_bike_with_plane.webp",1200,800,false],"portfolio_item-thumbnail_portrait@2x":["https:\/\/bikefirst.nl\/wp-content\/uploads\/2025\/05\/time_bike_with_plane.webp",1200,800,false]},"_links":{"self":[{"href":"https:\/\/bikefirst.nl\/es\/wp-json\/wp\/v2\/pages\/12749","targetHints":{"allow":["GET"]}}],"collection":[{"href":"https:\/\/bikefirst.nl\/es\/wp-json\/wp\/v2\/pages"}],"about":[{"href":"https:\/\/bikefirst.nl\/es\/wp-json\/wp\/v2\/types\/page"}],"author":[{"embeddable":true,"href":"https:\/\/bikefirst.nl\/es\/wp-json\/wp\/v2\/users\/1"}],"replies":[{"embeddable":true,"href":"https:\/\/bikefirst.nl\/es\/wp-json\/wp\/v2\/comments?post=12749"}],"version-history":[{"count":1,"href":"https:\/\/bikefirst.nl\/es\/wp-json\/wp\/v2\/pages\/12749\/revisions"}],"predecessor-version":[{"id":12751,"href":"https:\/\/bikefirst.nl\/es\/wp-json\/wp\/v2\/pages\/12749\/revisions\/12751"}],"wp:featuredmedia":[{"embeddable":true,"href":"https:\/\/bikefirst.nl\/es\/wp-json\/wp\/v2\/media\/12750"}],"wp:attachment":[{"href":"https:\/\/bikefirst.nl\/es\/wp-json\/wp\/v2\/media?parent=12749"}],"curies":[{"name":"wp","href":"https:\/\/api.w.org\/{rel}","templated":true}]}}