{"id":12648,"date":"2009-09-08T16:33:06","date_gmt":"2009-09-08T16:33:06","guid":{"rendered":"https:\/\/bikefirst.nl\/trayectoria\/"},"modified":"2026-04-02T07:20:53","modified_gmt":"2026-04-02T07:20:53","slug":"trayectoria","status":"publish","type":"page","link":"https:\/\/bikefirst.nl\/es\/trayectoria\/","title":{"rendered":"Trayectoria"},"content":{"rendered":"\t\t<div data-elementor-type=\"wp-page\" data-elementor-id=\"12648\" class=\"elementor elementor-12648 elementor-4491\" data-elementor-post-type=\"page\">\n\t\t\t\t\t\t<section class=\"elementor-section elementor-top-section elementor-element elementor-element-1de35ecf elementor-section-boxed elementor-section-height-default elementor-section-height-default\" data-id=\"1de35ecf\" data-element_type=\"section\" data-e-type=\"section\">\n\t\t\t\t\t\t<div class=\"elementor-container elementor-column-gap-no\">\n\t\t\t\t\t<div class=\"elementor-column elementor-col-100 elementor-top-column elementor-element elementor-element-42647a8d\" data-id=\"42647a8d\" data-element_type=\"column\" data-e-type=\"column\">\n\t\t\t<div class=\"elementor-widget-wrap elementor-element-populated\">\n\t\t\t\t\t\t<div class=\"elementor-element elementor-element-3d98f00 elementor-widget elementor-widget-text-editor\" data-id=\"3d98f00\" data-element_type=\"widget\" data-e-type=\"widget\" data-widget_type=\"text-editor.default\">\n\t\t\t\t<div class=\"elementor-widget-container\">\n\t\t\t\t\t\t\t\t\t<p><em>\u201cEl ciclismo ha formado parte de mi vida mucho antes de convertirse en mi profesi\u00f3n\u201d.<\/em><\/p>\t\t\t\t\t\t\t\t<\/div>\n\t\t\t\t<\/div>\n\t\t\t\t<section class=\"elementor-section elementor-inner-section elementor-element elementor-element-4d7c54cc elementor-section-full_width elementor-section-height-default elementor-section-height-default\" data-id=\"4d7c54cc\" data-element_type=\"section\" data-e-type=\"section\">\n\t\t\t\t\t\t<div class=\"elementor-container elementor-column-gap-no\">\n\t\t\t\t\t<div class=\"elementor-column elementor-col-100 elementor-inner-column elementor-element elementor-element-4894fba7\" data-id=\"4894fba7\" data-element_type=\"column\" data-e-type=\"column\">\n\t\t\t<div class=\"elementor-widget-wrap elementor-element-populated\">\n\t\t\t\t\t\t<div class=\"elementor-element elementor-element-5a57c140 elementor-widget elementor-widget-text-editor\" data-id=\"5a57c140\" data-element_type=\"widget\" data-e-type=\"widget\" data-widget_type=\"text-editor.default\">\n\t\t\t\t<div class=\"elementor-widget-container\">\n\t\t\t\t\t\t\t\t\t<h3 data-start=\"1795\" data-end=\"1809\">Trayectoria<\/h3><p data-start=\"1811\" data-end=\"1929\">Soy Dennis Jansen, asesor independiente y agente comercial en la industria del ciclismo, y opero bajo el nombre de BikeFirst.<\/p><p data-start=\"1931\" data-end=\"2099\">Con m\u00e1s de una d\u00e9cada de experiencia en <strong data-start=\"1973\" data-end=\"2009\">entornos OEM y de posventa<\/strong>, trabajo con marcas en la integraci\u00f3n de productos, la entrada en el mercado y el crecimiento comercial a largo plazo.<\/p><hr data-start=\"2101\" data-end=\"2104\"><h3 data-start=\"2106\" data-end=\"2129\">Experiencia en el sector<\/h3><p data-start=\"2131\" data-end=\"2405\">Mi carrera comenz\u00f3 en el sector minorista, donde fui propietario y gestion\u00e9 una tienda de bicicletas de alta gama centrada en montajes personalizados y en la interacci\u00f3n directa con el cliente. Esta base me proporcion\u00f3 un profundo conocimiento del rendimiento del producto, las expectativas de servicio y las necesidades del usuario final. <\/p><p data-start=\"2407\" data-end=\"2488\">A partir de ah\u00ed, pas\u00e9 a desempe\u00f1ar funciones de representaci\u00f3n de marcas internacionales y de atenci\u00f3n a fabricantes de equipos originales (OEM).<\/p><p data-start=\"2490\" data-end=\"2715\">Trabaj\u00e9 como gestor de cuentas para <strong data-start=\"2525\" data-end=\"2550\">ROTOR Bike Components<\/strong>, un fabricante espa\u00f1ol de componentes de ciclismo de alta gama, seguido de un puesto en <strong data-start=\"2631\" data-end=\"2648\">TIME Bicycles<\/strong>, donde particip\u00e9 activamente en las ventas internacionales y la gesti\u00f3n de socios.<\/p><p data-start=\"2717\" data-end=\"2895\">En 2022, fund\u00e9 <strong data-start=\"2736\" data-end=\"2749\">BikeFirst<\/strong> y continu\u00e9 apoyando a marcas seleccionadas como socio independiente, centr\u00e1ndome en la representaci\u00f3n comercial, el desarrollo de OEM y las alianzas estrat\u00e9gicas.<\/p><hr data-start=\"2897\" data-end=\"2900\"><h3 data-start=\"2902\" data-end=\"2927\">Alianzas seleccionadas<\/h3><p data-start=\"2929\" data-end=\"3047\">A lo largo de los a\u00f1os, he tenido la oportunidad de trabajar estrechamente con varias marcas respetadas del sector, entre ellas:<\/p><ul><li data-start=\"3051\" data-end=\"3074\">ROTOR Bike Components<\/li><li data-start=\"3051\" data-end=\"3074\">TIME Bicycles<\/li><li data-start=\"3051\" data-end=\"3074\">BEAST Components<\/li><li data-start=\"3051\" data-end=\"3074\">3T Bike<\/li><\/ul><p data-start=\"3127\" data-end=\"3234\">Estas colaboraciones reflejan mi enfoque en <strong data-start=\"3168\" data-end=\"3193\">marcas orientadas a la calidad<\/strong>, la cooperaci\u00f3n a largo plazo y la confianza mutua.<\/p><hr data-start=\"3236\" data-end=\"3239\"><h3 data-start=\"3241\" data-end=\"3253\">Enfoque<\/h3><p data-start=\"3255\" data-end=\"3334\">A lo largo de mi carrera, la creaci\u00f3n de relaciones ha sido fundamental en mi forma de trabajar.<\/p><p data-start=\"3336\" data-end=\"3595\">Creo firmemente que el \u00e9xito sostenible en la industria del ciclismo se basa en la confianza, la transparencia y la alineaci\u00f3n a largo plazo, tanto a nivel comercial como personal. Mi funci\u00f3n suele consistir en conectar a las personas adecuadas, alinear expectativas y crear alianzas duraderas. <\/p><hr data-start=\"3597\" data-end=\"3600\"><h3 data-start=\"3602\" data-end=\"3611\">Actualidad<\/h3><p data-start=\"3613\" data-end=\"3742\">Hoy en d\u00eda, trabajo de forma independiente con un n\u00famero limitado de marcas, actuando como un socio a largo plazo en lugar de un intermediario a corto plazo.<\/p><p data-start=\"3613\" data-end=\"3742\"> <\/p>\t\t\t\t\t\t\t\t<\/div>\n\t\t\t\t<\/div>\n\t\t\t\t\t<\/div>\n\t\t<\/div>\n\t\t\t\t\t<\/div>\n\t\t<\/section>\n\t\t\t\t\t<\/div>\n\t\t<\/div>\n\t\t\t\t\t<\/div>\n\t\t<\/section>\n\t\t\t\t<section class=\"elementor-section elementor-top-section elementor-element elementor-element-3191fe3b elementor-section-full_width elementor-section-height-default elementor-section-height-default\" data-id=\"3191fe3b\" data-element_type=\"section\" data-e-type=\"section\" data-settings=\"{&quot;background_background&quot;:&quot;classic&quot;}\">\n\t\t\t\t\t\t\t<div class=\"elementor-background-overlay\"><\/div>\n\t\t\t\t\t\t\t<div class=\"elementor-container elementor-column-gap-no\">\n\t\t\t\t\t<div class=\"elementor-column elementor-col-100 elementor-top-column elementor-element elementor-element-401c79c4\" data-id=\"401c79c4\" data-element_type=\"column\" data-e-type=\"column\">\n\t\t\t<div class=\"elementor-widget-wrap elementor-element-populated\">\n\t\t\t\t\t\t<section class=\"elementor-section elementor-inner-section elementor-element elementor-element-36d65184 elementor-section-boxed elementor-section-height-default elementor-section-height-default\" data-id=\"36d65184\" data-element_type=\"section\" data-e-type=\"section\">\n\t\t\t\t\t\t<div class=\"elementor-container elementor-column-gap-default\">\n\t\t\t\t\t<div class=\"elementor-column elementor-col-100 elementor-inner-column elementor-element elementor-element-6689fb33\" data-id=\"6689fb33\" data-element_type=\"column\" data-e-type=\"column\">\n\t\t\t<div class=\"elementor-widget-wrap elementor-element-populated\">\n\t\t\t\t\t\t<div class=\"elementor-element elementor-element-28d97988 elementor-widget elementor-widget-heading\" data-id=\"28d97988\" data-element_type=\"widget\" data-e-type=\"widget\" data-widget_type=\"heading.default\">\n\t\t\t\t<div class=\"elementor-widget-container\">\n\t\t\t\t\t<h2 class=\"elementor-heading-title elementor-size-default\">\u00bfPor qu\u00e9 podemos ser socios?<\/h2>\t\t\t\t<\/div>\n\t\t\t\t<\/div>\n\t\t\t\t\t<\/div>\n\t\t<\/div>\n\t\t\t\t\t<\/div>\n\t\t<\/section>\n\t\t\t\t<section class=\"elementor-section elementor-inner-section elementor-element elementor-element-7aabfbbd elementor-section-boxed elementor-section-height-default elementor-section-height-default\" data-id=\"7aabfbbd\" data-element_type=\"section\" data-e-type=\"section\">\n\t\t\t\t\t\t<div class=\"elementor-container elementor-column-gap-default\">\n\t\t\t\t\t<div class=\"elementor-column elementor-col-33 elementor-inner-column elementor-element elementor-element-3cbf40d5\" data-id=\"3cbf40d5\" data-element_type=\"column\" data-e-type=\"column\">\n\t\t\t<div class=\"elementor-widget-wrap elementor-element-populated\">\n\t\t\t\t\t\t<div class=\"elementor-element elementor-element-4d921805 elementor-view-default elementor-position-block-start elementor-mobile-position-block-start elementor-widget elementor-widget-icon-box\" data-id=\"4d921805\" data-element_type=\"widget\" data-e-type=\"widget\" data-widget_type=\"icon-box.default\">\n\t\t\t\t<div class=\"elementor-widget-container\">\n\t\t\t\t\t\t\t<div class=\"elementor-icon-box-wrapper\">\n\n\t\t\t\t\t\t<div class=\"elementor-icon-box-icon\">\n\t\t\t\t<span  class=\"elementor-icon\">\n\t\t\t\t<i aria-hidden=\"true\" class=\"far fa-handshake\"><\/i>\t\t\t\t<\/span>\n\t\t\t<\/div>\n\t\t\t\n\t\t\t\t\t\t<div class=\"elementor-icon-box-content\">\n\n\t\t\t\t\t\t\t\t\t<h3 class=\"elementor-icon-box-title\">\n\t\t\t\t\t\t<span  >\n\t\t\t\t\t\t\tTrabajando juntos\t\t\t\t\t\t<\/span>\n\t\t\t\t\t<\/h3>\n\t\t\t\t\n\t\t\t\t\t\t\t\t\t<p class=\"elementor-icon-box-description\">\n\t\t\t\t\t\tEl \u00e9xito en los negocios se construye mediante el trabajo en equipo. Ah\u00ed es donde me esfuerzo por marcar la diferencia en la industria del ciclismo. \t\t\t\t\t<\/p>\n\t\t\t\t\n\t\t\t<\/div>\n\t\t\t\n\t\t<\/div>\n\t\t\t\t\t\t<\/div>\n\t\t\t\t<\/div>\n\t\t\t\t\t<\/div>\n\t\t<\/div>\n\t\t\t\t<div class=\"elementor-column elementor-col-33 elementor-inner-column elementor-element elementor-element-5b6e4aa4\" data-id=\"5b6e4aa4\" data-element_type=\"column\" data-e-type=\"column\">\n\t\t\t<div class=\"elementor-widget-wrap elementor-element-populated\">\n\t\t\t\t\t\t<div class=\"elementor-element elementor-element-4059e0ad elementor-view-default elementor-position-block-start elementor-mobile-position-block-start elementor-widget elementor-widget-icon-box\" data-id=\"4059e0ad\" data-element_type=\"widget\" data-e-type=\"widget\" data-widget_type=\"icon-box.default\">\n\t\t\t\t<div class=\"elementor-widget-container\">\n\t\t\t\t\t\t\t<div class=\"elementor-icon-box-wrapper\">\n\n\t\t\t\t\t\t<div class=\"elementor-icon-box-icon\">\n\t\t\t\t<span  class=\"elementor-icon\">\n\t\t\t\t<i aria-hidden=\"true\" class=\"fas fa-medal\"><\/i>\t\t\t\t<\/span>\n\t\t\t<\/div>\n\t\t\t\n\t\t\t\t\t\t<div class=\"elementor-icon-box-content\">\n\n\t\t\t\t\t\t\t\t\t<h3 class=\"elementor-icon-box-title\">\n\t\t\t\t\t\t<span  >\n\t\t\t\t\t\t\tM\u00e1s de 12 a\u00f1os de experiencia\t\t\t\t\t\t<\/span>\n\t\t\t\t\t<\/h3>\n\t\t\t\t\n\t\t\t\t\t\t\t\t\t<p class=\"elementor-icon-box-description\">\n\t\t\t\t\t\tDesde 2014, participo activamente en el segmento de alta gama del mercado de la bicicleta, prestando servicios a clientes, minoristas y fabricantes.\t\t\t\t\t<\/p>\n\t\t\t\t\n\t\t\t<\/div>\n\t\t\t\n\t\t<\/div>\n\t\t\t\t\t\t<\/div>\n\t\t\t\t<\/div>\n\t\t\t\t\t<\/div>\n\t\t<\/div>\n\t\t\t\t<div class=\"elementor-column elementor-col-33 elementor-inner-column elementor-element elementor-element-6200b030\" data-id=\"6200b030\" data-element_type=\"column\" data-e-type=\"column\">\n\t\t\t<div class=\"elementor-widget-wrap elementor-element-populated\">\n\t\t\t\t\t\t<div class=\"elementor-element elementor-element-28dbfca6 elementor-view-default elementor-position-block-start elementor-mobile-position-block-start elementor-widget elementor-widget-icon-box\" data-id=\"28dbfca6\" data-element_type=\"widget\" data-e-type=\"widget\" data-widget_type=\"icon-box.default\">\n\t\t\t\t<div class=\"elementor-widget-container\">\n\t\t\t\t\t\t\t<div class=\"elementor-icon-box-wrapper\">\n\n\t\t\t\t\t\t<div class=\"elementor-icon-box-icon\">\n\t\t\t\t<span  class=\"elementor-icon\">\n\t\t\t\t<i aria-hidden=\"true\" class=\"far fa-thumbs-up\"><\/i>\t\t\t\t<\/span>\n\t\t\t<\/div>\n\t\t\t\n\t\t\t\t\t\t<div class=\"elementor-icon-box-content\">\n\n\t\t\t\t\t\t\t\t\t<h3 class=\"elementor-icon-box-title\">\n\t\t\t\t\t\t<span  >\n\t\t\t\t\t\t\tServicio y soporte\t\t\t\t\t\t<\/span>\n\t\t\t\t\t<\/h3>\n\t\t\t\t\n\t\t\t\t\t\t\t\t\t<p class=\"elementor-icon-box-description\">\n\t\t\t\t\t\tUn servicio s\u00f3lido y fiable es crucial para cualquier alianza duradera, y ah\u00ed es exactamente donde intervengo yo.\t\t\t\t\t<\/p>\n\t\t\t\t\n\t\t\t<\/div>\n\t\t\t\n\t\t<\/div>\n\t\t\t\t\t\t<\/div>\n\t\t\t\t<\/div>\n\t\t\t\t\t<\/div>\n\t\t<\/div>\n\t\t\t\t\t<\/div>\n\t\t<\/section>\n\t\t\t\t\t<\/div>\n\t\t<\/div>\n\t\t\t\t\t<\/div>\n\t\t<\/section>\n\t\t\t\t<section class=\"elementor-section elementor-top-section elementor-element elementor-element-433f918c elementor-section-boxed elementor-section-height-default elementor-section-height-default\" data-id=\"433f918c\" data-element_type=\"section\" data-e-type=\"section\" data-settings=\"{&quot;background_background&quot;:&quot;classic&quot;}\">\n\t\t\t\t\t\t<div class=\"elementor-container elementor-column-gap-no\">\n\t\t\t\t\t<div class=\"elementor-column elementor-col-100 elementor-top-column elementor-element elementor-element-13951990\" data-id=\"13951990\" data-element_type=\"column\" data-e-type=\"column\">\n\t\t\t<div class=\"elementor-widget-wrap\">\n\t\t\t\t\t\t\t<\/div>\n\t\t<\/div>\n\t\t\t\t\t<\/div>\n\t\t<\/section>\n\t\t\t\t<\/div>\n\t\t","protected":false},"excerpt":{"rendered":"<p>\u201cEl ciclismo ha formado parte de mi vida mucho antes de convertirse en mi profesi\u00f3n\u201d. Trayectoria Soy Dennis Jansen, asesor independiente y agente comercial en la industria del ciclismo, y opero bajo el nombre de BikeFirst. Con m\u00e1s de una d\u00e9cada de experiencia en entornos OEM y de posventa, trabajo con marcas en la integraci\u00f3n de productos, la entrada en el mercado y el crecimiento comercial a largo plazo. Experiencia en el sector Mi carrera [&hellip;]<\/p>\n","protected":false},"author":1,"featured_media":12652,"parent":0,"menu_order":0,"comment_status":"closed","ping_status":"closed","template":"","meta":{"inspiro_page_layout":"narrow","inspiro_hide_title":false,"footnotes":"","_links_to":"","_links_to_target":""},"class_list":["post-12648","page","type-page","status-publish","has-post-thumbnail","hentry"],"featured_media_urls":{"thumbnail":["https:\/\/bikefirst.nl\/wp-content\/uploads\/2026\/01\/IMG_45362-150x150.jpg",150,150,true],"medium":["https:\/\/bikefirst.nl\/wp-content\/uploads\/2026\/01\/IMG_45362-300x148.jpg",300,148,true],"medium_large":["https:\/\/bikefirst.nl\/wp-content\/uploads\/2026\/01\/IMG_45362-768x378.jpg",768,378,true],"large":["https:\/\/bikefirst.nl\/wp-content\/uploads\/2026\/01\/IMG_45362-1024x504.jpg",930,458,true],"1536x1536":["https:\/\/bikefirst.nl\/wp-content\/uploads\/2026\/01\/IMG_45362.jpg",1290,635,false],"2048x2048":["https:\/\/bikefirst.nl\/wp-content\/uploads\/2026\/01\/IMG_45362.jpg",1290,635,false],"featured":["https:\/\/bikefirst.nl\/wp-content\/uploads\/2026\/01\/IMG_45362.jpg",1290,635,false],"featured@2x":["https:\/\/bikefirst.nl\/wp-content\/uploads\/2026\/01\/IMG_45362.jpg",1290,635,false],"featured-small":["https:\/\/bikefirst.nl\/wp-content\/uploads\/2026\/01\/IMG_45362-1000x492.jpg",1000,492,true],"recent-thumbnail":["https:\/\/bikefirst.nl\/wp-content\/uploads\/2026\/01\/IMG_45362-345x192.jpg",345,192,true],"recent-thumbnail-retina":["https:\/\/bikefirst.nl\/wp-content\/uploads\/2026\/01\/IMG_45362-690x384.jpg",690,384,true],"woo-featured":["https:\/\/bikefirst.nl\/wp-content\/uploads\/2026\/01\/IMG_45362-280x280.jpg",280,280,true],"entry-cover":["https:\/\/bikefirst.nl\/wp-content\/uploads\/2026\/01\/IMG_45362.jpg",1290,635,false],"entry-cover@2x":["https:\/\/bikefirst.nl\/wp-content\/uploads\/2026\/01\/IMG_45362.jpg",1290,635,false],"loop":["https:\/\/bikefirst.nl\/wp-content\/uploads\/2026\/01\/IMG_45362-950x320.jpg",950,320,true],"loop@2x":["https:\/\/bikefirst.nl\/wp-content\/uploads\/2026\/01\/IMG_45362.jpg",1290,635,false],"portfolio-scroller-widget":["https:\/\/bikefirst.nl\/wp-content\/uploads\/2026\/01\/IMG_45362-1138x560.jpg",1138,560,true],"portfolio_item-thumbnail":["https:\/\/bikefirst.nl\/wp-content\/uploads\/2026\/01\/IMG_45362.jpg",600,295,false],"portfolio_item-thumbnail@2x":["https:\/\/bikefirst.nl\/wp-content\/uploads\/2026\/01\/IMG_45362.jpg",1200,591,false],"portfolio_item-masonry":["https:\/\/bikefirst.nl\/wp-content\/uploads\/2026\/01\/IMG_45362.jpg",600,295,false],"portfolio_item-thumbnail_wide":["https:\/\/bikefirst.nl\/wp-content\/uploads\/2026\/01\/IMG_45362-1290x600.jpg",1290,600,true],"portfolio_item-thumbnail_wide_cinema":["https:\/\/bikefirst.nl\/wp-content\/uploads\/2026\/01\/IMG_45362.jpg",1290,635,false],"portfolio_item-thumbnail_cinema":["https:\/\/bikefirst.nl\/wp-content\/uploads\/2026\/01\/IMG_45362.jpg",681,335,false],"portfolio_item-thumbnail_portrait":["https:\/\/bikefirst.nl\/wp-content\/uploads\/2026\/01\/IMG_45362.jpg",600,295,false],"portfolio_item-thumbnail_square":["https:\/\/bikefirst.nl\/wp-content\/uploads\/2026\/01\/IMG_45362.jpg",800,394,false],"portfolio_item-masonry@2x":["https:\/\/bikefirst.nl\/wp-content\/uploads\/2026\/01\/IMG_45362.jpg",1200,591,false],"portfolio_item-thumbnail_portrait@2x":["https:\/\/bikefirst.nl\/wp-content\/uploads\/2026\/01\/IMG_45362.jpg",1200,591,false]},"_links":{"self":[{"href":"https:\/\/bikefirst.nl\/es\/wp-json\/wp\/v2\/pages\/12648","targetHints":{"allow":["GET"]}}],"collection":[{"href":"https:\/\/bikefirst.nl\/es\/wp-json\/wp\/v2\/pages"}],"about":[{"href":"https:\/\/bikefirst.nl\/es\/wp-json\/wp\/v2\/types\/page"}],"author":[{"embeddable":true,"href":"https:\/\/bikefirst.nl\/es\/wp-json\/wp\/v2\/users\/1"}],"replies":[{"embeddable":true,"href":"https:\/\/bikefirst.nl\/es\/wp-json\/wp\/v2\/comments?post=12648"}],"version-history":[{"count":1,"href":"https:\/\/bikefirst.nl\/es\/wp-json\/wp\/v2\/pages\/12648\/revisions"}],"predecessor-version":[{"id":12654,"href":"https:\/\/bikefirst.nl\/es\/wp-json\/wp\/v2\/pages\/12648\/revisions\/12654"}],"wp:featuredmedia":[{"embeddable":true,"href":"https:\/\/bikefirst.nl\/es\/wp-json\/wp\/v2\/media\/12652"}],"wp:attachment":[{"href":"https:\/\/bikefirst.nl\/es\/wp-json\/wp\/v2\/media?parent=12648"}],"curies":[{"name":"wp","href":"https:\/\/api.w.org\/{rel}","templated":true}]}}